

{"id":2,"date":"2018-03-20T09:07:29","date_gmt":"2018-03-20T07:07:29","guid":{"rendered":"https:\/\/www.aac.ac.il\/campus-academique-dashkelon\/?page_id=2"},"modified":"2018-12-30T09:21:47","modified_gmt":"2018-12-30T07:21:47","slug":"sample-page","status":"publish","type":"page","link":"https:\/\/www.aac.ac.il\/campus-academique-dashkelon\/","title":{"rendered":"CAMPUS D\u2019ENSEIGNEMENT ACAD\u00c9MIQUE D\u2019ASHKELON"},"content":{"rendered":"\t\t<div data-elementor-type=\"wp-page\" data-elementor-id=\"2\" class=\"elementor elementor-2 elementor-bc-flex-widget\" data-elementor-settings=\"[]\">\n\t\t\t\t\t\t<div class=\"elementor-inner\">\n\t\t\t\t\t\t\t<div class=\"elementor-section-wrap\">\n\t\t\t\t\t\t\t<section class=\"elementor-section elementor-top-section elementor-element elementor-element-ooimonw elementor-section-boxed elementor-section-height-default elementor-section-height-default\" data-id=\"ooimonw\" data-element_type=\"section\">\n\t\t\t\t\t\t<div class=\"elementor-container elementor-column-gap-default\">\n\t\t\t\t\t\t\t<div class=\"elementor-row\">\n\t\t\t\t\t<div class=\"elementor-column elementor-col-100 elementor-top-column elementor-element elementor-element-njq6vc2\" data-id=\"njq6vc2\" data-element_type=\"column\">\n\t\t\t<div class=\"elementor-column-wrap elementor-element-populated\">\n\t\t\t\t\t\t\t<div class=\"elementor-widget-wrap\">\n\t\t\t\t\t\t<div class=\"elementor-element elementor-element-hxbswgt elementor-widget elementor-widget-text-editor\" data-id=\"hxbswgt\" data-element_type=\"widget\" data-widget_type=\"text-editor.default\">\n\t\t\t\t<div class=\"elementor-widget-container\">\n\t\t\t\t\t\t\t\t<div class=\"elementor-text-editor elementor-clearfix\">\n\t\t\t\t<p><strong>Chers candidats,<\/strong><\/p><p>La direction du Campus d\u2019enseignement acad\u00e9mique d\u2019Ashkelon est heureuse de vous inviter \u00e0 son agr\u00e9able \u00e9tablissement, situ\u00e9 dans la cit\u00e9 \u00e9ducative d\u2019Ashkelon, et vous propose de s\u2019int\u00e9grer aux \u00e9tudes acad\u00e9miques dans son institution.<\/p><p>Le Campus d\u2019enseignement acad\u00e9mique d\u2019Ashkelon propose un vaste programme d&rsquo;\u00e9tudes, dans une atmosph\u00e8re chaleureuse et conviviale, accompagn\u00e9e de diverses activit\u00e9s culturelles et sociales fructueuses. Des milliers de jeunes consid\u00e8rent notre institution comme un \u00e9tablissement d\u2019enseignement acad\u00e9mique, du niveau universitaire et \u00e0 la pointe du progr\u00e8s.<\/p><p>Le Campus acad\u00e9mique d\u2019Ashkelon a \u00e9t\u00e9 reconnu en 1991 en tant qu\u2019\u00e9tablissement d\u2019enseignement acad\u00e9mique r\u00e9gional qualifi\u00e9 de d\u00e9livrer des dipl\u00f4mes de l&rsquo;universit\u00e9 de Bar Ilan, puis reconnu en l\u2019an 2000 en tant qu\u2019institution acad\u00e9mique autonome.<\/p><p>Le Campus d\u2019Ashkelon est consid\u00e9r\u00e9 de nos jours comme l\u2019une des plus importantes institutions d\u2019enseignement acad\u00e9mique en Isra\u00ebl. Les mati\u00e8res principales enseign\u00e9es dans le Campus sont dans le domaine des sciences sociales, des sciences de la sant\u00e9, des sciences exactes et des sciences humaines, permettant d\u2019acqu\u00e9rir des dipl\u00f4mes de la Licence et de la Ma\u00eetrise.<\/p><p>Le corps enseignant du Campus est constitu\u00e9 d\u2019un personnel exp\u00e9riment\u00e9 et de qualit\u00e9, comptant parmi les professeurs r\u00e9put\u00e9s et renomm\u00e9s dans le monde acad\u00e9mique et universitaire isra\u00e9lien.<\/p><p>Le personnel administratif et acad\u00e9mique se consacre \u00e0 soutenir et \u00e0 aider les \u00e9tudiants durant toutes les ann\u00e9es de leurs \u00e9tudes, qu&rsquo;il s&rsquo;agisse de l\u2019enseignement \u00e0 proprement dits, que dans les ateliers de travaux dirig\u00e9s, permettant \u00e0 ses dipl\u00f4m\u00e9s de s&rsquo;int\u00e9grer facilement et avec succ\u00e8s dans le monde du travail. Le personnel administratif se consacre et suit individuellement chaque \u00e9tudiant, du d\u00e9but des \u00e9tudes par l\u2019acquisition des bourses, jusqu&rsquo;\u00e0 la fin lors de l&rsquo;attribution des dipl\u00f4mes.<\/p><p>Le Campus d\u2019Ashkelon met \u00e0 la disposition des \u00e9tudiants un environnement agr\u00e9able pour ses \u00e9tudes comprenant des laboratoires, une grande biblioth\u00e8que bien garnie, un acc\u00e8s direct et facile aux bases de donn\u00e9es les plus importantes, des salles d&rsquo;\u00e9tude en groupe, des foyers d\u2019\u00e9tudiants, un club de loisir et une salle de gym. L&rsquo;\u00e9quipe du centre d&rsquo;orientation et d&rsquo;inscription est \u00e0 votre disposition \u00e0 tout moment pour r\u00e9pondre \u00e0 vos questions pour vous aider dans les d\u00e9marches lors de votre inscription.<\/p><p>Nous vous souhaitons une bonne r\u00e9ussite et un grand succ\u00e8s, et esp\u00e9rons vous voir bient\u00f4t parmi nos d&rsquo;\u00e9tudiants au Campus d\u2019enseignement acad\u00e9mique d\u2019Ashkelon.<\/p><p><strong>Amicales salutations,<\/strong><\/p><p><strong>\u00a0<\/strong><\/p><p><strong>La Direction du Campus<\/strong><\/p>\t\t\t\t\t<\/div>\n\t\t\t\t\t\t<\/div>\n\t\t\t\t<\/div>\n\t\t\t\t\t\t<\/div>\n\t\t\t\t\t<\/div>\n\t\t<\/div>\n\t\t\t\t\t\t\t\t<\/div>\n\t\t\t\t\t<\/div>\n\t\t<\/section>\n\t\t\t\t\t\t<\/div>\n\t\t\t\t\t\t<\/div>\n\t\t\t\t\t<\/div>\n\t\t","protected":false},"excerpt":{"rendered":"<p>Chers candidats, La direction du Campus d\u2019enseignement acad\u00e9mique d\u2019Ashkelon est heureuse de vous inviter \u00e0 son agr\u00e9able \u00e9tablissement, situ\u00e9 dans la cit\u00e9 \u00e9ducative d\u2019Ashkelon, et vous propose de s\u2019int\u00e9grer aux \u00e9tudes acad\u00e9miques dans son institution. Le Campus d\u2019enseignement acad\u00e9mique d\u2019Ashkelon propose un vaste programme d&rsquo;\u00e9tudes, dans une atmosph\u00e8re chaleureuse et conviviale, accompagn\u00e9e de diverses activit\u00e9s [&hellip;]<\/p>\n","protected":false},"author":4,"featured_media":39,"parent":0,"menu_order":0,"comment_status":"closed","ping_status":"closed","template":"page-templates\/builder-page.php","meta":[],"yoast_head":"<!-- This site is optimized with the Yoast SEO plugin v15.7 - https:\/\/yoast.com\/wordpress\/plugins\/seo\/ -->\n<meta name=\"robots\" content=\"index, follow, max-snippet:-1, max-image-preview:large, max-video-preview:-1\" \/>\n<link rel=\"canonical\" href=\"https:\/\/www.aac.ac.il\/campus-academique-dashkelon\/\" \/>\n<meta property=\"og:locale\" content=\"fr_FR\" \/>\n<meta property=\"og:type\" content=\"article\" \/>\n<meta property=\"og:title\" content=\"CAMPUS D\u2019ENSEIGNEMENT ACAD\u00c9MIQUE D\u2019ASHKELON | CAMPUS ACAD\u00c9MIQUE D\u2019ASHKELON\" \/>\n<meta property=\"og:description\" content=\"Chers candidats, La direction du Campus d\u2019enseignement acad\u00e9mique d\u2019Ashkelon est heureuse de vous inviter \u00e0 son agr\u00e9able \u00e9tablissement, situ\u00e9 dans la cit\u00e9 \u00e9ducative d\u2019Ashkelon, et vous propose de s\u2019int\u00e9grer aux \u00e9tudes acad\u00e9miques dans son institution. Le Campus d\u2019enseignement acad\u00e9mique d\u2019Ashkelon propose un vaste programme d&rsquo;\u00e9tudes, dans une atmosph\u00e8re chaleureuse et conviviale, accompagn\u00e9e de diverses activit\u00e9s [&hellip;]\" \/>\n<meta property=\"og:url\" content=\"https:\/\/www.aac.ac.il\/campus-academique-dashkelon\/\" \/>\n<meta property=\"og:site_name\" content=\"CAMPUS ACAD\u00c9MIQUE D\u2019ASHKELON\" \/>\n<meta property=\"article:modified_time\" content=\"2018-12-30T07:21:47+00:00\" \/>\n<meta property=\"og:image\" content=\"https:\/\/www.aac.ac.il\/campus-academique-dashkelon\/wp-content\/uploads\/sites\/22\/2018\/03\/700_700_0000s_0002_Picture_003.jpg\" \/>\n\t<meta property=\"og:image:width\" content=\"700\" \/>\n\t<meta property=\"og:image:height\" content=\"700\" \/>\n<meta name=\"twitter:card\" content=\"summary\" \/>\n<meta name=\"twitter:label1\" content=\"Dur\u00e9e de lecture est.\">\n\t<meta name=\"twitter:data1\" content=\"2 minutes\">\n<script type=\"application\/ld+json\" class=\"yoast-schema-graph\">{\"@context\":\"https:\/\/schema.org\",\"@graph\":[{\"@type\":\"WebSite\",\"@id\":\"https:\/\/www.aac.ac.il\/campus-academique-dashkelon\/?lang=en\/#website\",\"url\":\"https:\/\/www.aac.ac.il\/campus-academique-dashkelon\/?lang=en\/\",\"name\":\"CAMPUS ACAD\\u00c9MIQUE D\\u2019ASHKELON\",\"description\":\" \\u05d7\\u05d3\\u05e9 - \\u05de\\u05db\\u05dc\\u05dc\\u05ea \\u05d0\\u05e9\\u05e7\\u05dc\\u05d5\\u05df\",\"potentialAction\":[{\"@type\":\"SearchAction\",\"target\":\"https:\/\/www.aac.ac.il\/campus-academique-dashkelon\/?lang=en\/?s={search_term_string}\",\"query-input\":\"required name=search_term_string\"}],\"inLanguage\":\"fr-FR\"},{\"@type\":\"ImageObject\",\"@id\":\"https:\/\/www.aac.ac.il\/campus-academique-dashkelon\/#primaryimage\",\"inLanguage\":\"fr-FR\",\"url\":\"https:\/\/www.aac.ac.il\/campus-academique-dashkelon\/wp-content\/uploads\/sites\/22\/2018\/03\/700_700_0000s_0002_Picture_003.jpg\",\"width\":700,\"height\":700},{\"@type\":\"WebPage\",\"@id\":\"https:\/\/www.aac.ac.il\/campus-academique-dashkelon\/#webpage\",\"url\":\"https:\/\/www.aac.ac.il\/campus-academique-dashkelon\/\",\"name\":\"CAMPUS D\\u2019ENSEIGNEMENT ACAD\\u00c9MIQUE D\\u2019ASHKELON | CAMPUS ACAD\\u00c9MIQUE D\\u2019ASHKELON\",\"isPartOf\":{\"@id\":\"https:\/\/www.aac.ac.il\/campus-academique-dashkelon\/?lang=en\/#website\"},\"primaryImageOfPage\":{\"@id\":\"https:\/\/www.aac.ac.il\/campus-academique-dashkelon\/#primaryimage\"},\"datePublished\":\"2018-03-20T07:07:29+00:00\",\"dateModified\":\"2018-12-30T07:21:47+00:00\",\"breadcrumb\":{\"@id\":\"https:\/\/www.aac.ac.il\/campus-academique-dashkelon\/#breadcrumb\"},\"inLanguage\":\"fr-FR\",\"potentialAction\":[{\"@type\":\"ReadAction\",\"target\":[\"https:\/\/www.aac.ac.il\/campus-academique-dashkelon\/\"]}]},{\"@type\":\"BreadcrumbList\",\"@id\":\"https:\/\/www.aac.ac.il\/campus-academique-dashkelon\/#breadcrumb\",\"itemListElement\":[{\"@type\":\"ListItem\",\"position\":1,\"item\":{\"@type\":\"WebPage\",\"@id\":\"https:\/\/www.aac.ac.il\/\",\"url\":\"https:\/\/www.aac.ac.il\/\",\"name\":\"\\u05d4\\u05de\\u05db\\u05dc\\u05dc\\u05d4 \\u05d4\\u05d0\\u05e7\\u05d3\\u05de\\u05d9\\u05ea \\u05d0\\u05e9\\u05e7\\u05dc\\u05d5\\u05df\"}},{\"@type\":\"ListItem\",\"position\":2,\"item\":{\"@type\":\"WebPage\",\"@id\":\"https:\/\/www.aac.ac.il\/campus-academique-dashkelon\/\",\"url\":\"https:\/\/www.aac.ac.il\/campus-academique-dashkelon\/\",\"name\":\"CAMPUS ACAD\\u00c9MIQUE D\\u2019ASHKELON!\"}},{\"@type\":\"ListItem\",\"position\":3,\"item\":{\"@type\":\"WebPage\",\"@id\":\"https:\/\/www.aac.ac.il\/campus-academique-dashkelon\/\",\"url\":\"https:\/\/www.aac.ac.il\/campus-academique-dashkelon\/\",\"name\":\"CAMPUS D\\u2019ENSEIGNEMENT ACAD\\u00c9MIQUE D\\u2019ASHKELON\"}}]}]}<\/script>\n<!-- \/ Yoast SEO plugin. -->","_links":{"self":[{"href":"https:\/\/www.aac.ac.il\/campus-academique-dashkelon\/wp-json\/wp\/v2\/pages\/2"}],"collection":[{"href":"https:\/\/www.aac.ac.il\/campus-academique-dashkelon\/wp-json\/wp\/v2\/pages"}],"about":[{"href":"https:\/\/www.aac.ac.il\/campus-academique-dashkelon\/wp-json\/wp\/v2\/types\/page"}],"author":[{"embeddable":true,"href":"https:\/\/www.aac.ac.il\/campus-academique-dashkelon\/wp-json\/wp\/v2\/users\/4"}],"replies":[{"embeddable":true,"href":"https:\/\/www.aac.ac.il\/campus-academique-dashkelon\/wp-json\/wp\/v2\/comments?post=2"}],"version-history":[{"count":0,"href":"https:\/\/www.aac.ac.il\/campus-academique-dashkelon\/wp-json\/wp\/v2\/pages\/2\/revisions"}],"wp:featuredmedia":[{"embeddable":true,"href":"https:\/\/www.aac.ac.il\/campus-academique-dashkelon\/wp-json\/wp\/v2\/media\/39"}],"wp:attachment":[{"href":"https:\/\/www.aac.ac.il\/campus-academique-dashkelon\/wp-json\/wp\/v2\/media?parent=2"}],"curies":[{"name":"wp","href":"https:\/\/api.w.org\/{rel}","templated":true}]}}