

{"id":28,"date":"2018-03-20T12:12:07","date_gmt":"2018-03-20T10:12:07","guid":{"rendered":"https:\/\/www.aac.ac.il\/campus-academique-dashkelon\/?page_id=28"},"modified":"2018-04-10T09:30:54","modified_gmt":"2018-04-10T06:30:54","slug":"maitrise-m-en-economie-appliquee","status":"publish","type":"page","link":"https:\/\/www.aac.ac.il\/campus-academique-dashkelon\/faculte-deconomie\/maitrise-m-en-economie-appliquee\/","title":{"rendered":"MA\u00ceTRISE (M.A.) EN \u00c9CONOMIE APPLIQU\u00c9E"},"content":{"rendered":"\t\t<div data-elementor-type=\"wp-post\" data-elementor-id=\"28\" class=\"elementor elementor-28 elementor-bc-flex-widget\" data-elementor-settings=\"[]\">\n\t\t\t\t\t\t<div class=\"elementor-inner\">\n\t\t\t\t\t\t\t<div class=\"elementor-section-wrap\">\n\t\t\t\t\t\t\t<section class=\"elementor-section elementor-top-section elementor-element elementor-element-j7dr91e elementor-section-boxed elementor-section-height-default elementor-section-height-default\" data-id=\"j7dr91e\" data-element_type=\"section\">\n\t\t\t\t\t\t<div class=\"elementor-container elementor-column-gap-default\">\n\t\t\t\t\t\t\t<div class=\"elementor-row\">\n\t\t\t\t\t<div class=\"elementor-column elementor-col-100 elementor-top-column elementor-element elementor-element-su302vn\" data-id=\"su302vn\" data-element_type=\"column\">\n\t\t\t<div class=\"elementor-column-wrap elementor-element-populated\">\n\t\t\t\t\t\t\t<div class=\"elementor-widget-wrap\">\n\t\t\t\t\t\t<div class=\"elementor-element elementor-element-1eain80 elementor-widget elementor-widget-text-editor\" data-id=\"1eain80\" data-element_type=\"widget\" data-widget_type=\"text-editor.default\">\n\t\t\t\t<div class=\"elementor-widget-container\">\n\t\t\t\t\t\t\t\t<div class=\"elementor-text-editor elementor-clearfix\">\n\t\t\t\t<p>Au cours des derni\u00e8res ann\u00e9es, avec les progr\u00e8s de l&rsquo;enseignement sup\u00e9rieur dans le monde en g\u00e9n\u00e9ral et en Isra\u00ebl en particulier, la tendance grandissante de la part des services publics, des banques et des employeurs dans les diff\u00e9rentes secteur de la finance, est de pr\u00e9f\u00e9rer les dipl\u00f4m\u00e9s en Ma\u00eetrise pour des postes de direction et de conseillers, plut\u00f4t que des dipl\u00f4m\u00e9s en Licence. La formation que nous proposons dans le cadre de ce programme se concentre sur les principales questions et \u00e9volutions de l&rsquo;\u00e9conomie en Isra\u00ebl et de leur r\u00e9percussion sur la politique sociale concernant\u00a0: Les questions \u00e9conomiques dans le domaine de la s\u00e9curit\u00e9 sociale, des caisses de retraite et leurs cons\u00e9quences sur l&rsquo;\u00e9conomie en g\u00e9n\u00e9ral et sur la politique sociale en Isra\u00ebl qui sont examin\u00e9es.<\/p>\t\t\t\t\t<\/div>\n\t\t\t\t\t\t<\/div>\n\t\t\t\t<\/div>\n\t\t\t\t\t\t<\/div>\n\t\t\t\t\t<\/div>\n\t\t<\/div>\n\t\t\t\t\t\t\t\t<\/div>\n\t\t\t\t\t<\/div>\n\t\t<\/section>\n\t\t\t\t<section class=\"elementor-section elementor-top-section elementor-element elementor-element-4dd76vg elementor-section-boxed elementor-section-height-default elementor-section-height-default\" data-id=\"4dd76vg\" data-element_type=\"section\">\n\t\t\t\t\t\t<div class=\"elementor-container elementor-column-gap-default\">\n\t\t\t\t\t\t\t<div class=\"elementor-row\">\n\t\t\t\t\t<div class=\"elementor-column elementor-col-100 elementor-top-column elementor-element elementor-element-39bgdm3\" data-id=\"39bgdm3\" data-element_type=\"column\">\n\t\t\t<div class=\"elementor-column-wrap elementor-element-populated\">\n\t\t\t\t\t\t\t<div class=\"elementor-widget-wrap\">\n\t\t\t\t\t\t<div class=\"elementor-element elementor-element-wejpr29 elementor-widget elementor-widget-text-editor\" data-id=\"wejpr29\" data-element_type=\"widget\" data-widget_type=\"text-editor.default\">\n\t\t\t\t<div class=\"elementor-widget-container\">\n\t\t\t\t\t\t\t\t<div class=\"elementor-text-editor elementor-clearfix\">\n\t\t\t\t<p><strong>Objectif de la formation\u00a0\u00a0\u00a0\u00a0\u00a0\u00a0\u00a0\u00a0\u00a0\u00a0\u00a0\u00a0\u00a0\u00a0\u00a0\u00a0\u00a0\u00a0\u00a0\u00a0\u00a0\u00a0\u00a0\u00a0\u00a0\u00a0\u00a0\u00a0\u00a0\u00a0\u00a0\u00a0\u00a0\u00a0\u00a0\u00a0\u00a0\u00a0\u00a0\u00a0\u00a0\u00a0\u00a0\u00a0\u00a0\u00a0\u00a0\u00a0\u00a0\u00a0\u00a0\u00a0\u00a0\u00a0\u00a0\u00a0\u00a0\u00a0\u00a0\u00a0\u00a0\u00a0\u00a0\u00a0\u00a0\u00a0\u00a0\u00a0\u00a0\u00a0\u00a0\u00a0\u00a0\u00a0\u00a0\u00a0\u00a0 \u00a0\u00a0\u00a0\u00a0\u00a0\u00a0\u00a0\u00a0\u00a0\u00a0\u00a0\u00a0\u00a0\u00a0\u00a0\u00a0\u00a0\u00a0\u00a0\u00a0\u00a0\u00a0\u00a0\u00a0\u00a0\u00a0\u00a0\u00a0\u00a0\u00a0\u00a0\u00a0\u00a0\u00a0\u00a0\u00a0\u00a0\u00a0\u00a0\u00a0\u00a0\u00a0\u00a0\u00a0\u00a0\u00a0\u00a0\u00a0\u00a0\u00a0\u00a0\u00a0\u00a0\u00a0\u00a0\u00a0\u00a0\u00a0\u00a0\u00a0\u00a0\u00a0\u00a0<\/strong><\/p><p>L&rsquo;objectif du programme est de former les \u00e9tudiants \u00e0 la qu\u00eate des donn\u00e9es et \u00e0 l&rsquo;organisation et la mise en application exacte et intelligente des connaissances \u00e9conomiques. L\u2019\u00e9tudiant peut ainsi acqu\u00e9rir les outils n\u00e9cessaires \u00e0 la mise en application des donn\u00e9es rassembl\u00e9es dans le but de permettre des pr\u00e9visions, des variations et l&rsquo;\u00e9valuation de la politique, particuli\u00e8rement quand il s&rsquo;agit des bases de donn\u00e9es importantes. Dans le cadre de ce programme, l\u2019\u00e9tudiant sera confront\u00e9 aux questions capitales actuelles de l&rsquo;\u00e9conomie d&rsquo;Isra\u00ebl et ses cons\u00e9quences sur la politique sociale, entre autres sur les questions relatives \u00e0 la s\u00e9curit\u00e9 sociale, aux caisses de retraite et aux institutions bancaires.<\/p>\t\t\t\t\t<\/div>\n\t\t\t\t\t\t<\/div>\n\t\t\t\t<\/div>\n\t\t\t\t\t\t<\/div>\n\t\t\t\t\t<\/div>\n\t\t<\/div>\n\t\t\t\t\t\t\t\t<\/div>\n\t\t\t\t\t<\/div>\n\t\t<\/section>\n\t\t\t\t<section class=\"elementor-section elementor-top-section elementor-element elementor-element-lyjc2uh elementor-section-boxed elementor-section-height-default elementor-section-height-default\" data-id=\"lyjc2uh\" data-element_type=\"section\">\n\t\t\t\t\t\t<div class=\"elementor-container elementor-column-gap-default\">\n\t\t\t\t\t\t\t<div class=\"elementor-row\">\n\t\t\t\t\t<div class=\"elementor-column elementor-col-100 elementor-top-column elementor-element elementor-element-ncubb5g\" data-id=\"ncubb5g\" data-element_type=\"column\">\n\t\t\t<div class=\"elementor-column-wrap elementor-element-populated\">\n\t\t\t\t\t\t\t<div class=\"elementor-widget-wrap\">\n\t\t\t\t\t\t<div class=\"elementor-element elementor-element-2032wgu elementor-widget elementor-widget-text-editor\" data-id=\"2032wgu\" data-element_type=\"widget\" data-widget_type=\"text-editor.default\">\n\t\t\t\t<div class=\"elementor-widget-container\">\n\t\t\t\t\t\t\t\t<div class=\"elementor-text-editor elementor-clearfix\">\n\t\t\t\t<p><strong>Objectifs sp\u00e9cifiques\u00a0:<\/strong><\/p><p>Le programme des \u00e9tudes se concentre sur les connaissances th\u00e9oriques suivies de la pr\u00e9sentation des constatations empiriques, dans la soci\u00e9t\u00e9 isra\u00e9lienne et du reste du monde. Entre autres, des outils pratiques permettant de solutionner des situations de conflit qui seront pr\u00e9sent\u00e9s. De m\u00eame, l\u2019\u00e9tudiant acqui\u00e8re des connaissances de comptabilit\u00e9 et de financement du niveau n\u00e9cessaire pour tout \u00e9conomiste. Les cours propos\u00e9s de th\u00e9orie de ce programme sont\u00a0: l&rsquo;\u00e9conomie publique, l&rsquo;\u00e9conomie du travail et de l&rsquo;entreprise industrielle, qui seront combin\u00e9s avec la th\u00e9orie et les exemples en Isra\u00ebl et dans le monde. Sur la base des connaissances th\u00e9oriques et pratiques acquises au cours des \u00e9tudes, les \u00e9tudiants pourront \u00e9crire leur th\u00e8se.\u00a0 \u00a0 \u00a0 \u00a0 \u00a0 \u00a0 \u00a0 \u00a0 \u00a0 \u00a0 \u00a0 \u00a0 \u00a0 \u00a0 \u00a0 \u00a0<\/p><p>Le caract\u00e8re unique et exclusif de notre programme dans l&rsquo;application des th\u00e9ories \u00e9conomiques, met \u00e9galement l&rsquo;accent sur les cons\u00e9quences sur le syst\u00e8me bancaire et \u00e9conomique d&rsquo;Isra\u00ebl.<\/p>\t\t\t\t\t<\/div>\n\t\t\t\t\t\t<\/div>\n\t\t\t\t<\/div>\n\t\t\t\t\t\t<\/div>\n\t\t\t\t\t<\/div>\n\t\t<\/div>\n\t\t\t\t\t\t\t\t<\/div>\n\t\t\t\t\t<\/div>\n\t\t<\/section>\n\t\t\t\t<section class=\"elementor-section elementor-top-section elementor-element elementor-element-syfvh2k elementor-section-boxed elementor-section-height-default elementor-section-height-default\" data-id=\"syfvh2k\" data-element_type=\"section\">\n\t\t\t\t\t\t<div class=\"elementor-container elementor-column-gap-default\">\n\t\t\t\t\t\t\t<div class=\"elementor-row\">\n\t\t\t\t\t<div class=\"elementor-column elementor-col-100 elementor-top-column elementor-element elementor-element-coyfqqm\" data-id=\"coyfqqm\" data-element_type=\"column\">\n\t\t\t<div class=\"elementor-column-wrap elementor-element-populated\">\n\t\t\t\t\t\t\t<div class=\"elementor-widget-wrap\">\n\t\t\t\t\t\t<div class=\"elementor-element elementor-element-k945whe elementor-widget elementor-widget-text-editor\" data-id=\"k945whe\" data-element_type=\"widget\" data-widget_type=\"text-editor.default\">\n\t\t\t\t<div class=\"elementor-widget-container\">\n\t\t\t\t\t\t\t\t<div class=\"elementor-text-editor elementor-clearfix\">\n\t\t\t\t<p><strong>Le corps enseignant\u00a0\u00a0\u00a0\u00a0\u00a0\u00a0\u00a0\u00a0\u00a0\u00a0\u00a0\u00a0\u00a0\u00a0\u00a0\u00a0\u00a0\u00a0\u00a0\u00a0\u00a0\u00a0\u00a0\u00a0\u00a0\u00a0\u00a0\u00a0\u00a0\u00a0\u00a0\u00a0\u00a0\u00a0\u00a0\u00a0\u00a0\u00a0\u00a0\u00a0\u00a0\u00a0\u00a0\u00a0\u00a0\u00a0\u00a0\u00a0\u00a0\u00a0\u00a0\u00a0\u00a0\u00a0\u00a0\u00a0\u00a0\u00a0\u00a0\u00a0\u00a0\u00a0\u00a0\u00a0\u00a0\u00a0\u00a0\u00a0\u00a0\u00a0\u00a0\u00a0\u00a0\u00a0\u00a0\u00a0\u00a0\u00a0\u00a0\u00a0\u00a0\u00a0\u00a0\u00a0\u00a0\u00a0\u00a0\u00a0\u00a0\u00a0\u00a0\u00a0\u00a0\u00a0\u00a0\u00a0\u00a0\u00a0\u00a0\u00a0\u00a0\u00a0\u00a0\u00a0\u00a0\u00a0\u00a0\u00a0\u00a0\u00a0\u00a0\u00a0\u00a0\u00a0\u00a0\u00a0\u00a0\u00a0\u00a0\u00a0\u00a0\u00a0\u00a0\u00a0\u00a0\u00a0\u00a0\u00a0\u00a0\u00a0\u00a0\u00a0\u00a0\u00a0\u00a0\u00a0\u00a0\u00a0\u00a0\u00a0\u00a0\u00a0\u00a0\u00a0\u00a0\u00a0\u00a0\u00a0\u00a0\u00a0\u00a0 <\/strong><\/p><p>Le d\u00e9partement est dirig\u00e9 par le professeur Nava Kahana, qui compte parmi les chercheurs en \u00e9conomie les plus renomm\u00e9s du pays. Avec elles, enseignent de nombreux noms connus du monde universitaire et des chercheurs exp\u00e9riment\u00e9s, tant en p\u00e9dagogie qu&rsquo;en recherche, parmi eux, le Pr. Shoshana Neuman, doyenne de la facult\u00e9 d&rsquo;\u00e9conomie du Campus d\u2019Ashkelon et le Pr. Yaakov Rosenberg et d&rsquo;autres. Ces enseignants ont acquis une grande exp\u00e9rience dans le secteur priv\u00e9 et public et associent des connaissances th\u00e9oriques impressionnantes ainsi qu&rsquo;une exp\u00e9rience pratique leur permettant d&rsquo;offrir aux \u00e9tudiants un ensemble de connaissances th\u00e9oriques, de la recherche et de la pratique<\/p>\t\t\t\t\t<\/div>\n\t\t\t\t\t\t<\/div>\n\t\t\t\t<\/div>\n\t\t\t\t\t\t<\/div>\n\t\t\t\t\t<\/div>\n\t\t<\/div>\n\t\t\t\t\t\t\t\t<\/div>\n\t\t\t\t\t<\/div>\n\t\t<\/section>\n\t\t\t\t\t\t<\/div>\n\t\t\t\t\t\t<\/div>\n\t\t\t\t\t<\/div>\n\t\t","protected":false},"excerpt":{"rendered":"<p>Au cours des derni\u00e8res ann\u00e9es, avec les progr\u00e8s de l&rsquo;enseignement sup\u00e9rieur dans le monde en g\u00e9n\u00e9ral et en Isra\u00ebl en particulier, la tendance grandissante de la part des services publics, des banques et des employeurs dans les diff\u00e9rentes secteur de la finance, est de pr\u00e9f\u00e9rer les dipl\u00f4m\u00e9s en Ma\u00eetrise pour des postes de direction et [&hellip;]<\/p>\n","protected":false},"author":4,"featured_media":29,"parent":4,"menu_order":0,"comment_status":"closed","ping_status":"closed","template":"","meta":[],"yoast_head":"<!-- This site is optimized with the Yoast SEO plugin v15.7 - https:\/\/yoast.com\/wordpress\/plugins\/seo\/ -->\n<meta name=\"robots\" content=\"index, follow, max-snippet:-1, max-image-preview:large, max-video-preview:-1\" \/>\n<link rel=\"canonical\" href=\"https:\/\/www.aac.ac.il\/campus-academique-dashkelon\/faculte-deconomie\/maitrise-m-en-economie-appliquee\/\" \/>\n<meta property=\"og:locale\" content=\"fr_FR\" \/>\n<meta property=\"og:type\" content=\"article\" \/>\n<meta property=\"og:title\" content=\"MA\u00ceTRISE (M.A.) EN \u00c9CONOMIE APPLIQU\u00c9E | CAMPUS ACAD\u00c9MIQUE D\u2019ASHKELON\" \/>\n<meta property=\"og:description\" content=\"Au cours des derni\u00e8res ann\u00e9es, avec les progr\u00e8s de l&rsquo;enseignement sup\u00e9rieur dans le monde en g\u00e9n\u00e9ral et en Isra\u00ebl en particulier, la tendance grandissante de la part des services publics, des banques et des employeurs dans les diff\u00e9rentes secteur de la finance, est de pr\u00e9f\u00e9rer les dipl\u00f4m\u00e9s en Ma\u00eetrise pour des postes de direction et [&hellip;]\" \/>\n<meta property=\"og:url\" content=\"https:\/\/www.aac.ac.il\/campus-academique-dashkelon\/faculte-deconomie\/maitrise-m-en-economie-appliquee\/\" \/>\n<meta property=\"og:site_name\" content=\"CAMPUS ACAD\u00c9MIQUE D\u2019ASHKELON\" \/>\n<meta property=\"article:modified_time\" content=\"2018-04-10T06:30:54+00:00\" \/>\n<meta property=\"og:image\" content=\"https:\/\/www.aac.ac.il\/campus-academique-dashkelon\/wp-content\/uploads\/sites\/22\/2018\/03\/11432_pic-for-web_700x70024.jpg\" \/>\n\t<meta property=\"og:image:width\" content=\"934\" \/>\n\t<meta property=\"og:image:height\" content=\"934\" \/>\n<meta name=\"twitter:card\" content=\"summary\" \/>\n<meta name=\"twitter:label1\" content=\"Dur\u00e9e de lecture est.\">\n\t<meta name=\"twitter:data1\" content=\"3 minutes\">\n<script type=\"application\/ld+json\" class=\"yoast-schema-graph\">{\"@context\":\"https:\/\/schema.org\",\"@graph\":[{\"@type\":\"WebSite\",\"@id\":\"https:\/\/www.aac.ac.il\/campus-academique-dashkelon\/?lang=en\/#website\",\"url\":\"https:\/\/www.aac.ac.il\/campus-academique-dashkelon\/?lang=en\/\",\"name\":\"CAMPUS ACAD\\u00c9MIQUE D\\u2019ASHKELON\",\"description\":\" \\u05d7\\u05d3\\u05e9 - \\u05de\\u05db\\u05dc\\u05dc\\u05ea \\u05d0\\u05e9\\u05e7\\u05dc\\u05d5\\u05df\",\"potentialAction\":[{\"@type\":\"SearchAction\",\"target\":\"https:\/\/www.aac.ac.il\/campus-academique-dashkelon\/?lang=en\/?s={search_term_string}\",\"query-input\":\"required name=search_term_string\"}],\"inLanguage\":\"fr-FR\"},{\"@type\":\"ImageObject\",\"@id\":\"https:\/\/www.aac.ac.il\/campus-academique-dashkelon\/faculte-deconomie\/maitrise-m-en-economie-appliquee\/#primaryimage\",\"inLanguage\":\"fr-FR\",\"url\":\"https:\/\/www.aac.ac.il\/campus-academique-dashkelon\/wp-content\/uploads\/sites\/22\/2018\/03\/11432_pic-for-web_700x70024.jpg\",\"width\":934,\"height\":934},{\"@type\":\"WebPage\",\"@id\":\"https:\/\/www.aac.ac.il\/campus-academique-dashkelon\/faculte-deconomie\/maitrise-m-en-economie-appliquee\/#webpage\",\"url\":\"https:\/\/www.aac.ac.il\/campus-academique-dashkelon\/faculte-deconomie\/maitrise-m-en-economie-appliquee\/\",\"name\":\"MA\\u00ceTRISE (M.A.) EN \\u00c9CONOMIE APPLIQU\\u00c9E | CAMPUS ACAD\\u00c9MIQUE D\\u2019ASHKELON\",\"isPartOf\":{\"@id\":\"https:\/\/www.aac.ac.il\/campus-academique-dashkelon\/?lang=en\/#website\"},\"primaryImageOfPage\":{\"@id\":\"https:\/\/www.aac.ac.il\/campus-academique-dashkelon\/faculte-deconomie\/maitrise-m-en-economie-appliquee\/#primaryimage\"},\"datePublished\":\"2018-03-20T10:12:07+00:00\",\"dateModified\":\"2018-04-10T06:30:54+00:00\",\"breadcrumb\":{\"@id\":\"https:\/\/www.aac.ac.il\/campus-academique-dashkelon\/faculte-deconomie\/maitrise-m-en-economie-appliquee\/#breadcrumb\"},\"inLanguage\":\"fr-FR\",\"potentialAction\":[{\"@type\":\"ReadAction\",\"target\":[\"https:\/\/www.aac.ac.il\/campus-academique-dashkelon\/faculte-deconomie\/maitrise-m-en-economie-appliquee\/\"]}]},{\"@type\":\"BreadcrumbList\",\"@id\":\"https:\/\/www.aac.ac.il\/campus-academique-dashkelon\/faculte-deconomie\/maitrise-m-en-economie-appliquee\/#breadcrumb\",\"itemListElement\":[{\"@type\":\"ListItem\",\"position\":1,\"item\":{\"@type\":\"WebPage\",\"@id\":\"https:\/\/www.aac.ac.il\/\",\"url\":\"https:\/\/www.aac.ac.il\/\",\"name\":\"\\u05d4\\u05de\\u05db\\u05dc\\u05dc\\u05d4 \\u05d4\\u05d0\\u05e7\\u05d3\\u05de\\u05d9\\u05ea \\u05d0\\u05e9\\u05e7\\u05dc\\u05d5\\u05df\"}},{\"@type\":\"ListItem\",\"position\":2,\"item\":{\"@type\":\"WebPage\",\"@id\":\"https:\/\/www.aac.ac.il\/campus-academique-dashkelon\/\",\"url\":\"https:\/\/www.aac.ac.il\/campus-academique-dashkelon\/\",\"name\":\"CAMPUS ACAD\\u00c9MIQUE D\\u2019ASHKELON!\"}},{\"@type\":\"ListItem\",\"position\":3,\"item\":{\"@type\":\"WebPage\",\"@id\":\"https:\/\/www.aac.ac.il\/campus-academique-dashkelon\/faculte-deconomie\/\",\"url\":\"https:\/\/www.aac.ac.il\/campus-academique-dashkelon\/faculte-deconomie\/\",\"name\":\"Facult\\u00e9 d\\u2019\\u00e9conomie\"}},{\"@type\":\"ListItem\",\"position\":4,\"item\":{\"@type\":\"WebPage\",\"@id\":\"https:\/\/www.aac.ac.il\/campus-academique-dashkelon\/faculte-deconomie\/maitrise-m-en-economie-appliquee\/\",\"url\":\"https:\/\/www.aac.ac.il\/campus-academique-dashkelon\/faculte-deconomie\/maitrise-m-en-economie-appliquee\/\",\"name\":\"MA\\u00ceTRISE (M.A.) EN \\u00c9CONOMIE APPLIQU\\u00c9E\"}}]}]}<\/script>\n<!-- \/ Yoast SEO plugin. -->","_links":{"self":[{"href":"https:\/\/www.aac.ac.il\/campus-academique-dashkelon\/wp-json\/wp\/v2\/pages\/28"}],"collection":[{"href":"https:\/\/www.aac.ac.il\/campus-academique-dashkelon\/wp-json\/wp\/v2\/pages"}],"about":[{"href":"https:\/\/www.aac.ac.il\/campus-academique-dashkelon\/wp-json\/wp\/v2\/types\/page"}],"author":[{"embeddable":true,"href":"https:\/\/www.aac.ac.il\/campus-academique-dashkelon\/wp-json\/wp\/v2\/users\/4"}],"replies":[{"embeddable":true,"href":"https:\/\/www.aac.ac.il\/campus-academique-dashkelon\/wp-json\/wp\/v2\/comments?post=28"}],"version-history":[{"count":0,"href":"https:\/\/www.aac.ac.il\/campus-academique-dashkelon\/wp-json\/wp\/v2\/pages\/28\/revisions"}],"up":[{"embeddable":true,"href":"https:\/\/www.aac.ac.il\/campus-academique-dashkelon\/wp-json\/wp\/v2\/pages\/4"}],"wp:featuredmedia":[{"embeddable":true,"href":"https:\/\/www.aac.ac.il\/campus-academique-dashkelon\/wp-json\/wp\/v2\/media\/29"}],"wp:attachment":[{"href":"https:\/\/www.aac.ac.il\/campus-academique-dashkelon\/wp-json\/wp\/v2\/media?parent=28"}],"curies":[{"name":"wp","href":"https:\/\/api.w.org\/{rel}","templated":true}]}}