

{"id":52,"date":"2018-03-22T11:14:09","date_gmt":"2018-03-22T09:14:09","guid":{"rendered":"https:\/\/www.aac.ac.il\/campus-academique-dashkelon\/?page_id=52"},"modified":"2018-04-25T13:25:53","modified_gmt":"2018-04-25T10:25:53","slug":"b-a-en-administration-publique","status":"publish","type":"page","link":"https:\/\/www.aac.ac.il\/campus-academique-dashkelon\/sciences-sociales\/b-a-en-administration-publique\/","title":{"rendered":"B.A. en Administration publique"},"content":{"rendered":"\t\t<div data-elementor-type=\"wp-post\" data-elementor-id=\"52\" class=\"elementor elementor-52 elementor-bc-flex-widget\" data-elementor-settings=\"[]\">\n\t\t\t\t\t\t<div class=\"elementor-inner\">\n\t\t\t\t\t\t\t<div class=\"elementor-section-wrap\">\n\t\t\t\t\t\t\t<section class=\"elementor-section elementor-top-section elementor-element elementor-element-9oammax elementor-section-boxed elementor-section-height-default elementor-section-height-default\" data-id=\"9oammax\" data-element_type=\"section\">\n\t\t\t\t\t\t<div class=\"elementor-container elementor-column-gap-default\">\n\t\t\t\t\t\t\t<div class=\"elementor-row\">\n\t\t\t\t\t<div class=\"elementor-column elementor-col-100 elementor-top-column elementor-element elementor-element-lugjonz\" data-id=\"lugjonz\" data-element_type=\"column\">\n\t\t\t<div class=\"elementor-column-wrap elementor-element-populated\">\n\t\t\t\t\t\t\t<div class=\"elementor-widget-wrap\">\n\t\t\t\t\t\t<div class=\"elementor-element elementor-element-y781k2u elementor-widget elementor-widget-text-editor\" data-id=\"y781k2u\" data-element_type=\"widget\" data-widget_type=\"text-editor.default\">\n\t\t\t\t<div class=\"elementor-widget-container\">\n\t\t\t\t\t\t\t\t<div class=\"elementor-text-editor elementor-clearfix\">\n\t\t\t\t<p><strong>Objectif de la formation<\/strong><\/p><p>Au 21<sup>\u00e8me<\/sup> si\u00e8cle en Isra\u00ebl, les besoins de la soci\u00e9t\u00e9 et de l&rsquo;\u00e9conomie, en particulier dans le secteur des services publics, exigent que les fonctionnaires qui agissent dans ce domaine, aient une formation acad\u00e9mique appropri\u00e9e. Les \u00e9tudes de dipl\u00f4me en sciences politiques et administration publique sont destin\u00e9es \u00e0 procurer le contexte et les outils \u00e0 cet effet.<\/p><p>Le programme est con\u00e7u pour les \u00e9tudiants qui souhaitent participer activement \u00e0 la vie publique, \u00e0 la pr\u00e9paration de leur l&rsquo;avenir pour s&rsquo;int\u00e9grer dans les syst\u00e8mes de la gestion et de l&rsquo;administration publique aux niveaux national et local.<\/p>\t\t\t\t\t<\/div>\n\t\t\t\t\t\t<\/div>\n\t\t\t\t<\/div>\n\t\t\t\t\t\t<\/div>\n\t\t\t\t\t<\/div>\n\t\t<\/div>\n\t\t\t\t\t\t\t\t<\/div>\n\t\t\t\t\t<\/div>\n\t\t<\/section>\n\t\t\t\t<section class=\"elementor-section elementor-top-section elementor-element elementor-element-52if8r1 elementor-section-boxed elementor-section-height-default elementor-section-height-default\" data-id=\"52if8r1\" data-element_type=\"section\">\n\t\t\t\t\t\t<div class=\"elementor-container elementor-column-gap-default\">\n\t\t\t\t\t\t\t<div class=\"elementor-row\">\n\t\t\t\t\t<div class=\"elementor-column elementor-col-100 elementor-top-column elementor-element elementor-element-4n1g935\" data-id=\"4n1g935\" data-element_type=\"column\">\n\t\t\t<div class=\"elementor-column-wrap elementor-element-populated\">\n\t\t\t\t\t\t\t<div class=\"elementor-widget-wrap\">\n\t\t\t\t\t\t<div class=\"elementor-element elementor-element-7svjdad elementor-widget elementor-widget-text-editor\" data-id=\"7svjdad\" data-element_type=\"widget\" data-widget_type=\"text-editor.default\">\n\t\t\t\t<div class=\"elementor-widget-container\">\n\t\t\t\t\t\t\t\t<div class=\"elementor-text-editor elementor-clearfix\">\n\t\t\t\t<h5><strong>ORGANISATION ET CONTENU DE L\u2019ENSEIGNEMENT<\/strong><\/h5><p>Le programme de la Licence associe des cours th\u00e9oriques, des ateliers et des visites d&rsquo;\u00e9tudes guid\u00e9es, mis \u00e0 jour conform\u00e9ment aux exigences des programmes d\u2019\u00e9tude de la Ma\u00eetrise.<\/p><p>Le Campus d\u2019enseignement acad\u00e9mique d&rsquo;Ashkelon propose des \u00e9tudes en sciences politiques et administration publique dans un format bi-d\u00e9partemental qui permet l&rsquo;int\u00e9gration dans un autre d\u00e9partement d\u2019\u00e9tudes\u00a0: criminologie, psychologie, sociologie et anthropologie. Le programme est conforme aux besoins des \u00e9tudiants, il est convivial en ce qui concerne l&rsquo;int\u00e9gration d\u2019un travail r\u00e9gulier et d\u2019\u00e9tudes sup\u00e9rieures.<\/p>\t\t\t\t\t<\/div>\n\t\t\t\t\t\t<\/div>\n\t\t\t\t<\/div>\n\t\t\t\t\t\t<\/div>\n\t\t\t\t\t<\/div>\n\t\t<\/div>\n\t\t\t\t\t\t\t\t<\/div>\n\t\t\t\t\t<\/div>\n\t\t<\/section>\n\t\t\t\t<section class=\"elementor-section elementor-top-section elementor-element elementor-element-6kb71ff elementor-section-boxed elementor-section-height-default elementor-section-height-default\" data-id=\"6kb71ff\" data-element_type=\"section\">\n\t\t\t\t\t\t<div class=\"elementor-container elementor-column-gap-default\">\n\t\t\t\t\t\t\t<div class=\"elementor-row\">\n\t\t\t\t\t<div class=\"elementor-column elementor-col-100 elementor-top-column elementor-element elementor-element-h7gid1l\" data-id=\"h7gid1l\" data-element_type=\"column\">\n\t\t\t<div class=\"elementor-column-wrap elementor-element-populated\">\n\t\t\t\t\t\t\t<div class=\"elementor-widget-wrap\">\n\t\t\t\t\t\t<div class=\"elementor-element elementor-element-9skth4v elementor-widget elementor-widget-text-editor\" data-id=\"9skth4v\" data-element_type=\"widget\" data-widget_type=\"text-editor.default\">\n\t\t\t\t<div class=\"elementor-widget-container\">\n\t\t\t\t\t\t\t\t<div class=\"elementor-text-editor elementor-clearfix\">\n\t\t\t\t<p><strong>Emplois potentiels pour les dipl\u00f4m\u00e9s du d\u00e9partement<\/strong><\/p><p>Les dipl\u00f4m\u00e9s du d\u00e9partement ont la possibilit\u00e9 de s\u2019int\u00e9grer dans la vie publique, la direction du futur, les syst\u00e8mes gouvernementaux, la diplomatie, les media, l&rsquo;administration publique au niveau national et local\u00a0: minist\u00e8res, autorit\u00e9s locales, institution de d\u00e9fense, la Knesset etc. En outre, nos dipl\u00f4m\u00e9s ont la possibilit\u00e9 de joindre le secteur priv\u00e9 dans les d\u00e9partements des relations ext\u00e9rieures, des relations publiques, dans le syst\u00e8me bancaire et dans le monde des affaires.<\/p>\t\t\t\t\t<\/div>\n\t\t\t\t\t\t<\/div>\n\t\t\t\t<\/div>\n\t\t\t\t<div class=\"elementor-element elementor-element-4k8r2c6 elementor-widget elementor-widget-text-editor\" data-id=\"4k8r2c6\" data-element_type=\"widget\" data-widget_type=\"text-editor.default\">\n\t\t\t\t<div class=\"elementor-widget-container\">\n\t\t\t\t\t\t\t\t<div class=\"elementor-text-editor elementor-clearfix\">\n\t\t\t\t<p><strong>Objectifs sp\u00e9cifiques<\/strong><\/p>\t\t\t\t\t<\/div>\n\t\t\t\t\t\t<\/div>\n\t\t\t\t<\/div>\n\t\t\t\t\t\t<\/div>\n\t\t\t\t\t<\/div>\n\t\t<\/div>\n\t\t\t\t\t\t\t\t<\/div>\n\t\t\t\t\t<\/div>\n\t\t<\/section>\n\t\t\t\t<section class=\"elementor-section elementor-top-section elementor-element elementor-element-xxr6tk9 elementor-section-boxed elementor-section-height-default elementor-section-height-default\" data-id=\"xxr6tk9\" data-element_type=\"section\">\n\t\t\t\t\t\t<div class=\"elementor-container elementor-column-gap-default\">\n\t\t\t\t\t\t\t<div class=\"elementor-row\">\n\t\t\t\t\t<div class=\"elementor-column elementor-col-100 elementor-top-column elementor-element elementor-element-wh7xf99\" data-id=\"wh7xf99\" data-element_type=\"column\">\n\t\t\t<div class=\"elementor-column-wrap elementor-element-populated\">\n\t\t\t\t\t\t\t<div class=\"elementor-widget-wrap\">\n\t\t\t\t\t\t<div class=\"elementor-element elementor-element-av5awg2 elementor-widget elementor-widget-toggle\" data-id=\"av5awg2\" data-element_type=\"widget\" data-widget_type=\"toggle.default\">\n\t\t\t\t<div class=\"elementor-widget-container\">\n\t\t\t\t\t<div class=\"elementor-toggle\" role=\"tablist\">\n\t\t\t\t\t\t\t<div class=\"elementor-toggle-item\">\n\t\t\t\t\t<div id=\"elementor-tab-title-4241\" class=\"elementor-tab-title\" data-tab=\"1\" role=\"tab\" aria-controls=\"elementor-tab-content-4241\" aria-expanded=\"false\">\n\t\t\t\t\t\t\t\t\t\t\t\t<span class=\"elementor-toggle-icon elementor-toggle-icon-left\" aria-hidden=\"true\">\n\t\t\t\t\t\t\t\t\t\t\t\t\t\t\t<i class=\"elementor-toggle-icon-closed fa fa-caret-right\"><\/i>\n\t\t\t\t\t\t\t\t<i class=\"elementor-toggle-icon-opened fa fa-caret-up\"><\/i>\n\t\t\t\t\t\t\t\t\t\t\t\t\t<\/span>\n\t\t\t\t\t\t\t\t\t\t\t\t<a href=\"\" class=\"elementor-toggle-title\">R\u00e9unions et visites dans les institutions de l'Etat et les autorit\u00e9s gouvernementales<\/a>\n\t\t\t\t\t<\/div>\n\n\t\t\t\t\t<div id=\"elementor-tab-content-4241\" class=\"elementor-tab-content elementor-clearfix\" data-tab=\"1\" role=\"tabpanel\" aria-labelledby=\"elementor-tab-title-4241\"><\/div>\n\t\t\t\t<\/div>\n\t\t\t\t\t\t\t<div class=\"elementor-toggle-item\">\n\t\t\t\t\t<div id=\"elementor-tab-title-4242\" class=\"elementor-tab-title\" data-tab=\"2\" role=\"tab\" aria-controls=\"elementor-tab-content-4242\" aria-expanded=\"false\">\n\t\t\t\t\t\t\t\t\t\t\t\t<span class=\"elementor-toggle-icon elementor-toggle-icon-left\" aria-hidden=\"true\">\n\t\t\t\t\t\t\t\t\t\t\t\t\t\t\t<i class=\"elementor-toggle-icon-closed fa fa-caret-right\"><\/i>\n\t\t\t\t\t\t\t\t<i class=\"elementor-toggle-icon-opened fa fa-caret-up\"><\/i>\n\t\t\t\t\t\t\t\t\t\t\t\t\t<\/span>\n\t\t\t\t\t\t\t\t\t\t\t\t<a href=\"\" class=\"elementor-toggle-title\">Pr\u00e9paration \u00e0 une progression dans la carri\u00e8re par des \u00e9tudes plus pouss\u00e9es.<\/a>\n\t\t\t\t\t<\/div>\n\n\t\t\t\t\t<div id=\"elementor-tab-content-4242\" class=\"elementor-tab-content elementor-clearfix\" data-tab=\"2\" role=\"tabpanel\" aria-labelledby=\"elementor-tab-title-4242\"><\/div>\n\t\t\t\t<\/div>\n\t\t\t\t\t\t\t<div class=\"elementor-toggle-item\">\n\t\t\t\t\t<div id=\"elementor-tab-title-4243\" class=\"elementor-tab-title\" data-tab=\"3\" role=\"tab\" aria-controls=\"elementor-tab-content-4243\" aria-expanded=\"false\">\n\t\t\t\t\t\t\t\t\t\t\t\t<span class=\"elementor-toggle-icon elementor-toggle-icon-left\" aria-hidden=\"true\">\n\t\t\t\t\t\t\t\t\t\t\t\t\t\t\t<i class=\"elementor-toggle-icon-closed fa fa-caret-right\"><\/i>\n\t\t\t\t\t\t\t\t<i class=\"elementor-toggle-icon-opened fa fa-caret-up\"><\/i>\n\t\t\t\t\t\t\t\t\t\t\t\t\t<\/span>\n\t\t\t\t\t\t\t\t\t\t\t\t<a href=\"\" class=\"elementor-toggle-title\">Les meilleurs conf\u00e9renciers et chercheurs seniors.<\/a>\n\t\t\t\t\t<\/div>\n\n\t\t\t\t\t<div id=\"elementor-tab-content-4243\" class=\"elementor-tab-content elementor-clearfix\" data-tab=\"3\" role=\"tabpanel\" aria-labelledby=\"elementor-tab-title-4243\"><\/div>\n\t\t\t\t<\/div>\n\t\t\t\t\t\t\t<div class=\"elementor-toggle-item\">\n\t\t\t\t\t<div id=\"elementor-tab-title-4244\" class=\"elementor-tab-title\" data-tab=\"4\" role=\"tab\" aria-controls=\"elementor-tab-content-4244\" aria-expanded=\"false\">\n\t\t\t\t\t\t\t\t\t\t\t\t<span class=\"elementor-toggle-icon elementor-toggle-icon-left\" aria-hidden=\"true\">\n\t\t\t\t\t\t\t\t\t\t\t\t\t\t\t<i class=\"elementor-toggle-icon-closed fa fa-caret-right\"><\/i>\n\t\t\t\t\t\t\t\t<i class=\"elementor-toggle-icon-opened fa fa-caret-up\"><\/i>\n\t\t\t\t\t\t\t\t\t\t\t\t\t<\/span>\n\t\t\t\t\t\t\t\t\t\t\t\t<a href=\"\" class=\"elementor-toggle-title\">Sondage aupr\u00e8s des dipl\u00f4m\u00e9s Environ 95% des dipl\u00f4m\u00e9s du D\u00e9partement de sciences politiques et administration publique ont un emploi<\/a>\n\t\t\t\t\t<\/div>\n\n\t\t\t\t\t<div id=\"elementor-tab-content-4244\" class=\"elementor-tab-content elementor-clearfix\" data-tab=\"4\" role=\"tabpanel\" aria-labelledby=\"elementor-tab-title-4244\"><\/div>\n\t\t\t\t<\/div>\n\t\t\t\t\t\t\t<div class=\"elementor-toggle-item\">\n\t\t\t\t\t<div id=\"elementor-tab-title-4245\" class=\"elementor-tab-title\" data-tab=\"5\" role=\"tab\" aria-controls=\"elementor-tab-content-4245\" aria-expanded=\"false\">\n\t\t\t\t\t\t\t\t\t\t\t\t<span class=\"elementor-toggle-icon elementor-toggle-icon-left\" aria-hidden=\"true\">\n\t\t\t\t\t\t\t\t\t\t\t\t\t\t\t<i class=\"elementor-toggle-icon-closed fa fa-caret-right\"><\/i>\n\t\t\t\t\t\t\t\t<i class=\"elementor-toggle-icon-opened fa fa-caret-up\"><\/i>\n\t\t\t\t\t\t\t\t\t\t\t\t\t<\/span>\n\t\t\t\t\t\t\t\t\t\t\t\t<a href=\"\" class=\"elementor-toggle-title\">Petits groupes d'\u00e9tude.<\/a>\n\t\t\t\t\t<\/div>\n\n\t\t\t\t\t<div id=\"elementor-tab-content-4245\" class=\"elementor-tab-content elementor-clearfix\" data-tab=\"5\" role=\"tabpanel\" aria-labelledby=\"elementor-tab-title-4245\"><\/div>\n\t\t\t\t<\/div>\n\t\t\t\t\t\t\t<div class=\"elementor-toggle-item\">\n\t\t\t\t\t<div id=\"elementor-tab-title-4246\" class=\"elementor-tab-title\" data-tab=\"6\" role=\"tab\" aria-controls=\"elementor-tab-content-4246\" aria-expanded=\"false\">\n\t\t\t\t\t\t\t\t\t\t\t\t<span class=\"elementor-toggle-icon elementor-toggle-icon-left\" aria-hidden=\"true\">\n\t\t\t\t\t\t\t\t\t\t\t\t\t\t\t<i class=\"elementor-toggle-icon-closed fa fa-caret-right\"><\/i>\n\t\t\t\t\t\t\t\t<i class=\"elementor-toggle-icon-opened fa fa-caret-up\"><\/i>\n\t\t\t\t\t\t\t\t\t\t\t\t\t<\/span>\n\t\t\t\t\t\t\t\t\t\t\t\t<a href=\"\" class=\"elementor-toggle-title\">Conf\u00e9rences acad\u00e9miques<\/a>\n\t\t\t\t\t<\/div>\n\n\t\t\t\t\t<div id=\"elementor-tab-content-4246\" class=\"elementor-tab-content elementor-clearfix\" data-tab=\"6\" role=\"tabpanel\" aria-labelledby=\"elementor-tab-title-4246\"><\/div>\n\t\t\t\t<\/div>\n\t\t\t\t\t\t\t\t<\/div>\n\t\t\t\t<\/div>\n\t\t\t\t<\/div>\n\t\t\t\t\t\t<\/div>\n\t\t\t\t\t<\/div>\n\t\t<\/div>\n\t\t\t\t\t\t\t\t<\/div>\n\t\t\t\t\t<\/div>\n\t\t<\/section>\n\t\t\t\t\t\t<\/div>\n\t\t\t\t\t\t<\/div>\n\t\t\t\t\t<\/div>\n\t\t","protected":false},"excerpt":{"rendered":"<p>Objectif de la formation Au 21\u00e8me si\u00e8cle en Isra\u00ebl, les besoins de la soci\u00e9t\u00e9 et de l&rsquo;\u00e9conomie, en particulier dans le secteur des services publics, exigent que les fonctionnaires qui agissent dans ce domaine, aient une formation acad\u00e9mique appropri\u00e9e. Les \u00e9tudes de dipl\u00f4me en sciences politiques et administration publique sont destin\u00e9es \u00e0 procurer le contexte [&hellip;]<\/p>\n","protected":false},"author":4,"featured_media":53,"parent":43,"menu_order":0,"comment_status":"closed","ping_status":"closed","template":"page-templates\/builder-page.php","meta":[],"yoast_head":"<!-- This site is optimized with the Yoast SEO plugin v15.7 - https:\/\/yoast.com\/wordpress\/plugins\/seo\/ -->\n<meta name=\"robots\" content=\"index, follow, max-snippet:-1, max-image-preview:large, max-video-preview:-1\" \/>\n<link rel=\"canonical\" href=\"https:\/\/www.aac.ac.il\/campus-academique-dashkelon\/sciences-sociales\/b-a-en-administration-publique\/\" \/>\n<meta property=\"og:locale\" content=\"fr_FR\" \/>\n<meta property=\"og:type\" content=\"article\" \/>\n<meta property=\"og:title\" content=\"B.A. en Administration publique | CAMPUS ACAD\u00c9MIQUE D\u2019ASHKELON\" \/>\n<meta property=\"og:description\" content=\"Objectif de la formation Au 21\u00e8me si\u00e8cle en Isra\u00ebl, les besoins de la soci\u00e9t\u00e9 et de l&rsquo;\u00e9conomie, en particulier dans le secteur des services publics, exigent que les fonctionnaires qui agissent dans ce domaine, aient une formation acad\u00e9mique appropri\u00e9e. Les \u00e9tudes de dipl\u00f4me en sciences politiques et administration publique sont destin\u00e9es \u00e0 procurer le contexte [&hellip;]\" \/>\n<meta property=\"og:url\" content=\"https:\/\/www.aac.ac.il\/campus-academique-dashkelon\/sciences-sociales\/b-a-en-administration-publique\/\" \/>\n<meta property=\"og:site_name\" content=\"CAMPUS ACAD\u00c9MIQUE D\u2019ASHKELON\" \/>\n<meta property=\"article:modified_time\" content=\"2018-04-25T10:25:53+00:00\" \/>\n<meta property=\"og:image\" content=\"https:\/\/www.aac.ac.il\/campus-academique-dashkelon\/wp-content\/uploads\/sites\/22\/2018\/03\/700x7008.jpg\" \/>\n\t<meta property=\"og:image:width\" content=\"700\" \/>\n\t<meta property=\"og:image:height\" content=\"700\" \/>\n<meta name=\"twitter:card\" content=\"summary\" \/>\n<meta name=\"twitter:label1\" content=\"Dur\u00e9e de lecture est.\">\n\t<meta name=\"twitter:data1\" content=\"2 minutes\">\n<script type=\"application\/ld+json\" class=\"yoast-schema-graph\">{\"@context\":\"https:\/\/schema.org\",\"@graph\":[{\"@type\":\"WebSite\",\"@id\":\"https:\/\/www.aac.ac.il\/campus-academique-dashkelon\/?lang=en\/#website\",\"url\":\"https:\/\/www.aac.ac.il\/campus-academique-dashkelon\/?lang=en\/\",\"name\":\"CAMPUS ACAD\\u00c9MIQUE D\\u2019ASHKELON\",\"description\":\" \\u05d7\\u05d3\\u05e9 - \\u05de\\u05db\\u05dc\\u05dc\\u05ea \\u05d0\\u05e9\\u05e7\\u05dc\\u05d5\\u05df\",\"potentialAction\":[{\"@type\":\"SearchAction\",\"target\":\"https:\/\/www.aac.ac.il\/campus-academique-dashkelon\/?lang=en\/?s={search_term_string}\",\"query-input\":\"required name=search_term_string\"}],\"inLanguage\":\"fr-FR\"},{\"@type\":\"ImageObject\",\"@id\":\"https:\/\/www.aac.ac.il\/campus-academique-dashkelon\/sciences-sociales\/b-a-en-administration-publique\/#primaryimage\",\"inLanguage\":\"fr-FR\",\"url\":\"https:\/\/www.aac.ac.il\/campus-academique-dashkelon\/wp-content\/uploads\/sites\/22\/2018\/03\/700x7008.jpg\",\"width\":700,\"height\":700},{\"@type\":\"WebPage\",\"@id\":\"https:\/\/www.aac.ac.il\/campus-academique-dashkelon\/sciences-sociales\/b-a-en-administration-publique\/#webpage\",\"url\":\"https:\/\/www.aac.ac.il\/campus-academique-dashkelon\/sciences-sociales\/b-a-en-administration-publique\/\",\"name\":\"B.A. en Administration publique | CAMPUS ACAD\\u00c9MIQUE D\\u2019ASHKELON\",\"isPartOf\":{\"@id\":\"https:\/\/www.aac.ac.il\/campus-academique-dashkelon\/?lang=en\/#website\"},\"primaryImageOfPage\":{\"@id\":\"https:\/\/www.aac.ac.il\/campus-academique-dashkelon\/sciences-sociales\/b-a-en-administration-publique\/#primaryimage\"},\"datePublished\":\"2018-03-22T09:14:09+00:00\",\"dateModified\":\"2018-04-25T10:25:53+00:00\",\"breadcrumb\":{\"@id\":\"https:\/\/www.aac.ac.il\/campus-academique-dashkelon\/sciences-sociales\/b-a-en-administration-publique\/#breadcrumb\"},\"inLanguage\":\"fr-FR\",\"potentialAction\":[{\"@type\":\"ReadAction\",\"target\":[\"https:\/\/www.aac.ac.il\/campus-academique-dashkelon\/sciences-sociales\/b-a-en-administration-publique\/\"]}]},{\"@type\":\"BreadcrumbList\",\"@id\":\"https:\/\/www.aac.ac.il\/campus-academique-dashkelon\/sciences-sociales\/b-a-en-administration-publique\/#breadcrumb\",\"itemListElement\":[{\"@type\":\"ListItem\",\"position\":1,\"item\":{\"@type\":\"WebPage\",\"@id\":\"https:\/\/www.aac.ac.il\/\",\"url\":\"https:\/\/www.aac.ac.il\/\",\"name\":\"\\u05d4\\u05de\\u05db\\u05dc\\u05dc\\u05d4 \\u05d4\\u05d0\\u05e7\\u05d3\\u05de\\u05d9\\u05ea \\u05d0\\u05e9\\u05e7\\u05dc\\u05d5\\u05df\"}},{\"@type\":\"ListItem\",\"position\":2,\"item\":{\"@type\":\"WebPage\",\"@id\":\"https:\/\/www.aac.ac.il\/campus-academique-dashkelon\/\",\"url\":\"https:\/\/www.aac.ac.il\/campus-academique-dashkelon\/\",\"name\":\"CAMPUS ACAD\\u00c9MIQUE D\\u2019ASHKELON!\"}},{\"@type\":\"ListItem\",\"position\":3,\"item\":{\"@type\":\"WebPage\",\"@id\":\"https:\/\/www.aac.ac.il\/campus-academique-dashkelon\/sciences-sociales\/\",\"url\":\"https:\/\/www.aac.ac.il\/campus-academique-dashkelon\/sciences-sociales\/\",\"name\":\"Sciences Sociales\"}},{\"@type\":\"ListItem\",\"position\":4,\"item\":{\"@type\":\"WebPage\",\"@id\":\"https:\/\/www.aac.ac.il\/campus-academique-dashkelon\/sciences-sociales\/b-a-en-administration-publique\/\",\"url\":\"https:\/\/www.aac.ac.il\/campus-academique-dashkelon\/sciences-sociales\/b-a-en-administration-publique\/\",\"name\":\"B.A. en Administration publique\"}}]}]}<\/script>\n<!-- \/ Yoast SEO plugin. -->","_links":{"self":[{"href":"https:\/\/www.aac.ac.il\/campus-academique-dashkelon\/wp-json\/wp\/v2\/pages\/52"}],"collection":[{"href":"https:\/\/www.aac.ac.il\/campus-academique-dashkelon\/wp-json\/wp\/v2\/pages"}],"about":[{"href":"https:\/\/www.aac.ac.il\/campus-academique-dashkelon\/wp-json\/wp\/v2\/types\/page"}],"author":[{"embeddable":true,"href":"https:\/\/www.aac.ac.il\/campus-academique-dashkelon\/wp-json\/wp\/v2\/users\/4"}],"replies":[{"embeddable":true,"href":"https:\/\/www.aac.ac.il\/campus-academique-dashkelon\/wp-json\/wp\/v2\/comments?post=52"}],"version-history":[{"count":0,"href":"https:\/\/www.aac.ac.il\/campus-academique-dashkelon\/wp-json\/wp\/v2\/pages\/52\/revisions"}],"up":[{"embeddable":true,"href":"https:\/\/www.aac.ac.il\/campus-academique-dashkelon\/wp-json\/wp\/v2\/pages\/43"}],"wp:featuredmedia":[{"embeddable":true,"href":"https:\/\/www.aac.ac.il\/campus-academique-dashkelon\/wp-json\/wp\/v2\/media\/53"}],"wp:attachment":[{"href":"https:\/\/www.aac.ac.il\/campus-academique-dashkelon\/wp-json\/wp\/v2\/media?parent=52"}],"curies":[{"name":"wp","href":"https:\/\/api.w.org\/{rel}","templated":true}]}}