

{"id":90,"date":"2018-04-25T12:08:50","date_gmt":"2018-04-25T09:08:50","guid":{"rendered":"https:\/\/www.aac.ac.il\/campus-academique-dashkelon\/?page_id=90"},"modified":"2018-04-25T13:44:03","modified_gmt":"2018-04-25T10:44:03","slug":"b-etudes-interdisciplinaires-en-sciences-sociales","status":"publish","type":"page","link":"https:\/\/www.aac.ac.il\/campus-academique-dashkelon\/sciences-sociales\/b-etudes-interdisciplinaires-en-sciences-sociales\/","title":{"rendered":"B.A. \u00c9tudes interdisciplinaires en sciences sociales"},"content":{"rendered":"\t\t<div data-elementor-type=\"wp-post\" data-elementor-id=\"90\" class=\"elementor elementor-90 elementor-bc-flex-widget\" data-elementor-settings=\"[]\">\n\t\t\t\t\t\t<div class=\"elementor-inner\">\n\t\t\t\t\t\t\t<div class=\"elementor-section-wrap\">\n\t\t\t\t\t\t\t<section class=\"elementor-section elementor-top-section elementor-element elementor-element-dzscf80 elementor-section-boxed elementor-section-height-default elementor-section-height-default\" data-id=\"dzscf80\" data-element_type=\"section\">\n\t\t\t\t\t\t<div class=\"elementor-container elementor-column-gap-default\">\n\t\t\t\t\t\t\t<div class=\"elementor-row\">\n\t\t\t\t\t<div class=\"elementor-column elementor-col-100 elementor-top-column elementor-element elementor-element-4rm0wwa\" data-id=\"4rm0wwa\" data-element_type=\"column\">\n\t\t\t<div class=\"elementor-column-wrap elementor-element-populated\">\n\t\t\t\t\t\t\t<div class=\"elementor-widget-wrap\">\n\t\t\t\t\t\t<div class=\"elementor-element elementor-element-457ma73 elementor-widget elementor-widget-text-editor\" data-id=\"457ma73\" data-element_type=\"widget\" data-widget_type=\"text-editor.default\">\n\t\t\t\t<div class=\"elementor-widget-container\">\n\t\t\t\t\t\t\t\t<div class=\"elementor-text-editor elementor-clearfix\">\n\t\t\t\t<p><strong>Objectif de la formation<\/strong><\/p><p>Le programme propos\u00e9 par la facult\u00e9 d&rsquo;\u00e9tudes interdisciplinaires en sciences sociales offre aux \u00e9tudiants une large base dans divers domaines de connaissances. Les programmes d&rsquo;\u00e9tude comprennent divers fili\u00e8res et des cours sp\u00e9ciaux adapt\u00e9s principalement pour l&rsquo;\u00e9tudiant. Ces fili\u00e8res font acqu\u00e9rir des connaissances et des outils dans les principaux domaines de de la vie.<\/p><p>Le programme interdisciplinaire est une solution pour ceux qui ont du mal \u00e0 choisir entre plusieurs alternatives en sciences sociales ou \u00e0 ceux qui s&rsquo;int\u00e9ressent \u00e0 un riche programme d&rsquo;\u00e9tudes en sciences sociales dans le cadre du dipl\u00f4me de licence.<\/p>\t\t\t\t\t<\/div>\n\t\t\t\t\t\t<\/div>\n\t\t\t\t<\/div>\n\t\t\t\t\t\t<\/div>\n\t\t\t\t\t<\/div>\n\t\t<\/div>\n\t\t\t\t\t\t\t\t<\/div>\n\t\t\t\t\t<\/div>\n\t\t<\/section>\n\t\t\t\t<section class=\"elementor-section elementor-top-section elementor-element elementor-element-rbo3vu0 elementor-section-boxed elementor-section-height-default elementor-section-height-default\" data-id=\"rbo3vu0\" data-element_type=\"section\">\n\t\t\t\t\t\t<div class=\"elementor-container elementor-column-gap-default\">\n\t\t\t\t\t\t\t<div class=\"elementor-row\">\n\t\t\t\t\t<div class=\"elementor-column elementor-col-100 elementor-top-column elementor-element elementor-element-02yo68y\" data-id=\"02yo68y\" data-element_type=\"column\">\n\t\t\t<div class=\"elementor-column-wrap elementor-element-populated\">\n\t\t\t\t\t\t\t<div class=\"elementor-widget-wrap\">\n\t\t\t\t\t\t<div class=\"elementor-element elementor-element-1qku7lo elementor-widget elementor-widget-text-editor\" data-id=\"1qku7lo\" data-element_type=\"widget\" data-widget_type=\"text-editor.default\">\n\t\t\t\t<div class=\"elementor-widget-container\">\n\t\t\t\t\t\t\t\t<div class=\"elementor-text-editor elementor-clearfix\">\n\t\t\t\t<p><strong>Le programme de l\u2019\u00e9tude<\/strong><\/p><p>Le programme comprend trois volets\u00a0: Gestion, Ressources humaines et Education. Chaque volet a cinq divisions\u00a0: la premi\u00e8re division porte le nom de la fili\u00e8re.\u00a0\u00a0\u00a0\u00a0\u00a0\u00a0\u00a0\u00a0\u00a0\u00a0\u00a0\u00a0\u00a0\u00a0\u00a0<\/p><p>Les trois divisions suivantes sont issues de diff\u00e9rentes disciplines\u00a0: Sociologie et Anthropologie, \u00c9ducation, Sciences politique, Ressources humaines, Psychologie, Orientation scolaire et Gestion. Dans la cinqui\u00e8me division, les \u00e9tudes portent\u00a0des cours de m\u00e9thodologie\u00a0: introduction aux statistiques, applications informatiques, orientation bibliographique et r\u00e9daction scientifique, m\u00e9thodes de recherche quantitative et qualitative.<\/p><p>Le programme a \u00e9t\u00e9 fond\u00e9 pour ceux qui consid\u00e8rent les sciences sociales comme un domaine humain fascinant, combinant de nombreux types de connaissances, l&rsquo;int\u00e9r\u00eat intellectuel et l&rsquo;exp\u00e9rience personnelle. Il est destin\u00e9 aussi, \u00e0 ceux qui travaillent d\u00e9j\u00e0 et souhaitent faire l&rsquo;exp\u00e9rience d&rsquo;\u00e9tudes th\u00e9oriques qui associent des \u00e9tudes suppl\u00e9mentaires avec un accent pratique.<\/p>\t\t\t\t\t<\/div>\n\t\t\t\t\t\t<\/div>\n\t\t\t\t<\/div>\n\t\t\t\t\t\t<\/div>\n\t\t\t\t\t<\/div>\n\t\t<\/div>\n\t\t\t\t\t\t\t\t<\/div>\n\t\t\t\t\t<\/div>\n\t\t<\/section>\n\t\t\t\t<section class=\"elementor-section elementor-top-section elementor-element elementor-element-6u0qis0 elementor-section-boxed elementor-section-height-default elementor-section-height-default\" data-id=\"6u0qis0\" data-element_type=\"section\">\n\t\t\t\t\t\t<div class=\"elementor-container elementor-column-gap-default\">\n\t\t\t\t\t\t\t<div class=\"elementor-row\">\n\t\t\t\t\t<div class=\"elementor-column elementor-col-100 elementor-top-column elementor-element elementor-element-pr45ofr\" data-id=\"pr45ofr\" data-element_type=\"column\">\n\t\t\t<div class=\"elementor-column-wrap elementor-element-populated\">\n\t\t\t\t\t\t\t<div class=\"elementor-widget-wrap\">\n\t\t\t\t\t\t<div class=\"elementor-element elementor-element-64esm7o elementor-widget elementor-widget-toggle\" data-id=\"64esm7o\" data-element_type=\"widget\" data-widget_type=\"toggle.default\">\n\t\t\t\t<div class=\"elementor-widget-container\">\n\t\t\t\t\t<div class=\"elementor-toggle\" role=\"tablist\">\n\t\t\t\t\t\t\t<div class=\"elementor-toggle-item\">\n\t\t\t\t\t<div id=\"elementor-tab-title-2581\" class=\"elementor-tab-title\" data-tab=\"1\" role=\"tab\" aria-controls=\"elementor-tab-content-2581\" aria-expanded=\"false\">\n\t\t\t\t\t\t\t\t\t\t\t\t<span class=\"elementor-toggle-icon elementor-toggle-icon-left\" aria-hidden=\"true\">\n\t\t\t\t\t\t\t\t\t\t\t\t\t\t\t<i class=\"elementor-toggle-icon-closed fa fa-caret-right\"><\/i>\n\t\t\t\t\t\t\t\t<i class=\"elementor-toggle-icon-opened fa fa-caret-up\"><\/i>\n\t\t\t\t\t\t\t\t\t\t\t\t\t<\/span>\n\t\t\t\t\t\t\t\t\t\t\t\t<a href=\"\" class=\"elementor-toggle-title\">Une gamme de domaines de connaissances et flexibilit\u00e9 \u00e0 l'emploi.<\/a>\n\t\t\t\t\t<\/div>\n\n\t\t\t\t\t<div id=\"elementor-tab-content-2581\" class=\"elementor-tab-content elementor-clearfix\" data-tab=\"1\" role=\"tabpanel\" aria-labelledby=\"elementor-tab-title-2581\"><\/div>\n\t\t\t\t<\/div>\n\t\t\t\t\t\t\t<div class=\"elementor-toggle-item\">\n\t\t\t\t\t<div id=\"elementor-tab-title-2582\" class=\"elementor-tab-title\" data-tab=\"2\" role=\"tab\" aria-controls=\"elementor-tab-content-2582\" aria-expanded=\"false\">\n\t\t\t\t\t\t\t\t\t\t\t\t<span class=\"elementor-toggle-icon elementor-toggle-icon-left\" aria-hidden=\"true\">\n\t\t\t\t\t\t\t\t\t\t\t\t\t\t\t<i class=\"elementor-toggle-icon-closed fa fa-caret-right\"><\/i>\n\t\t\t\t\t\t\t\t<i class=\"elementor-toggle-icon-opened fa fa-caret-up\"><\/i>\n\t\t\t\t\t\t\t\t\t\t\t\t\t<\/span>\n\t\t\t\t\t\t\t\t\t\t\t\t<a href=\"\" class=\"elementor-toggle-title\">Pr\u00e9paration au d\u00e9veloppement de carri\u00e8re et \u00e9tudes avanc\u00e9es.<\/a>\n\t\t\t\t\t<\/div>\n\n\t\t\t\t\t<div id=\"elementor-tab-content-2582\" class=\"elementor-tab-content elementor-clearfix\" data-tab=\"2\" role=\"tabpanel\" aria-labelledby=\"elementor-tab-title-2582\"><\/div>\n\t\t\t\t<\/div>\n\t\t\t\t\t\t\t<div class=\"elementor-toggle-item\">\n\t\t\t\t\t<div id=\"elementor-tab-title-2583\" class=\"elementor-tab-title\" data-tab=\"3\" role=\"tab\" aria-controls=\"elementor-tab-content-2583\" aria-expanded=\"false\">\n\t\t\t\t\t\t\t\t\t\t\t\t<span class=\"elementor-toggle-icon elementor-toggle-icon-left\" aria-hidden=\"true\">\n\t\t\t\t\t\t\t\t\t\t\t\t\t\t\t<i class=\"elementor-toggle-icon-closed fa fa-caret-right\"><\/i>\n\t\t\t\t\t\t\t\t<i class=\"elementor-toggle-icon-opened fa fa-caret-up\"><\/i>\n\t\t\t\t\t\t\t\t\t\t\t\t\t<\/span>\n\t\t\t\t\t\t\t\t\t\t\t\t<a href=\"\" class=\"elementor-toggle-title\">On ne s\u2019arr\u00eate pas \u00e0 la licence.<\/a>\n\t\t\t\t\t<\/div>\n\n\t\t\t\t\t<div id=\"elementor-tab-content-2583\" class=\"elementor-tab-content elementor-clearfix\" data-tab=\"3\" role=\"tabpanel\" aria-labelledby=\"elementor-tab-title-2583\"><\/div>\n\t\t\t\t<\/div>\n\t\t\t\t\t\t\t<div class=\"elementor-toggle-item\">\n\t\t\t\t\t<div id=\"elementor-tab-title-2584\" class=\"elementor-tab-title\" data-tab=\"4\" role=\"tab\" aria-controls=\"elementor-tab-content-2584\" aria-expanded=\"false\">\n\t\t\t\t\t\t\t\t\t\t\t\t<span class=\"elementor-toggle-icon elementor-toggle-icon-left\" aria-hidden=\"true\">\n\t\t\t\t\t\t\t\t\t\t\t\t\t\t\t<i class=\"elementor-toggle-icon-closed fa fa-caret-right\"><\/i>\n\t\t\t\t\t\t\t\t<i class=\"elementor-toggle-icon-opened fa fa-caret-up\"><\/i>\n\t\t\t\t\t\t\t\t\t\t\t\t\t<\/span>\n\t\t\t\t\t\t\t\t\t\t\t\t<a href=\"\" class=\"elementor-toggle-title\">Petits groupes d'\u00e9tude.<\/a>\n\t\t\t\t\t<\/div>\n\n\t\t\t\t\t<div id=\"elementor-tab-content-2584\" class=\"elementor-tab-content elementor-clearfix\" data-tab=\"4\" role=\"tabpanel\" aria-labelledby=\"elementor-tab-title-2584\"><\/div>\n\t\t\t\t<\/div>\n\t\t\t\t\t\t\t<div class=\"elementor-toggle-item\">\n\t\t\t\t\t<div id=\"elementor-tab-title-2585\" class=\"elementor-tab-title\" data-tab=\"5\" role=\"tab\" aria-controls=\"elementor-tab-content-2585\" aria-expanded=\"false\">\n\t\t\t\t\t\t\t\t\t\t\t\t<span class=\"elementor-toggle-icon elementor-toggle-icon-left\" aria-hidden=\"true\">\n\t\t\t\t\t\t\t\t\t\t\t\t\t\t\t<i class=\"elementor-toggle-icon-closed fa fa-caret-right\"><\/i>\n\t\t\t\t\t\t\t\t<i class=\"elementor-toggle-icon-opened fa fa-caret-up\"><\/i>\n\t\t\t\t\t\t\t\t\t\t\t\t\t<\/span>\n\t\t\t\t\t\t\t\t\t\t\t\t<a href=\"\" class=\"elementor-toggle-title\">Meilleurs conf\u00e9renciers et chercheurs <\/a>\n\t\t\t\t\t<\/div>\n\n\t\t\t\t\t<div id=\"elementor-tab-content-2585\" class=\"elementor-tab-content elementor-clearfix\" data-tab=\"5\" role=\"tabpanel\" aria-labelledby=\"elementor-tab-title-2585\"><\/div>\n\t\t\t\t<\/div>\n\t\t\t\t\t\t\t\t<\/div>\n\t\t\t\t<\/div>\n\t\t\t\t<\/div>\n\t\t\t\t\t\t<\/div>\n\t\t\t\t\t<\/div>\n\t\t<\/div>\n\t\t\t\t\t\t\t\t<\/div>\n\t\t\t\t\t<\/div>\n\t\t<\/section>\n\t\t\t\t\t\t<\/div>\n\t\t\t\t\t\t<\/div>\n\t\t\t\t\t<\/div>\n\t\t","protected":false},"excerpt":{"rendered":"<p>Objectif de la formation Le programme propos\u00e9 par la facult\u00e9 d&rsquo;\u00e9tudes interdisciplinaires en sciences sociales offre aux \u00e9tudiants une large base dans divers domaines de connaissances. Les programmes d&rsquo;\u00e9tude comprennent divers fili\u00e8res et des cours sp\u00e9ciaux adapt\u00e9s principalement pour l&rsquo;\u00e9tudiant. Ces fili\u00e8res font acqu\u00e9rir des connaissances et des outils dans les principaux domaines de de [&hellip;]<\/p>\n","protected":false},"author":4,"featured_media":0,"parent":43,"menu_order":0,"comment_status":"closed","ping_status":"closed","template":"page-templates\/builder-page.php","meta":[],"yoast_head":"<!-- This site is optimized with the Yoast SEO plugin v15.7 - https:\/\/yoast.com\/wordpress\/plugins\/seo\/ -->\n<meta name=\"robots\" content=\"index, follow, max-snippet:-1, max-image-preview:large, max-video-preview:-1\" \/>\n<link rel=\"canonical\" href=\"https:\/\/www.aac.ac.il\/campus-academique-dashkelon\/sciences-sociales\/b-etudes-interdisciplinaires-en-sciences-sociales\/\" \/>\n<meta property=\"og:locale\" content=\"fr_FR\" \/>\n<meta property=\"og:type\" content=\"article\" \/>\n<meta property=\"og:title\" content=\"B.A. \u00c9tudes interdisciplinaires en sciences sociales | CAMPUS ACAD\u00c9MIQUE D\u2019ASHKELON\" \/>\n<meta property=\"og:description\" content=\"Objectif de la formation Le programme propos\u00e9 par la facult\u00e9 d&rsquo;\u00e9tudes interdisciplinaires en sciences sociales offre aux \u00e9tudiants une large base dans divers domaines de connaissances. Les programmes d&rsquo;\u00e9tude comprennent divers fili\u00e8res et des cours sp\u00e9ciaux adapt\u00e9s principalement pour l&rsquo;\u00e9tudiant. Ces fili\u00e8res font acqu\u00e9rir des connaissances et des outils dans les principaux domaines de de [&hellip;]\" \/>\n<meta property=\"og:url\" content=\"https:\/\/www.aac.ac.il\/campus-academique-dashkelon\/sciences-sociales\/b-etudes-interdisciplinaires-en-sciences-sociales\/\" \/>\n<meta property=\"og:site_name\" content=\"CAMPUS ACAD\u00c9MIQUE D\u2019ASHKELON\" \/>\n<meta property=\"article:modified_time\" content=\"2018-04-25T10:44:03+00:00\" \/>\n<meta name=\"twitter:card\" content=\"summary\" \/>\n<meta name=\"twitter:label1\" content=\"Dur\u00e9e de lecture est.\">\n\t<meta name=\"twitter:data1\" content=\"1 minute\">\n<script type=\"application\/ld+json\" class=\"yoast-schema-graph\">{\"@context\":\"https:\/\/schema.org\",\"@graph\":[{\"@type\":\"WebSite\",\"@id\":\"https:\/\/www.aac.ac.il\/campus-academique-dashkelon\/?lang=en\/#website\",\"url\":\"https:\/\/www.aac.ac.il\/campus-academique-dashkelon\/?lang=en\/\",\"name\":\"CAMPUS ACAD\\u00c9MIQUE D\\u2019ASHKELON\",\"description\":\" \\u05d7\\u05d3\\u05e9 - \\u05de\\u05db\\u05dc\\u05dc\\u05ea \\u05d0\\u05e9\\u05e7\\u05dc\\u05d5\\u05df\",\"potentialAction\":[{\"@type\":\"SearchAction\",\"target\":\"https:\/\/www.aac.ac.il\/campus-academique-dashkelon\/?lang=en\/?s={search_term_string}\",\"query-input\":\"required name=search_term_string\"}],\"inLanguage\":\"fr-FR\"},{\"@type\":\"WebPage\",\"@id\":\"https:\/\/www.aac.ac.il\/campus-academique-dashkelon\/sciences-sociales\/b-etudes-interdisciplinaires-en-sciences-sociales\/#webpage\",\"url\":\"https:\/\/www.aac.ac.il\/campus-academique-dashkelon\/sciences-sociales\/b-etudes-interdisciplinaires-en-sciences-sociales\/\",\"name\":\"B.A. \\u00c9tudes interdisciplinaires en sciences sociales | CAMPUS ACAD\\u00c9MIQUE D\\u2019ASHKELON\",\"isPartOf\":{\"@id\":\"https:\/\/www.aac.ac.il\/campus-academique-dashkelon\/?lang=en\/#website\"},\"datePublished\":\"2018-04-25T09:08:50+00:00\",\"dateModified\":\"2018-04-25T10:44:03+00:00\",\"breadcrumb\":{\"@id\":\"https:\/\/www.aac.ac.il\/campus-academique-dashkelon\/sciences-sociales\/b-etudes-interdisciplinaires-en-sciences-sociales\/#breadcrumb\"},\"inLanguage\":\"fr-FR\",\"potentialAction\":[{\"@type\":\"ReadAction\",\"target\":[\"https:\/\/www.aac.ac.il\/campus-academique-dashkelon\/sciences-sociales\/b-etudes-interdisciplinaires-en-sciences-sociales\/\"]}]},{\"@type\":\"BreadcrumbList\",\"@id\":\"https:\/\/www.aac.ac.il\/campus-academique-dashkelon\/sciences-sociales\/b-etudes-interdisciplinaires-en-sciences-sociales\/#breadcrumb\",\"itemListElement\":[{\"@type\":\"ListItem\",\"position\":1,\"item\":{\"@type\":\"WebPage\",\"@id\":\"https:\/\/www.aac.ac.il\/\",\"url\":\"https:\/\/www.aac.ac.il\/\",\"name\":\"\\u05d4\\u05de\\u05db\\u05dc\\u05dc\\u05d4 \\u05d4\\u05d0\\u05e7\\u05d3\\u05de\\u05d9\\u05ea \\u05d0\\u05e9\\u05e7\\u05dc\\u05d5\\u05df\"}},{\"@type\":\"ListItem\",\"position\":2,\"item\":{\"@type\":\"WebPage\",\"@id\":\"https:\/\/www.aac.ac.il\/campus-academique-dashkelon\/\",\"url\":\"https:\/\/www.aac.ac.il\/campus-academique-dashkelon\/\",\"name\":\"CAMPUS ACAD\\u00c9MIQUE D\\u2019ASHKELON!\"}},{\"@type\":\"ListItem\",\"position\":3,\"item\":{\"@type\":\"WebPage\",\"@id\":\"https:\/\/www.aac.ac.il\/campus-academique-dashkelon\/sciences-sociales\/\",\"url\":\"https:\/\/www.aac.ac.il\/campus-academique-dashkelon\/sciences-sociales\/\",\"name\":\"Sciences Sociales\"}},{\"@type\":\"ListItem\",\"position\":4,\"item\":{\"@type\":\"WebPage\",\"@id\":\"https:\/\/www.aac.ac.il\/campus-academique-dashkelon\/sciences-sociales\/b-etudes-interdisciplinaires-en-sciences-sociales\/\",\"url\":\"https:\/\/www.aac.ac.il\/campus-academique-dashkelon\/sciences-sociales\/b-etudes-interdisciplinaires-en-sciences-sociales\/\",\"name\":\"B.A. \\u00c9tudes interdisciplinaires en sciences sociales\"}}]}]}<\/script>\n<!-- \/ Yoast SEO plugin. -->","_links":{"self":[{"href":"https:\/\/www.aac.ac.il\/campus-academique-dashkelon\/wp-json\/wp\/v2\/pages\/90"}],"collection":[{"href":"https:\/\/www.aac.ac.il\/campus-academique-dashkelon\/wp-json\/wp\/v2\/pages"}],"about":[{"href":"https:\/\/www.aac.ac.il\/campus-academique-dashkelon\/wp-json\/wp\/v2\/types\/page"}],"author":[{"embeddable":true,"href":"https:\/\/www.aac.ac.il\/campus-academique-dashkelon\/wp-json\/wp\/v2\/users\/4"}],"replies":[{"embeddable":true,"href":"https:\/\/www.aac.ac.il\/campus-academique-dashkelon\/wp-json\/wp\/v2\/comments?post=90"}],"version-history":[{"count":0,"href":"https:\/\/www.aac.ac.il\/campus-academique-dashkelon\/wp-json\/wp\/v2\/pages\/90\/revisions"}],"up":[{"embeddable":true,"href":"https:\/\/www.aac.ac.il\/campus-academique-dashkelon\/wp-json\/wp\/v2\/pages\/43"}],"wp:attachment":[{"href":"https:\/\/www.aac.ac.il\/campus-academique-dashkelon\/wp-json\/wp\/v2\/media?parent=90"}],"curies":[{"name":"wp","href":"https:\/\/api.w.org\/{rel}","templated":true}]}}