

{"id":11121,"date":"2020-01-30T15:06:50","date_gmt":"2020-01-30T13:06:50","guid":{"rendered":"https:\/\/www.aac.ac.il\/?page_id=11121"},"modified":"2020-01-30T15:12:04","modified_gmt":"2020-01-30T13:12:04","slug":"maitrise-m-a-en-criminologie-clinique-avec-these","status":"publish","type":"page","link":"https:\/\/www.aac.ac.il\/fr\/sciences-sociales\/maitrise-m-a-en-criminologie-clinique-avec-these\/","title":{"rendered":"Ma\u00eetrise M.A en criminologie clinique avec th\u00e8se*"},"content":{"rendered":"\t\t<div data-elementor-type=\"wp-page\" data-elementor-id=\"11121\" class=\"elementor elementor-11121\" data-elementor-settings=\"[]\">\n\t\t\t\t\t\t<div class=\"elementor-inner\">\n\t\t\t\t\t\t\t<div class=\"elementor-section-wrap\">\n\t\t\t\t\t\t\t<section class=\"elementor-section elementor-top-section elementor-element elementor-element-583b9d0 elementor-section-boxed elementor-section-height-default elementor-section-height-default\" data-id=\"583b9d0\" data-element_type=\"section\">\n\t\t\t\t\t\t<div class=\"elementor-container elementor-column-gap-default\">\n\t\t\t\t\t\t\t<div class=\"elementor-row\">\n\t\t\t\t\t<div class=\"elementor-column elementor-col-100 elementor-top-column elementor-element elementor-element-e2585bb\" data-id=\"e2585bb\" data-element_type=\"column\">\n\t\t\t<div class=\"elementor-column-wrap elementor-element-populated\">\n\t\t\t\t\t\t\t<div class=\"elementor-widget-wrap\">\n\t\t\t\t\t\t<div class=\"elementor-element elementor-element-25aa3b3 elementor-widget elementor-widget-text-editor\" data-id=\"25aa3b3\" data-element_type=\"widget\" data-widget_type=\"text-editor.default\">\n\t\t\t\t<div class=\"elementor-widget-container\">\n\t\t\t\t\t\t\t\t<div class=\"elementor-text-editor elementor-clearfix\">\n\t\t\t\t<p><strong>Objectif du programme<\/strong><\/p><p><strong>\u00a0<\/strong><\/p><p>Le programme comprend des cours th\u00e9oriques et cliniques en psychoth\u00e9rapie, psychoth\u00e9rapie judiciaire, en psychopathologie, en droit, en toxicomanie, les diff\u00e9rentes formes et caract\u00e9ristiques de la criminalit\u00e9, en parall\u00e8le avec de la pratique clinique, de groupe et individuelle, au sein de diff\u00e9rentes institutions, permettant d\u2019appliquer l\u2019enseignement acad\u00e9mique lors de stages cliniques sur le terrain. De plus, des cours et des formations en m\u00e9thodologie sont mis en place pour servir de base \u00e0 la recherche acad\u00e9mique et au travail de th\u00e8se l\u00e9galement requis pour les professionnels des m\u00e9tiers de la sant\u00e9.<\/p><p>\u00a0<\/p><p>Les criminologues cliniques sont amen\u00e9s \u00e0 travailler dans les services juridiques et autres des h\u00f4pitaux psychiatriques, des centres pour la sant\u00e9 mentale, dans les services p\u00e9nitenciers, les cliniques et centres de r\u00e9adaptation psycho-sociale, dans des \u00e9tablissements de soins pour les toxicomanes, la jeunesse \u00e0 risque, les harceleurs et les victimes d\u2019abus sexuels, les centres de r\u00e9insertion des prisonniers, les associations de soutien aux toxicomanes et divers autres \u00e9tablissements.<\/p><p>\u00a0<\/p><p><strong>Le caract\u00e8re unique de ce programme \u00a0<\/strong><\/p><p>\u00a0<\/p><p>Le programme d\u2019\u00e9tudes propose pour la section clinique au Campus acad\u00e9mique d\u2019Ashkelon refl\u00e8te les nouvelles orientations en Isra\u00ebl et dans le monde dans les domaines de la th\u00e9rapie et du droit.<\/p><p>La section propos\u00e9e au Campus acad\u00e9mique d\u2019Ashkelon tend \u00e0 \u00e9largir les branches professionnelles de la criminologie clinique, non seulement dans le domaine psychiatrique mais aussi sur les probl\u00e8mes de diagnostic et de th\u00e9rapie dans le cadre \u00e9ducatif, de la r\u00e9insertion, du recrutement militaire de Tsahal, pour des besoins de licences, et pour les \u00e9tablissements de sevrage et de soins pour les populations \u00e0 risque chez les hommes et les femmes, les adultes et les jeunes. Tout ceci, en prenant soin de transmettre les connaissances professionnelles les plus r\u00e9centes et en mettant l\u2019accent sur l\u2019aspect \u00e9thique, moral et sur le service \u00e0 la personne.<\/p><p>\u00a0<\/p><p><strong>Le collectif des conf\u00e9renciers <\/strong><\/p><p><strong>\u00a0<\/strong><\/p><p>La Professeure Efrat Shoham, chef du d\u00e9partement de criminologie, pr\u00e9sidente du comit\u00e9 de recherche du service de r\u00e9insertion des prisonniers et \u00e0 la t\u00eate de l\u2019Institut de recherche pour l\u2019\u00e9tude de la r\u00e9insertion des prisonniers lib\u00e9r\u00e9s au sein de la communaut\u00e9. La Professeure Shoham a pr\u00e9sid\u00e9 pendant de nombreuses ann\u00e9es l\u2019Association isra\u00e9lienne de Criminologie.<\/p><p>\u00a0<\/p><p>Le Docteur Moshe Birger, chef de section, directeur de la division de psychiatrie l\u00e9gale, expert-psychiatre de renomm\u00e9e internationale dans le domaine des comptes-rendus sur les questions de capacit\u00e9, de responsabilit\u00e9 p\u00e9nale, d\u2019\u00e9valuation de la dangerosit\u00e9 et des soins sur la population psychiatrique hors-la-loi.<\/p><p>\u00a0<\/p><p>Le collectif des conf\u00e9renciers est constitu\u00e9 des meilleurs criminologues cliniques et de psychiatres r\u00e9put\u00e9s qui int\u00e8grent l\u2019enseignement acad\u00e9mique \u00e0 la pratique sur le terrain dans les diff\u00e9rents secteurs de la criminologie clinique.<\/p><p>\u00a0<\/p><p>\u00a0<\/p><p>*L\u2019acquisition du dipl\u00f4me est soumise \u00e0 l\u2019approbation du Conseil de l\u2019Enseignement Sup\u00e9rieur<\/p>\t\t\t\t\t<\/div>\n\t\t\t\t\t\t<\/div>\n\t\t\t\t<\/div>\n\t\t\t\t\t\t<\/div>\n\t\t\t\t\t<\/div>\n\t\t<\/div>\n\t\t\t\t\t\t\t\t<\/div>\n\t\t\t\t\t<\/div>\n\t\t<\/section>\n\t\t\t\t\t\t<\/div>\n\t\t\t\t\t\t<\/div>\n\t\t\t\t\t<\/div>\n\t\t","protected":false},"excerpt":{"rendered":"<p>Objectif du programme \u00a0 Le programme comprend des cours th\u00e9oriques et cliniques en psychoth\u00e9rapie, psychoth\u00e9rapie judiciaire, en psychopathologie, en droit, en toxicomanie, les diff\u00e9rentes formes et caract\u00e9ristiques de la criminalit\u00e9, en parall\u00e8le avec de la pratique clinique, de groupe et individuelle, au sein de diff\u00e9rentes institutions, permettant d\u2019appliquer l\u2019enseignement acad\u00e9mique lors de stages cliniques sur [&hellip;]<\/p>\n","protected":false},"author":4,"featured_media":0,"parent":43,"menu_order":0,"comment_status":"closed","ping_status":"closed","template":"","meta":[],"yoast_head":"<!-- This site is optimized with the Yoast SEO plugin v15.7 - https:\/\/yoast.com\/wordpress\/plugins\/seo\/ -->\n<meta name=\"robots\" content=\"index, follow, max-snippet:-1, max-image-preview:large, max-video-preview:-1\" \/>\n<link rel=\"canonical\" href=\"https:\/\/www.aac.ac.il\/fr\/sciences-sociales\/maitrise-m-a-en-criminologie-clinique-avec-these\/\" \/>\n<meta property=\"og:locale\" content=\"fr_FR\" \/>\n<meta property=\"og:type\" content=\"article\" \/>\n<meta property=\"og:title\" content=\"Ma\u00eetrise M.A en criminologie clinique avec th\u00e8se* - \u05d4\u05de\u05db\u05dc\u05dc\u05d4 \u05d4\u05d0\u05e7\u05d3\u05de\u05d9\u05ea \u05d0\u05e9\u05e7\u05dc\u05d5\u05df\" \/>\n<meta property=\"og:description\" content=\"Objectif du programme \u00a0 Le programme comprend des cours th\u00e9oriques et cliniques en psychoth\u00e9rapie, psychoth\u00e9rapie judiciaire, en psychopathologie, en droit, en toxicomanie, les diff\u00e9rentes formes et caract\u00e9ristiques de la criminalit\u00e9, en parall\u00e8le avec de la pratique clinique, de groupe et individuelle, au sein de diff\u00e9rentes institutions, permettant d\u2019appliquer l\u2019enseignement acad\u00e9mique lors de stages cliniques sur [&hellip;]\" \/>\n<meta property=\"og:url\" content=\"https:\/\/www.aac.ac.il\/fr\/sciences-sociales\/maitrise-m-a-en-criminologie-clinique-avec-these\/\" \/>\n<meta property=\"og:site_name\" content=\"\u05d4\u05de\u05db\u05dc\u05dc\u05d4 \u05d4\u05d0\u05e7\u05d3\u05de\u05d9\u05ea \u05d0\u05e9\u05e7\u05dc\u05d5\u05df\" \/>\n<meta property=\"article:modified_time\" content=\"2020-01-30T13:12:04+00:00\" \/>\n<meta name=\"twitter:card\" content=\"summary_large_image\" \/>\n<meta name=\"twitter:label1\" content=\"Dur\u00e9e de lecture est.\">\n\t<meta name=\"twitter:data1\" content=\"3 minutes\">\n<script type=\"application\/ld+json\" class=\"yoast-schema-graph\">{\"@context\":\"https:\/\/schema.org\",\"@graph\":[{\"@type\":\"WebSite\",\"@id\":\"https:\/\/www.aac.ac.il\/#website\",\"url\":\"https:\/\/www.aac.ac.il\/\",\"name\":\"\\u05d4\\u05de\\u05db\\u05dc\\u05dc\\u05d4 \\u05d4\\u05d0\\u05e7\\u05d3\\u05de\\u05d9\\u05ea \\u05d0\\u05e9\\u05e7\\u05dc\\u05d5\\u05df\",\"description\":\"\\u05d4\\u05de\\u05db\\u05dc\\u05dc\\u05d4 \\u05d4\\u05d0\\u05e7\\u05d3\\u05de\\u05d9\\u05ea \\u05d0\\u05e9\\u05e7\\u05dc\\u05d5\\u05df \\u05d4\\u05d9\\u05d0 \\u05de\\u05d5\\u05e1\\u05d3 \\u05dc\\u05d4\\u05e9\\u05db\\u05dc\\u05d4 \\u05d2\\u05d1\\u05d5\\u05d4\\u05d4 \\u05e2\\u05e6\\u05de\\u05d0\\u05d9 \\u05e9\\u05e8\\u05e9\\u05d0\\u05d9 \\u05dc\\u05d4\\u05e2\\u05e0\\u05d9\\u05e7 \\u05ea\\u05d0\\u05e8\\u05d9\\u05dd \\u05d0\\u05e7\\u05d3\\u05de\\u05d9\\u05d9\\u05dd \\u05d1\\u05de\\u05d2\\u05d5\\u05d5\\u05df \\u05ea\\u05db\\u05e0\\u05d9\\u05d5\\u05ea \\u05dc\\u05d9\\u05de\\u05d5\\u05d3 \\u05d1\\u05e8\\u05de\\u05d4 \\u05d0\\u05e7\\u05d3\\u05de\\u05d9\\u05ea \\u05d2\\u05d1\\u05d5\\u05d4\\u05d4 \\u05d1\\u05d9\\u05d5\\u05ea\\u05e8.\",\"potentialAction\":[{\"@type\":\"SearchAction\",\"target\":\"https:\/\/www.aac.ac.il\/?s={search_term_string}\",\"query-input\":\"required name=search_term_string\"}],\"inLanguage\":\"fr-FR\"},{\"@type\":\"WebPage\",\"@id\":\"https:\/\/www.aac.ac.il\/fr\/sciences-sociales\/maitrise-m-a-en-criminologie-clinique-avec-these\/#webpage\",\"url\":\"https:\/\/www.aac.ac.il\/fr\/sciences-sociales\/maitrise-m-a-en-criminologie-clinique-avec-these\/\",\"name\":\"Ma\\u00eetrise M.A en criminologie clinique avec th\\u00e8se* - \\u05d4\\u05de\\u05db\\u05dc\\u05dc\\u05d4 \\u05d4\\u05d0\\u05e7\\u05d3\\u05de\\u05d9\\u05ea \\u05d0\\u05e9\\u05e7\\u05dc\\u05d5\\u05df\",\"isPartOf\":{\"@id\":\"https:\/\/www.aac.ac.il\/#website\"},\"datePublished\":\"2020-01-30T13:06:50+00:00\",\"dateModified\":\"2020-01-30T13:12:04+00:00\",\"breadcrumb\":{\"@id\":\"https:\/\/www.aac.ac.il\/fr\/sciences-sociales\/maitrise-m-a-en-criminologie-clinique-avec-these\/#breadcrumb\"},\"inLanguage\":\"fr-FR\",\"potentialAction\":[{\"@type\":\"ReadAction\",\"target\":[\"https:\/\/www.aac.ac.il\/fr\/sciences-sociales\/maitrise-m-a-en-criminologie-clinique-avec-these\/\"]}]},{\"@type\":\"BreadcrumbList\",\"@id\":\"https:\/\/www.aac.ac.il\/fr\/sciences-sociales\/maitrise-m-a-en-criminologie-clinique-avec-these\/#breadcrumb\",\"itemListElement\":[{\"@type\":\"ListItem\",\"position\":1,\"item\":{\"@type\":\"WebPage\",\"@id\":\"https:\/\/www.aac.ac.il\/fr\/sciences-sociales\/\",\"url\":\"https:\/\/www.aac.ac.il\/fr\/sciences-sociales\/\",\"name\":\"Sciences Sociales\"}},{\"@type\":\"ListItem\",\"position\":2,\"item\":{\"@type\":\"WebPage\",\"@id\":\"https:\/\/www.aac.ac.il\/fr\/sciences-sociales\/maitrise-m-a-en-criminologie-clinique-avec-these\/\",\"url\":\"https:\/\/www.aac.ac.il\/fr\/sciences-sociales\/maitrise-m-a-en-criminologie-clinique-avec-these\/\",\"name\":\"Ma\\u00eetrise M.A en criminologie clinique avec th\\u00e8se*\"}}]}]}<\/script>\n<!-- \/ Yoast SEO plugin. -->","_links":{"self":[{"href":"https:\/\/www.aac.ac.il\/fr\/wp-json\/wp\/v2\/pages\/11121"}],"collection":[{"href":"https:\/\/www.aac.ac.il\/fr\/wp-json\/wp\/v2\/pages"}],"about":[{"href":"https:\/\/www.aac.ac.il\/fr\/wp-json\/wp\/v2\/types\/page"}],"author":[{"embeddable":true,"href":"https:\/\/www.aac.ac.il\/fr\/wp-json\/wp\/v2\/users\/4"}],"replies":[{"embeddable":true,"href":"https:\/\/www.aac.ac.il\/fr\/wp-json\/wp\/v2\/comments?post=11121"}],"version-history":[{"count":0,"href":"https:\/\/www.aac.ac.il\/fr\/wp-json\/wp\/v2\/pages\/11121\/revisions"}],"up":[{"embeddable":true,"href":"https:\/\/www.aac.ac.il\/fr\/wp-json\/wp\/v2\/pages\/43"}],"wp:attachment":[{"href":"https:\/\/www.aac.ac.il\/fr\/wp-json\/wp\/v2\/media?parent=11121"}],"curies":[{"name":"wp","href":"https:\/\/api.w.org\/{rel}","templated":true}]}}