

{"id":134,"date":"2018-11-08T08:22:12","date_gmt":"2018-11-08T06:22:12","guid":{"rendered":"https:\/\/www.aac.ac.il\/campus-academique-dashkelon\/?page_id=134"},"modified":"2018-11-08T08:22:12","modified_gmt":"2018-11-08T06:22:12","slug":"le-doyen-des-etudiants","status":"publish","type":"page","link":"https:\/\/www.aac.ac.il\/fr\/le-doyen-des-etudiants\/","title":{"rendered":"LE DOYEN DES \u00c9TUDIANTS"},"content":{"rendered":"\t\t<div data-elementor-type=\"wp-post\" data-elementor-id=\"134\" class=\"elementor elementor-134 elementor-bc-flex-widget\" data-elementor-settings=\"[]\">\n\t\t\t\t\t\t<div class=\"elementor-inner\">\n\t\t\t\t\t\t\t<div class=\"elementor-section-wrap\">\n\t\t\t\t\t\t\t<section class=\"elementor-section elementor-top-section elementor-element elementor-element-ku75vhu elementor-section-boxed elementor-section-height-default elementor-section-height-default\" data-id=\"ku75vhu\" data-element_type=\"section\">\n\t\t\t\t\t\t<div class=\"elementor-container elementor-column-gap-default\">\n\t\t\t\t\t\t\t<div class=\"elementor-row\">\n\t\t\t\t\t<div class=\"elementor-column elementor-col-100 elementor-top-column elementor-element elementor-element-jhb3git\" data-id=\"jhb3git\" data-element_type=\"column\">\n\t\t\t<div class=\"elementor-column-wrap elementor-element-populated\">\n\t\t\t\t\t\t\t<div class=\"elementor-widget-wrap\">\n\t\t\t\t\t\t<div class=\"elementor-element elementor-element-nu492aw elementor-widget elementor-widget-text-editor\" data-id=\"nu492aw\" data-element_type=\"widget\" data-widget_type=\"text-editor.default\">\n\t\t\t\t<div class=\"elementor-widget-container\">\n\t\t\t\t\t\t\t\t<div class=\"elementor-text-editor elementor-clearfix\">\n\t\t\t\t<p>Le doyen des \u00e9tudiants du Campus d\u2019Ashkelon est responsable du bien-\u00eatre de l\u2019\u00e9tudiant. Son r\u00f4le est de procurer une<br \/>assistance dans tous les aspects constituant le monde de l\u2019\u00e9tudiant au cours de ses ann\u00e9es d\u2019\u00e9tudes, en particulier pour les<br \/>questions non li\u00e9es directement aux \u00e9tudes, afin de garantir \u00e0 l\u2019\u00e9tudiant un environnement d\u2019\u00e9tudes favorable et convivial.<\/p>\t\t\t\t\t<\/div>\n\t\t\t\t\t\t<\/div>\n\t\t\t\t<\/div>\n\t\t\t\t\t\t<\/div>\n\t\t\t\t\t<\/div>\n\t\t<\/div>\n\t\t\t\t\t\t\t\t<\/div>\n\t\t\t\t\t<\/div>\n\t\t<\/section>\n\t\t\t\t<section class=\"elementor-section elementor-top-section elementor-element elementor-element-yuh7a45 elementor-section-boxed elementor-section-height-default elementor-section-height-default\" data-id=\"yuh7a45\" data-element_type=\"section\">\n\t\t\t\t\t\t<div class=\"elementor-container elementor-column-gap-default\">\n\t\t\t\t\t\t\t<div class=\"elementor-row\">\n\t\t\t\t\t<div class=\"elementor-column elementor-col-100 elementor-top-column elementor-element elementor-element-iiwhqrx\" data-id=\"iiwhqrx\" data-element_type=\"column\">\n\t\t\t<div class=\"elementor-column-wrap elementor-element-populated\">\n\t\t\t\t\t\t\t<div class=\"elementor-widget-wrap\">\n\t\t\t\t\t\t<div class=\"elementor-element elementor-element-tzvhdb6 elementor-widget elementor-widget-text-editor\" data-id=\"tzvhdb6\" data-element_type=\"widget\" data-widget_type=\"text-editor.default\">\n\t\t\t\t<div class=\"elementor-widget-container\">\n\t\t\t\t\t\t\t\t<div class=\"elementor-text-editor elementor-clearfix\">\n\t\t\t\t<p>La gamme des services mises \u00e0 la disposition de l\u2019\u00e9tudiant:<\/p>\t\t\t\t\t<\/div>\n\t\t\t\t\t\t<\/div>\n\t\t\t\t<\/div>\n\t\t\t\t<div class=\"elementor-element elementor-element-8p8od9c elementor-widget elementor-widget-accordion\" data-id=\"8p8od9c\" data-element_type=\"widget\" data-widget_type=\"accordion.default\">\n\t\t\t\t<div class=\"elementor-widget-container\">\n\t\t\t\t\t<div class=\"elementor-accordion\" role=\"tablist\">\n\t\t\t\t\t\t\t<div class=\"elementor-accordion-item\">\n\t\t\t\t\t<div id=\"elementor-tab-title-5601\" class=\"elementor-tab-title\" data-tab=\"1\" role=\"tab\" aria-controls=\"elementor-tab-content-5601\" aria-expanded=\"false\">\n\t\t\t\t\t\t\t\t\t\t\t\t\t<span class=\"elementor-accordion-icon elementor-accordion-icon-left\" aria-hidden=\"true\">\n\t\t\t\t\t\t\t\t\t\t\t\t\t\t\t<span class=\"elementor-accordion-icon-closed\"><i class=\"fas fa-plus\"><\/i><\/span>\n\t\t\t\t\t\t\t\t<span class=\"elementor-accordion-icon-opened\"><i class=\"fas fa-minus\"><\/i><\/span>\n\t\t\t\t\t\t\t\t\t\t\t\t\t\t<\/span>\n\t\t\t\t\t\t\t\t\t\t\t\t<a class=\"elementor-accordion-title\" href=\"\">Bourses d\u2019\u00e9tudes<\/a>\n\t\t\t\t\t<\/div>\n\t\t\t\t\t<div id=\"elementor-tab-content-5601\" class=\"elementor-tab-content elementor-clearfix\" data-tab=\"1\" role=\"tabpanel\" aria-labelledby=\"elementor-tab-title-5601\"><p>Les \u00e9tudiants b\u00e9n\u00e9ficient d\u2019un large<br \/>choix de bourses provenant de la Fondation du Campus et<br \/>des organismes externes (telles que Mifal Hapayis (loterie<br \/>nationale), Impact, Heiseg, du minist\u00e8re de l\u2019Education, etc.).<\/p><\/div>\n\t\t\t\t<\/div>\n\t\t\t\t\t\t\t<div class=\"elementor-accordion-item\">\n\t\t\t\t\t<div id=\"elementor-tab-title-5602\" class=\"elementor-tab-title\" data-tab=\"2\" role=\"tab\" aria-controls=\"elementor-tab-content-5602\" aria-expanded=\"false\">\n\t\t\t\t\t\t\t\t\t\t\t\t\t<span class=\"elementor-accordion-icon elementor-accordion-icon-left\" aria-hidden=\"true\">\n\t\t\t\t\t\t\t\t\t\t\t\t\t\t\t<span class=\"elementor-accordion-icon-closed\"><i class=\"fas fa-plus\"><\/i><\/span>\n\t\t\t\t\t\t\t\t<span class=\"elementor-accordion-icon-opened\"><i class=\"fas fa-minus\"><\/i><\/span>\n\t\t\t\t\t\t\t\t\t\t\t\t\t\t<\/span>\n\t\t\t\t\t\t\t\t\t\t\t\t<a class=\"elementor-accordion-title\" href=\"\">Implication dans la vie sociale<\/a>\n\t\t\t\t\t<\/div>\n\t\t\t\t\t<div id=\"elementor-tab-content-5602\" class=\"elementor-tab-content elementor-clearfix\" data-tab=\"2\" role=\"tabpanel\" aria-labelledby=\"elementor-tab-title-5602\"><p>L\u2019unit\u00e9 d\u2019implication<br \/>sociale g\u00e8re des programmes ayant une valeur personnelle<br \/>et sociale, qui permet d\u2019int\u00e9grer les \u00e9tudiants dans l\u2019activit\u00e9<br \/>sociale et accorde des bourses d\u2019\u00e9tudes.<\/p><\/div>\n\t\t\t\t<\/div>\n\t\t\t\t\t\t\t<div class=\"elementor-accordion-item\">\n\t\t\t\t\t<div id=\"elementor-tab-title-5603\" class=\"elementor-tab-title\" data-tab=\"3\" role=\"tab\" aria-controls=\"elementor-tab-content-5603\" aria-expanded=\"false\">\n\t\t\t\t\t\t\t\t\t\t\t\t\t<span class=\"elementor-accordion-icon elementor-accordion-icon-left\" aria-hidden=\"true\">\n\t\t\t\t\t\t\t\t\t\t\t\t\t\t\t<span class=\"elementor-accordion-icon-closed\"><i class=\"fas fa-plus\"><\/i><\/span>\n\t\t\t\t\t\t\t\t<span class=\"elementor-accordion-icon-opened\"><i class=\"fas fa-minus\"><\/i><\/span>\n\t\t\t\t\t\t\t\t\t\t\t\t\t\t<\/span>\n\t\t\t\t\t\t\t\t\t\t\t\t<a class=\"elementor-accordion-title\" href=\"\">Foyers<\/a>\n\t\t\t\t\t<\/div>\n\t\t\t\t\t<div id=\"elementor-tab-content-5603\" class=\"elementor-tab-content elementor-clearfix\" data-tab=\"3\" role=\"tabpanel\" aria-labelledby=\"elementor-tab-title-5603\"><p>Le Campus propose des logis aux \u00e9tudiants sur et<br \/>\u00e0 proximit\u00e9 du campus. Ces logements sont spacieux et de<br \/>haut gamme comprenant: une chambre, un coin salon, une<br \/>kitchenette, une douche, des toilettes et un climatiseur.<\/p><\/div>\n\t\t\t\t<\/div>\n\t\t\t\t\t\t\t<div class=\"elementor-accordion-item\">\n\t\t\t\t\t<div id=\"elementor-tab-title-5604\" class=\"elementor-tab-title\" data-tab=\"4\" role=\"tab\" aria-controls=\"elementor-tab-content-5604\" aria-expanded=\"false\">\n\t\t\t\t\t\t\t\t\t\t\t\t\t<span class=\"elementor-accordion-icon elementor-accordion-icon-left\" aria-hidden=\"true\">\n\t\t\t\t\t\t\t\t\t\t\t\t\t\t\t<span class=\"elementor-accordion-icon-closed\"><i class=\"fas fa-plus\"><\/i><\/span>\n\t\t\t\t\t\t\t\t<span class=\"elementor-accordion-icon-opened\"><i class=\"fas fa-minus\"><\/i><\/span>\n\t\t\t\t\t\t\t\t\t\t\t\t\t\t<\/span>\n\t\t\t\t\t\t\t\t\t\t\t\t<a class=\"elementor-accordion-title\" href=\"\">Aide aux \u00e9tudes<\/a>\n\t\t\t\t\t<\/div>\n\t\t\t\t\t<div id=\"elementor-tab-content-5604\" class=\"elementor-tab-content elementor-clearfix\" data-tab=\"4\" role=\"tabpanel\" aria-labelledby=\"elementor-tab-title-5604\"><p>Le Campus offre \u00e9galement des services<br \/>de tutorat individuels ou en groupe \u00e0 un prix symbolique,<br \/>pour les \u00e9tudiants qui ont des difficult\u00e9s dans certaines<br \/>des mati\u00e8res d\u2019\u00e9tudes choisies.<\/p><\/div>\n\t\t\t\t<\/div>\n\t\t\t\t\t\t\t<div class=\"elementor-accordion-item\">\n\t\t\t\t\t<div id=\"elementor-tab-title-5605\" class=\"elementor-tab-title\" data-tab=\"5\" role=\"tab\" aria-controls=\"elementor-tab-content-5605\" aria-expanded=\"false\">\n\t\t\t\t\t\t\t\t\t\t\t\t\t<span class=\"elementor-accordion-icon elementor-accordion-icon-left\" aria-hidden=\"true\">\n\t\t\t\t\t\t\t\t\t\t\t\t\t\t\t<span class=\"elementor-accordion-icon-closed\"><i class=\"fas fa-plus\"><\/i><\/span>\n\t\t\t\t\t\t\t\t<span class=\"elementor-accordion-icon-opened\"><i class=\"fas fa-minus\"><\/i><\/span>\n\t\t\t\t\t\t\t\t\t\t\t\t\t\t<\/span>\n\t\t\t\t\t\t\t\t\t\t\t\t<a class=\"elementor-accordion-title\" href=\"\">Aide aux \u00e9tudiantes enceintes et dans les cas d\u2019une grossesse \u00e0 risque,<\/a>\n\t\t\t\t\t<\/div>\n\t\t\t\t\t<div id=\"elementor-tab-content-5605\" class=\"elementor-tab-content elementor-clearfix\" data-tab=\"5\" role=\"tabpanel\" aria-labelledby=\"elementor-tab-title-5605\"><p>Aide aux \u00e9tudiantes enceintes et dans les cas d\u2019une<br \/>grossesse \u00e0 risque, aux \u00e9tudiants jeunes parents apr\u00e8s<br \/>la naissance d\u2019un enfant, et dans le cas d\u2019adoption ou de<br \/>l\u2019int\u00e9gration d\u2019un enfant en famille d\u2019accueil.<\/p><\/div>\n\t\t\t\t<\/div>\n\t\t\t\t\t\t\t<div class=\"elementor-accordion-item\">\n\t\t\t\t\t<div id=\"elementor-tab-title-5606\" class=\"elementor-tab-title\" data-tab=\"6\" role=\"tab\" aria-controls=\"elementor-tab-content-5606\" aria-expanded=\"false\">\n\t\t\t\t\t\t\t\t\t\t\t\t\t<span class=\"elementor-accordion-icon elementor-accordion-icon-left\" aria-hidden=\"true\">\n\t\t\t\t\t\t\t\t\t\t\t\t\t\t\t<span class=\"elementor-accordion-icon-closed\"><i class=\"fas fa-plus\"><\/i><\/span>\n\t\t\t\t\t\t\t\t<span class=\"elementor-accordion-icon-opened\"><i class=\"fas fa-minus\"><\/i><\/span>\n\t\t\t\t\t\t\t\t\t\t\t\t\t\t<\/span>\n\t\t\t\t\t\t\t\t\t\t\t\t<a class=\"elementor-accordion-title\" href=\"\">Assistance \u00e0 l\u2019\u00e9tudiant rappel\u00e9 dans le cadre du service des r\u00e9servistes de l\u2019arm\u00e9e (milou-im)<\/a>\n\t\t\t\t\t<\/div>\n\t\t\t\t\t<div id=\"elementor-tab-content-5606\" class=\"elementor-tab-content elementor-clearfix\" data-tab=\"6\" role=\"tabpanel\" aria-labelledby=\"elementor-tab-title-5606\"><p>Assistance \u00e0 l\u2019\u00e9tudiant rappel\u00e9 dans le cadre du service<br \/>des r\u00e9servistes de l\u2019arm\u00e9e (milou-im) &#8211; Pour conna\u00eetre les<br \/>droits, en contactant le coordinateur au bureau du Doyen.<\/p><\/div>\n\t\t\t\t<\/div>\n\t\t\t\t\t\t\t\t<\/div>\n\t\t\t\t<\/div>\n\t\t\t\t<\/div>\n\t\t\t\t\t\t<\/div>\n\t\t\t\t\t<\/div>\n\t\t<\/div>\n\t\t\t\t\t\t\t\t<\/div>\n\t\t\t\t\t<\/div>\n\t\t<\/section>\n\t\t\t\t<section class=\"elementor-section elementor-top-section elementor-element elementor-element-ap63eao elementor-section-boxed elementor-section-height-default elementor-section-height-default\" data-id=\"ap63eao\" data-element_type=\"section\">\n\t\t\t\t\t\t<div class=\"elementor-container elementor-column-gap-default\">\n\t\t\t\t\t\t\t<div class=\"elementor-row\">\n\t\t\t\t\t<div class=\"elementor-column elementor-col-100 elementor-top-column elementor-element elementor-element-wk7dtc8\" data-id=\"wk7dtc8\" data-element_type=\"column\">\n\t\t\t<div class=\"elementor-column-wrap elementor-element-populated\">\n\t\t\t\t\t\t\t<div class=\"elementor-widget-wrap\">\n\t\t\t\t\t\t<div class=\"elementor-element elementor-element-hp5a5td elementor-widget elementor-widget-text-editor\" data-id=\"hp5a5td\" data-element_type=\"widget\" data-widget_type=\"text-editor.default\">\n\t\t\t\t<div class=\"elementor-widget-container\">\n\t\t\t\t\t\t\t\t<div class=\"elementor-text-editor elementor-clearfix\">\n\t\t\t\t<p><strong>CONTACTS<\/strong><\/p><p><strong>Doyen des \u00e9tudiants<\/strong>: Mr. Yoel Yeshurun<br \/><strong>Secr\u00e9taire du doyen<\/strong>: Mme. Hedva Ravivo<br \/><strong>T\u00e9l\u00e9phone<\/strong>: 08-6789195, Fax: 08-6789197<br \/><strong>E-mail<\/strong>:hedva@aac.ac.il<br \/><strong>Emplacement sur le campus<\/strong>: b\u00e2timent 4, \u00e9tage -1<\/p>\t\t\t\t\t<\/div>\n\t\t\t\t\t\t<\/div>\n\t\t\t\t<\/div>\n\t\t\t\t\t\t<\/div>\n\t\t\t\t\t<\/div>\n\t\t<\/div>\n\t\t\t\t\t\t\t\t<\/div>\n\t\t\t\t\t<\/div>\n\t\t<\/section>\n\t\t\t\t<section class=\"elementor-section elementor-top-section elementor-element elementor-element-7xpzoj8 elementor-section-boxed elementor-section-height-default elementor-section-height-default\" data-id=\"7xpzoj8\" data-element_type=\"section\">\n\t\t\t\t\t\t<div class=\"elementor-container elementor-column-gap-default\">\n\t\t\t\t\t\t\t<div class=\"elementor-row\">\n\t\t\t\t\t<div class=\"elementor-column elementor-col-100 elementor-top-column elementor-element elementor-element-n9z5gtn\" data-id=\"n9z5gtn\" data-element_type=\"column\">\n\t\t\t<div class=\"elementor-column-wrap elementor-element-populated\">\n\t\t\t\t\t\t\t<div class=\"elementor-widget-wrap\">\n\t\t\t\t\t\t<div class=\"elementor-element elementor-element-ss4zhvn elementor-widget elementor-widget-image\" data-id=\"ss4zhvn\" data-element_type=\"widget\" data-widget_type=\"image.default\">\n\t\t\t\t<div class=\"elementor-widget-container\">\n\t\t\t\t\t\t\t\t<div class=\"elementor-image\">\n\t\t\t\t\t\t\t\t\t\t\t\t<img src=\"https:\/\/www.aac.ac.il\/campus-academique-dashkelon\/wp-content\/uploads\/sites\/22\/2018\/11\/IMG_3851.jpg\" title=\"\" alt=\"\" \/>\t\t\t\t\t\t\t\t\t\t\t\t\t\t<\/div>\n\t\t\t\t\t\t<\/div>\n\t\t\t\t<\/div>\n\t\t\t\t\t\t<\/div>\n\t\t\t\t\t<\/div>\n\t\t<\/div>\n\t\t\t\t\t\t\t\t<\/div>\n\t\t\t\t\t<\/div>\n\t\t<\/section>\n\t\t\t\t\t\t<\/div>\n\t\t\t\t\t\t<\/div>\n\t\t\t\t\t<\/div>\n\t\t","protected":false},"excerpt":{"rendered":"<p>Le doyen des \u00e9tudiants du Campus d\u2019Ashkelon est responsable du bien-\u00eatre de l\u2019\u00e9tudiant. Son r\u00f4le est de procurer uneassistance dans tous les aspects constituant le monde de l\u2019\u00e9tudiant au cours de ses ann\u00e9es d\u2019\u00e9tudes, en particulier pour lesquestions non li\u00e9es directement aux \u00e9tudes, afin de garantir \u00e0 l\u2019\u00e9tudiant un environnement d\u2019\u00e9tudes favorable et convivial. La [&hellip;]<\/p>\n","protected":false},"author":1,"featured_media":0,"parent":0,"menu_order":0,"comment_status":"closed","ping_status":"closed","template":"","meta":[],"yoast_head":"<!-- This site is optimized with the Yoast SEO plugin v15.7 - https:\/\/yoast.com\/wordpress\/plugins\/seo\/ -->\n<meta name=\"robots\" content=\"index, follow, max-snippet:-1, max-image-preview:large, max-video-preview:-1\" \/>\n<link rel=\"canonical\" href=\"https:\/\/www.aac.ac.il\/fr\/le-doyen-des-etudiants\/\" \/>\n<meta property=\"og:locale\" content=\"fr_FR\" \/>\n<meta property=\"og:type\" content=\"article\" \/>\n<meta property=\"og:title\" content=\"LE DOYEN DES \u00c9TUDIANTS - \u05d4\u05de\u05db\u05dc\u05dc\u05d4 \u05d4\u05d0\u05e7\u05d3\u05de\u05d9\u05ea \u05d0\u05e9\u05e7\u05dc\u05d5\u05df\" \/>\n<meta property=\"og:description\" content=\"Le doyen des \u00e9tudiants du Campus d\u2019Ashkelon est responsable du bien-\u00eatre de l\u2019\u00e9tudiant. Son r\u00f4le est de procurer uneassistance dans tous les aspects constituant le monde de l\u2019\u00e9tudiant au cours de ses ann\u00e9es d\u2019\u00e9tudes, en particulier pour lesquestions non li\u00e9es directement aux \u00e9tudes, afin de garantir \u00e0 l\u2019\u00e9tudiant un environnement d\u2019\u00e9tudes favorable et convivial. La [&hellip;]\" \/>\n<meta property=\"og:url\" content=\"https:\/\/www.aac.ac.il\/fr\/le-doyen-des-etudiants\/\" \/>\n<meta property=\"og:site_name\" content=\"\u05d4\u05de\u05db\u05dc\u05dc\u05d4 \u05d4\u05d0\u05e7\u05d3\u05de\u05d9\u05ea \u05d0\u05e9\u05e7\u05dc\u05d5\u05df\" \/>\n<meta property=\"og:image\" content=\"https:\/\/www.aac.ac.il\/campus-academique-dashkelon\/wp-content\/uploads\/sites\/22\/2018\/11\/IMG_3851.jpg\" \/>\n<meta name=\"twitter:card\" content=\"summary_large_image\" \/>\n<meta name=\"twitter:label1\" content=\"Dur\u00e9e de lecture est.\">\n\t<meta name=\"twitter:data1\" content=\"2 minutes\">\n<script type=\"application\/ld+json\" class=\"yoast-schema-graph\">{\"@context\":\"https:\/\/schema.org\",\"@graph\":[{\"@type\":\"WebSite\",\"@id\":\"https:\/\/www.aac.ac.il\/#website\",\"url\":\"https:\/\/www.aac.ac.il\/\",\"name\":\"\\u05d4\\u05de\\u05db\\u05dc\\u05dc\\u05d4 \\u05d4\\u05d0\\u05e7\\u05d3\\u05de\\u05d9\\u05ea \\u05d0\\u05e9\\u05e7\\u05dc\\u05d5\\u05df\",\"description\":\"\\u05d4\\u05de\\u05db\\u05dc\\u05dc\\u05d4 \\u05d4\\u05d0\\u05e7\\u05d3\\u05de\\u05d9\\u05ea \\u05d0\\u05e9\\u05e7\\u05dc\\u05d5\\u05df \\u05d4\\u05d9\\u05d0 \\u05de\\u05d5\\u05e1\\u05d3 \\u05dc\\u05d4\\u05e9\\u05db\\u05dc\\u05d4 \\u05d2\\u05d1\\u05d5\\u05d4\\u05d4 \\u05e2\\u05e6\\u05de\\u05d0\\u05d9 \\u05e9\\u05e8\\u05e9\\u05d0\\u05d9 \\u05dc\\u05d4\\u05e2\\u05e0\\u05d9\\u05e7 \\u05ea\\u05d0\\u05e8\\u05d9\\u05dd \\u05d0\\u05e7\\u05d3\\u05de\\u05d9\\u05d9\\u05dd \\u05d1\\u05de\\u05d2\\u05d5\\u05d5\\u05df \\u05ea\\u05db\\u05e0\\u05d9\\u05d5\\u05ea \\u05dc\\u05d9\\u05de\\u05d5\\u05d3 \\u05d1\\u05e8\\u05de\\u05d4 \\u05d0\\u05e7\\u05d3\\u05de\\u05d9\\u05ea \\u05d2\\u05d1\\u05d5\\u05d4\\u05d4 \\u05d1\\u05d9\\u05d5\\u05ea\\u05e8.\",\"potentialAction\":[{\"@type\":\"SearchAction\",\"target\":\"https:\/\/www.aac.ac.il\/?s={search_term_string}\",\"query-input\":\"required name=search_term_string\"}],\"inLanguage\":\"fr-FR\"},{\"@type\":\"ImageObject\",\"@id\":\"https:\/\/www.aac.ac.il\/fr\/le-doyen-des-etudiants\/#primaryimage\",\"inLanguage\":\"fr-FR\",\"url\":\"https:\/\/www.aac.ac.il\/campus-academique-dashkelon\/wp-content\/uploads\/sites\/22\/2018\/11\/IMG_3851.jpg\"},{\"@type\":\"WebPage\",\"@id\":\"https:\/\/www.aac.ac.il\/fr\/le-doyen-des-etudiants\/#webpage\",\"url\":\"https:\/\/www.aac.ac.il\/fr\/le-doyen-des-etudiants\/\",\"name\":\"LE DOYEN DES \\u00c9TUDIANTS - \\u05d4\\u05de\\u05db\\u05dc\\u05dc\\u05d4 \\u05d4\\u05d0\\u05e7\\u05d3\\u05de\\u05d9\\u05ea \\u05d0\\u05e9\\u05e7\\u05dc\\u05d5\\u05df\",\"isPartOf\":{\"@id\":\"https:\/\/www.aac.ac.il\/#website\"},\"primaryImageOfPage\":{\"@id\":\"https:\/\/www.aac.ac.il\/fr\/le-doyen-des-etudiants\/#primaryimage\"},\"datePublished\":\"2018-11-08T06:22:12+00:00\",\"dateModified\":\"2018-11-08T06:22:12+00:00\",\"breadcrumb\":{\"@id\":\"https:\/\/www.aac.ac.il\/fr\/le-doyen-des-etudiants\/#breadcrumb\"},\"inLanguage\":\"fr-FR\",\"potentialAction\":[{\"@type\":\"ReadAction\",\"target\":[\"https:\/\/www.aac.ac.il\/fr\/le-doyen-des-etudiants\/\"]}]},{\"@type\":\"BreadcrumbList\",\"@id\":\"https:\/\/www.aac.ac.il\/fr\/le-doyen-des-etudiants\/#breadcrumb\",\"itemListElement\":[{\"@type\":\"ListItem\",\"position\":1,\"item\":{\"@type\":\"WebPage\",\"@id\":\"https:\/\/www.aac.ac.il\/fr\/le-doyen-des-etudiants\/\",\"url\":\"https:\/\/www.aac.ac.il\/fr\/le-doyen-des-etudiants\/\",\"name\":\"LE DOYEN DES \\u00c9TUDIANTS\"}}]}]}<\/script>\n<!-- \/ Yoast SEO plugin. -->","_links":{"self":[{"href":"https:\/\/www.aac.ac.il\/fr\/wp-json\/wp\/v2\/pages\/134"}],"collection":[{"href":"https:\/\/www.aac.ac.il\/fr\/wp-json\/wp\/v2\/pages"}],"about":[{"href":"https:\/\/www.aac.ac.il\/fr\/wp-json\/wp\/v2\/types\/page"}],"author":[{"embeddable":true,"href":"https:\/\/www.aac.ac.il\/fr\/wp-json\/wp\/v2\/users\/1"}],"replies":[{"embeddable":true,"href":"https:\/\/www.aac.ac.il\/fr\/wp-json\/wp\/v2\/comments?post=134"}],"version-history":[{"count":0,"href":"https:\/\/www.aac.ac.il\/fr\/wp-json\/wp\/v2\/pages\/134\/revisions"}],"wp:attachment":[{"href":"https:\/\/www.aac.ac.il\/fr\/wp-json\/wp\/v2\/media?parent=134"}],"curies":[{"name":"wp","href":"https:\/\/api.w.org\/{rel}","templated":true}]}}