

{"id":136,"date":"2018-11-08T08:33:01","date_gmt":"2018-11-08T06:33:01","guid":{"rendered":"https:\/\/www.aac.ac.il\/campus-academique-dashkelon\/?page_id=136"},"modified":"2022-05-01T09:49:30","modified_gmt":"2022-05-01T06:49:30","slug":"centre-dassistance-aux-etudiants-aux-besoins-particuliers","status":"publish","type":"page","link":"https:\/\/www.aac.ac.il\/fr\/centre-dassistance-aux-etudiants-aux-besoins-particuliers\/","title":{"rendered":"Le Centre pour l&rsquo;accessibilit\u00e9 acad\u00e9mique"},"content":{"rendered":"\t\t<div data-elementor-type=\"wp-post\" data-elementor-id=\"136\" class=\"elementor elementor-136 elementor-bc-flex-widget\" data-elementor-settings=\"[]\">\n\t\t\t\t\t\t<div class=\"elementor-inner\">\n\t\t\t\t\t\t\t<div class=\"elementor-section-wrap\">\n\t\t\t\t\t\t\t<section class=\"elementor-section elementor-top-section elementor-element elementor-element-uf5i4cc elementor-section-boxed elementor-section-height-default elementor-section-height-default\" data-id=\"uf5i4cc\" data-element_type=\"section\">\n\t\t\t\t\t\t<div class=\"elementor-container elementor-column-gap-default\">\n\t\t\t\t\t\t\t<div class=\"elementor-row\">\n\t\t\t\t\t<div class=\"elementor-column elementor-col-100 elementor-top-column elementor-element elementor-element-ukbu5mi\" data-id=\"ukbu5mi\" data-element_type=\"column\">\n\t\t\t<div class=\"elementor-column-wrap elementor-element-populated\">\n\t\t\t\t\t\t\t<div class=\"elementor-widget-wrap\">\n\t\t\t\t\t\t<div class=\"elementor-element elementor-element-6teyrq0 elementor-widget elementor-widget-text-editor\" data-id=\"6teyrq0\" data-element_type=\"widget\" data-widget_type=\"text-editor.default\">\n\t\t\t\t<div class=\"elementor-widget-container\">\n\t\t\t\t\t\t\t\t<div class=\"elementor-text-editor elementor-clearfix\">\n\t\t\t\t<p>Le Centre d\u2019assistance du Campus d&rsquo;Ashkelon a \u00e9t\u00e9 cr\u00e9\u00e9 pour aider les \u00e9tudiants ayant des besoins particuliers (troubles de concentration, d\u00e9ficience auditive, d\u00e9ficience visuelle et autres handicaps), afin de leur permettre un acc\u00e8s pratique \u00e0 l&rsquo;enseignement sup\u00e9rieur et un suivi permanent jusqu&rsquo;\u00e0 l\u2019acquisition du dipl\u00f4me avec succ\u00e8s.\u00a0\u00a0\u00a0\u00a0\u00a0\u00a0\u00a0\u00a0\u00a0\u00a0\u00a0\u00a0\u00a0\u00a0\u00a0\u00a0\u00a0\u00a0\u00a0\u00a0\u00a0\u00a0\u00a0\u00a0\u00a0\u00a0\u00a0\u00a0\u00a0\u00a0\u00a0\u00a0\u00a0\u00a0\u00a0\u00a0\u00a0\u00a0\u00a0\u00a0\u00a0\u00a0\u00a0\u00a0\u00a0\u00a0<\/p><p>Les services offerts par le Centre d\u2019assistance comprennent des cours particuliers, des ateliers dans divers domaines et une assistance individuelle dans le but de fournir aux \u00e9tudiants des proc\u00e9d\u00e9s d&rsquo;apprentissage et de gestion du temps, un soutien affectif et technologique et une coop\u00e9ration entre le Centre de soutien du Campus d\u2019Ashkelon et les employeurs de la zone sud.<\/p>\t\t\t\t\t<\/div>\n\t\t\t\t\t\t<\/div>\n\t\t\t\t<\/div>\n\t\t\t\t\t\t<\/div>\n\t\t\t\t\t<\/div>\n\t\t<\/div>\n\t\t\t\t\t\t\t\t<\/div>\n\t\t\t\t\t<\/div>\n\t\t<\/section>\n\t\t\t\t<section class=\"elementor-section elementor-top-section elementor-element elementor-element-oa9z6kw elementor-section-boxed elementor-section-height-default elementor-section-height-default\" data-id=\"oa9z6kw\" data-element_type=\"section\">\n\t\t\t\t\t\t<div class=\"elementor-container elementor-column-gap-default\">\n\t\t\t\t\t\t\t<div class=\"elementor-row\">\n\t\t\t\t\t<div class=\"elementor-column elementor-col-100 elementor-top-column elementor-element elementor-element-ycghn2x\" data-id=\"ycghn2x\" data-element_type=\"column\">\n\t\t\t<div class=\"elementor-column-wrap elementor-element-populated\">\n\t\t\t\t\t\t\t<div class=\"elementor-widget-wrap\">\n\t\t\t\t\t\t<div class=\"elementor-element elementor-element-fcdeoai elementor-widget elementor-widget-text-editor\" data-id=\"fcdeoai\" data-element_type=\"widget\" data-widget_type=\"text-editor.default\">\n\t\t\t\t<div class=\"elementor-widget-container\">\n\t\t\t\t\t\t\t\t<div class=\"elementor-text-editor elementor-clearfix\">\n\t\t\t\t<p>CONTACTS<\/p><p><strong>Directrice du centre:<\/strong> Dr. Miri Karissi<br \/><strong>E-mail:<\/strong> mirik@aac.ac.il<br \/>Secr\u00e9taire du centre: Mme. Nurit Shanir<br \/><strong>T\u00e9l\u00e9phone<\/strong>: 08-6789211<br \/><strong>E-mail:<\/strong> Nuritsn@aac.ac.il<br \/><strong>Emplacement sur le campus:<\/strong> b\u00e2timent 4, \u00e9tage -1 (face<br \/>au b\u00e2timent J\u00e9rusalem)<\/p>\t\t\t\t\t<\/div>\n\t\t\t\t\t\t<\/div>\n\t\t\t\t<\/div>\n\t\t\t\t\t\t<\/div>\n\t\t\t\t\t<\/div>\n\t\t<\/div>\n\t\t\t\t\t\t\t\t<\/div>\n\t\t\t\t\t<\/div>\n\t\t<\/section>\n\t\t\t\t\t\t<\/div>\n\t\t\t\t\t\t<\/div>\n\t\t\t\t\t<\/div>\n\t\t","protected":false},"excerpt":{"rendered":"<p>Le Centre d\u2019assistance du Campus d&rsquo;Ashkelon a \u00e9t\u00e9 cr\u00e9\u00e9 pour aider les \u00e9tudiants ayant des besoins particuliers (troubles de concentration, d\u00e9ficience auditive, d\u00e9ficience visuelle et autres handicaps), afin de leur permettre un acc\u00e8s pratique \u00e0 l&rsquo;enseignement sup\u00e9rieur et un suivi permanent jusqu&rsquo;\u00e0 l\u2019acquisition du dipl\u00f4me avec succ\u00e8s. Les services offerts par le Centre d\u2019assistance comprennent [&hellip;]<\/p>\n","protected":false},"author":1,"featured_media":0,"parent":0,"menu_order":0,"comment_status":"closed","ping_status":"closed","template":"","meta":[],"yoast_head":"<!-- This site is optimized with the Yoast SEO plugin v15.7 - https:\/\/yoast.com\/wordpress\/plugins\/seo\/ -->\n<meta name=\"robots\" content=\"index, follow, max-snippet:-1, max-image-preview:large, max-video-preview:-1\" \/>\n<link rel=\"canonical\" href=\"https:\/\/www.aac.ac.il\/fr\/centre-dassistance-aux-etudiants-aux-besoins-particuliers\/\" \/>\n<meta property=\"og:locale\" content=\"fr_FR\" \/>\n<meta property=\"og:type\" content=\"article\" \/>\n<meta property=\"og:title\" content=\"Le Centre pour l&#039;accessibilit\u00e9 acad\u00e9mique - \u05d4\u05de\u05db\u05dc\u05dc\u05d4 \u05d4\u05d0\u05e7\u05d3\u05de\u05d9\u05ea \u05d0\u05e9\u05e7\u05dc\u05d5\u05df\" \/>\n<meta property=\"og:description\" content=\"Le Centre d\u2019assistance du Campus d&rsquo;Ashkelon a \u00e9t\u00e9 cr\u00e9\u00e9 pour aider les \u00e9tudiants ayant des besoins particuliers (troubles de concentration, d\u00e9ficience auditive, d\u00e9ficience visuelle et autres handicaps), afin de leur permettre un acc\u00e8s pratique \u00e0 l&rsquo;enseignement sup\u00e9rieur et un suivi permanent jusqu&rsquo;\u00e0 l\u2019acquisition du dipl\u00f4me avec succ\u00e8s. Les services offerts par le Centre d\u2019assistance comprennent [&hellip;]\" \/>\n<meta property=\"og:url\" content=\"https:\/\/www.aac.ac.il\/fr\/centre-dassistance-aux-etudiants-aux-besoins-particuliers\/\" \/>\n<meta property=\"og:site_name\" content=\"\u05d4\u05de\u05db\u05dc\u05dc\u05d4 \u05d4\u05d0\u05e7\u05d3\u05de\u05d9\u05ea \u05d0\u05e9\u05e7\u05dc\u05d5\u05df\" \/>\n<meta property=\"article:modified_time\" content=\"2022-05-01T06:49:30+00:00\" \/>\n<meta name=\"twitter:card\" content=\"summary_large_image\" \/>\n<meta name=\"twitter:label1\" content=\"Dur\u00e9e de lecture est.\">\n\t<meta name=\"twitter:data1\" content=\"1 minute\">\n<script type=\"application\/ld+json\" class=\"yoast-schema-graph\">{\"@context\":\"https:\/\/schema.org\",\"@graph\":[{\"@type\":\"WebSite\",\"@id\":\"https:\/\/www.aac.ac.il\/#website\",\"url\":\"https:\/\/www.aac.ac.il\/\",\"name\":\"\\u05d4\\u05de\\u05db\\u05dc\\u05dc\\u05d4 \\u05d4\\u05d0\\u05e7\\u05d3\\u05de\\u05d9\\u05ea \\u05d0\\u05e9\\u05e7\\u05dc\\u05d5\\u05df\",\"description\":\"\\u05d4\\u05de\\u05db\\u05dc\\u05dc\\u05d4 \\u05d4\\u05d0\\u05e7\\u05d3\\u05de\\u05d9\\u05ea \\u05d0\\u05e9\\u05e7\\u05dc\\u05d5\\u05df \\u05d4\\u05d9\\u05d0 \\u05de\\u05d5\\u05e1\\u05d3 \\u05dc\\u05d4\\u05e9\\u05db\\u05dc\\u05d4 \\u05d2\\u05d1\\u05d5\\u05d4\\u05d4 \\u05e2\\u05e6\\u05de\\u05d0\\u05d9 \\u05e9\\u05e8\\u05e9\\u05d0\\u05d9 \\u05dc\\u05d4\\u05e2\\u05e0\\u05d9\\u05e7 \\u05ea\\u05d0\\u05e8\\u05d9\\u05dd \\u05d0\\u05e7\\u05d3\\u05de\\u05d9\\u05d9\\u05dd \\u05d1\\u05de\\u05d2\\u05d5\\u05d5\\u05df \\u05ea\\u05db\\u05e0\\u05d9\\u05d5\\u05ea \\u05dc\\u05d9\\u05de\\u05d5\\u05d3 \\u05d1\\u05e8\\u05de\\u05d4 \\u05d0\\u05e7\\u05d3\\u05de\\u05d9\\u05ea \\u05d2\\u05d1\\u05d5\\u05d4\\u05d4 \\u05d1\\u05d9\\u05d5\\u05ea\\u05e8.\",\"potentialAction\":[{\"@type\":\"SearchAction\",\"target\":\"https:\/\/www.aac.ac.il\/?s={search_term_string}\",\"query-input\":\"required name=search_term_string\"}],\"inLanguage\":\"fr-FR\"},{\"@type\":\"WebPage\",\"@id\":\"https:\/\/www.aac.ac.il\/fr\/centre-dassistance-aux-etudiants-aux-besoins-particuliers\/#webpage\",\"url\":\"https:\/\/www.aac.ac.il\/fr\/centre-dassistance-aux-etudiants-aux-besoins-particuliers\/\",\"name\":\"Le Centre pour l'accessibilit\\u00e9 acad\\u00e9mique - \\u05d4\\u05de\\u05db\\u05dc\\u05dc\\u05d4 \\u05d4\\u05d0\\u05e7\\u05d3\\u05de\\u05d9\\u05ea \\u05d0\\u05e9\\u05e7\\u05dc\\u05d5\\u05df\",\"isPartOf\":{\"@id\":\"https:\/\/www.aac.ac.il\/#website\"},\"datePublished\":\"2018-11-08T06:33:01+00:00\",\"dateModified\":\"2022-05-01T06:49:30+00:00\",\"breadcrumb\":{\"@id\":\"https:\/\/www.aac.ac.il\/fr\/centre-dassistance-aux-etudiants-aux-besoins-particuliers\/#breadcrumb\"},\"inLanguage\":\"fr-FR\",\"potentialAction\":[{\"@type\":\"ReadAction\",\"target\":[\"https:\/\/www.aac.ac.il\/fr\/centre-dassistance-aux-etudiants-aux-besoins-particuliers\/\"]}]},{\"@type\":\"BreadcrumbList\",\"@id\":\"https:\/\/www.aac.ac.il\/fr\/centre-dassistance-aux-etudiants-aux-besoins-particuliers\/#breadcrumb\",\"itemListElement\":[{\"@type\":\"ListItem\",\"position\":1,\"item\":{\"@type\":\"WebPage\",\"@id\":\"https:\/\/www.aac.ac.il\/fr\/centre-dassistance-aux-etudiants-aux-besoins-particuliers\/\",\"url\":\"https:\/\/www.aac.ac.il\/fr\/centre-dassistance-aux-etudiants-aux-besoins-particuliers\/\",\"name\":\"Le Centre pour l'accessibilit\\u00e9 acad\\u00e9mique\"}}]}]}<\/script>\n<!-- \/ Yoast SEO plugin. -->","_links":{"self":[{"href":"https:\/\/www.aac.ac.il\/fr\/wp-json\/wp\/v2\/pages\/136"}],"collection":[{"href":"https:\/\/www.aac.ac.il\/fr\/wp-json\/wp\/v2\/pages"}],"about":[{"href":"https:\/\/www.aac.ac.il\/fr\/wp-json\/wp\/v2\/types\/page"}],"author":[{"embeddable":true,"href":"https:\/\/www.aac.ac.il\/fr\/wp-json\/wp\/v2\/users\/1"}],"replies":[{"embeddable":true,"href":"https:\/\/www.aac.ac.il\/fr\/wp-json\/wp\/v2\/comments?post=136"}],"version-history":[{"count":0,"href":"https:\/\/www.aac.ac.il\/fr\/wp-json\/wp\/v2\/pages\/136\/revisions"}],"wp:attachment":[{"href":"https:\/\/www.aac.ac.il\/fr\/wp-json\/wp\/v2\/media?parent=136"}],"curies":[{"name":"wp","href":"https:\/\/api.w.org\/{rel}","templated":true}]}}