

{"id":137,"date":"2018-11-08T08:36:26","date_gmt":"2018-11-08T06:36:26","guid":{"rendered":"https:\/\/www.aac.ac.il\/campus-academique-dashkelon\/?page_id=137"},"modified":"2018-11-08T08:36:26","modified_gmt":"2018-11-08T06:36:26","slug":"centre-dorientation-pour-lemploi-et-les-relations-avec-lindustrie","status":"publish","type":"page","link":"https:\/\/www.aac.ac.il\/fr\/centre-dorientation-pour-lemploi-et-les-relations-avec-lindustrie\/","title":{"rendered":"CENTRE D\u2019ORIENTATION POUR L\u2019EMPLOI ET LES RELATIONS AVEC L\u2019INDUSTRIE"},"content":{"rendered":"\t\t<div data-elementor-type=\"wp-post\" data-elementor-id=\"137\" class=\"elementor elementor-137 elementor-bc-flex-widget\" data-elementor-settings=\"[]\">\n\t\t\t\t\t\t<div class=\"elementor-inner\">\n\t\t\t\t\t\t\t<div class=\"elementor-section-wrap\">\n\t\t\t\t\t\t\t<section class=\"elementor-section elementor-top-section elementor-element elementor-element-61qpdx1 elementor-section-boxed elementor-section-height-default elementor-section-height-default\" data-id=\"61qpdx1\" data-element_type=\"section\">\n\t\t\t\t\t\t<div class=\"elementor-container elementor-column-gap-default\">\n\t\t\t\t\t\t\t<div class=\"elementor-row\">\n\t\t\t\t\t<div class=\"elementor-column elementor-col-100 elementor-top-column elementor-element elementor-element-bkqvl4x\" data-id=\"bkqvl4x\" data-element_type=\"column\">\n\t\t\t<div class=\"elementor-column-wrap elementor-element-populated\">\n\t\t\t\t\t\t\t<div class=\"elementor-widget-wrap\">\n\t\t\t\t\t\t<div class=\"elementor-element elementor-element-6y3hd6w elementor-widget elementor-widget-text-editor\" data-id=\"6y3hd6w\" data-element_type=\"widget\" data-widget_type=\"text-editor.default\">\n\t\t\t\t<div class=\"elementor-widget-container\">\n\t\t\t\t\t\t\t\t<div class=\"elementor-text-editor elementor-clearfix\">\n\t\t\t\t<p>Le Centre d&rsquo;orientation professionnelle et des relations avec l\u2019industrie du Campus d&rsquo;Ashkelon met l&rsquo;accent sur la pr\u00e9sentation aux \u00e9tudiants et aux dipl\u00f4m\u00e9s du Campus des opportunit\u00e9s et s\u2019active pour leur orientation vers le march\u00e9 du travail. Le Centre maintient en permanence des contacts avec les employeurs et les soci\u00e9t\u00e9s industrielles tout au long de l&rsquo;ann\u00e9e.<\/p><p>Le Centre organise des journ\u00e9es \u00abPorte ouverte\u00bb pour permettre des contacts aux \u00e9tudiants et aux dipl\u00f4m\u00e9s avec des employeurs \u00e9ventuels, notamment dans les services publics tels que\u00a0: la s\u00e9curit\u00e9 nationale (Shabak), la police, l&rsquo;Agence juive, etc.<\/p><p>Une <strong>foire annuelle de l&#8217;emploi <\/strong>est organis\u00e9e chaque ann\u00e9e, avec la participation des dizaines d&#8217;employeurs isra\u00e9liens (dont l&rsquo;Agence Juive, les entreprises de high-tech, les banques, des entreprises priv\u00e9es, des institutions gouvernementales,etc.\u00a0 \u00a0 \u00a0 \u00a0 \u00a0 \u00a0 \u00a0 \u00a0 \u00a0 \u00a0 \u00a0 \u00a0 \u00a0 \u00a0 \u00a0 \u00a0 \u00a0 \u00a0 \u00a0 \u00a0 \u00a0 \u00a0 \u00a0 \u00a0 \u00a0 \u00a0 \u00a0 \u00a0 \u00a0 \u00a0 \u00a0 \u00a0 \u00a0 \u00a0 \u00a0 \u00a0 \u00a0 \u00a0 Dans le cadre de la politique de la direction du Campus visant \u00e0 offrir des solutions d&#8217;emploi aux \u00e9tudiants et aux dipl\u00f4m\u00e9s, \u00able salon de l\u2019emploi\u00bb est devenu une tradition qui se d\u00e9roule chaque ann\u00e9e.<\/p><p style=\"text-align: left;\">Vous \u00eates invit\u00e9s \u00e0 vous familiariser avec le syst\u00e8me sur le site Web du Campus \u2013 \u00ab<strong>Orientation \u00e0 l\u2019emploi<\/strong>\u00bb.<\/p>\t\t\t\t\t<\/div>\n\t\t\t\t\t\t<\/div>\n\t\t\t\t<\/div>\n\t\t\t\t\t\t<\/div>\n\t\t\t\t\t<\/div>\n\t\t<\/div>\n\t\t\t\t\t\t\t\t<\/div>\n\t\t\t\t\t<\/div>\n\t\t<\/section>\n\t\t\t\t<section class=\"elementor-section elementor-top-section elementor-element elementor-element-8wjqd1l elementor-section-boxed elementor-section-height-default elementor-section-height-default\" data-id=\"8wjqd1l\" data-element_type=\"section\">\n\t\t\t\t\t\t<div class=\"elementor-container elementor-column-gap-default\">\n\t\t\t\t\t\t\t<div class=\"elementor-row\">\n\t\t\t\t\t<div class=\"elementor-column elementor-col-100 elementor-top-column elementor-element elementor-element-iq1kxra\" data-id=\"iq1kxra\" data-element_type=\"column\">\n\t\t\t<div class=\"elementor-column-wrap elementor-element-populated\">\n\t\t\t\t\t\t\t<div class=\"elementor-widget-wrap\">\n\t\t\t\t\t\t<div class=\"elementor-element elementor-element-phrdbi0 elementor-widget elementor-widget-text-editor\" data-id=\"phrdbi0\" data-element_type=\"widget\" data-widget_type=\"text-editor.default\">\n\t\t\t\t<div class=\"elementor-widget-container\">\n\t\t\t\t\t\t\t\t<div class=\"elementor-text-editor elementor-clearfix\">\n\t\t\t\t<p><strong>Responsable du Centre d\u2019orientation des \u00e9tudiants \u00e0<\/strong><br \/><strong>l\u2019emploi et des relations avec l\u2019industrie:<\/strong><br \/>Mr. Tzion Zozat<br \/><strong>T\u00e9l\u00e9phone:<\/strong> 08-6789506<br \/><strong>E-mail:<\/strong> tzion@aac.ac.il<br \/><strong>Emplacement sur le campus:<\/strong> b\u00e2timent 4, bureau 114<\/p>\t\t\t\t\t<\/div>\n\t\t\t\t\t\t<\/div>\n\t\t\t\t<\/div>\n\t\t\t\t\t\t<\/div>\n\t\t\t\t\t<\/div>\n\t\t<\/div>\n\t\t\t\t\t\t\t\t<\/div>\n\t\t\t\t\t<\/div>\n\t\t<\/section>\n\t\t\t\t<section class=\"elementor-section elementor-top-section elementor-element elementor-element-xgnco1u elementor-section-boxed elementor-section-height-default elementor-section-height-default\" data-id=\"xgnco1u\" data-element_type=\"section\">\n\t\t\t\t\t\t<div class=\"elementor-container elementor-column-gap-default\">\n\t\t\t\t\t\t\t<div class=\"elementor-row\">\n\t\t\t\t\t<div class=\"elementor-column elementor-col-100 elementor-top-column elementor-element elementor-element-v1bkacc\" data-id=\"v1bkacc\" data-element_type=\"column\">\n\t\t\t<div class=\"elementor-column-wrap elementor-element-populated\">\n\t\t\t\t\t\t\t<div class=\"elementor-widget-wrap\">\n\t\t\t\t\t\t<div class=\"elementor-element elementor-element-c76qq6b elementor-widget elementor-widget-image\" data-id=\"c76qq6b\" data-element_type=\"widget\" data-widget_type=\"image.default\">\n\t\t\t\t<div class=\"elementor-widget-container\">\n\t\t\t\t\t\t\t\t<div class=\"elementor-image\">\n\t\t\t\t\t\t\t\t\t\t\t\t<img src=\"https:\/\/www.aac.ac.il\/campus-academique-dashkelon\/wp-content\/uploads\/sites\/22\/2018\/11\/IMG_2390.jpg\" title=\"\" alt=\"\" \/>\t\t\t\t\t\t\t\t\t\t\t\t\t\t<\/div>\n\t\t\t\t\t\t<\/div>\n\t\t\t\t<\/div>\n\t\t\t\t\t\t<\/div>\n\t\t\t\t\t<\/div>\n\t\t<\/div>\n\t\t\t\t\t\t\t\t<\/div>\n\t\t\t\t\t<\/div>\n\t\t<\/section>\n\t\t\t\t\t\t<\/div>\n\t\t\t\t\t\t<\/div>\n\t\t\t\t\t<\/div>\n\t\t","protected":false},"excerpt":{"rendered":"<p>Le Centre d&rsquo;orientation professionnelle et des relations avec l\u2019industrie du Campus d&rsquo;Ashkelon met l&rsquo;accent sur la pr\u00e9sentation aux \u00e9tudiants et aux dipl\u00f4m\u00e9s du Campus des opportunit\u00e9s et s\u2019active pour leur orientation vers le march\u00e9 du travail. Le Centre maintient en permanence des contacts avec les employeurs et les soci\u00e9t\u00e9s industrielles tout au long de l&rsquo;ann\u00e9e. [&hellip;]<\/p>\n","protected":false},"author":1,"featured_media":0,"parent":0,"menu_order":0,"comment_status":"closed","ping_status":"closed","template":"","meta":[],"yoast_head":"<!-- This site is optimized with the Yoast SEO plugin v15.7 - https:\/\/yoast.com\/wordpress\/plugins\/seo\/ -->\n<meta name=\"robots\" content=\"index, follow, max-snippet:-1, max-image-preview:large, max-video-preview:-1\" \/>\n<link rel=\"canonical\" href=\"https:\/\/www.aac.ac.il\/fr\/centre-dorientation-pour-lemploi-et-les-relations-avec-lindustrie\/\" \/>\n<meta property=\"og:locale\" content=\"fr_FR\" \/>\n<meta property=\"og:type\" content=\"article\" \/>\n<meta property=\"og:title\" content=\"CENTRE D\u2019ORIENTATION POUR L\u2019EMPLOI ET LES RELATIONS AVEC L\u2019INDUSTRIE - \u05d4\u05de\u05db\u05dc\u05dc\u05d4 \u05d4\u05d0\u05e7\u05d3\u05de\u05d9\u05ea \u05d0\u05e9\u05e7\u05dc\u05d5\u05df\" \/>\n<meta property=\"og:description\" content=\"Le Centre d&rsquo;orientation professionnelle et des relations avec l\u2019industrie du Campus d&rsquo;Ashkelon met l&rsquo;accent sur la pr\u00e9sentation aux \u00e9tudiants et aux dipl\u00f4m\u00e9s du Campus des opportunit\u00e9s et s\u2019active pour leur orientation vers le march\u00e9 du travail. Le Centre maintient en permanence des contacts avec les employeurs et les soci\u00e9t\u00e9s industrielles tout au long de l&rsquo;ann\u00e9e. [&hellip;]\" \/>\n<meta property=\"og:url\" content=\"https:\/\/www.aac.ac.il\/fr\/centre-dorientation-pour-lemploi-et-les-relations-avec-lindustrie\/\" \/>\n<meta property=\"og:site_name\" content=\"\u05d4\u05de\u05db\u05dc\u05dc\u05d4 \u05d4\u05d0\u05e7\u05d3\u05de\u05d9\u05ea \u05d0\u05e9\u05e7\u05dc\u05d5\u05df\" \/>\n<meta property=\"og:image\" content=\"https:\/\/www.aac.ac.il\/campus-academique-dashkelon\/wp-content\/uploads\/sites\/22\/2018\/11\/IMG_2390.jpg\" \/>\n<meta name=\"twitter:card\" content=\"summary_large_image\" \/>\n<meta name=\"twitter:label1\" content=\"Dur\u00e9e de lecture est.\">\n\t<meta name=\"twitter:data1\" content=\"1 minute\">\n<script type=\"application\/ld+json\" class=\"yoast-schema-graph\">{\"@context\":\"https:\/\/schema.org\",\"@graph\":[{\"@type\":\"WebSite\",\"@id\":\"https:\/\/www.aac.ac.il\/#website\",\"url\":\"https:\/\/www.aac.ac.il\/\",\"name\":\"\\u05d4\\u05de\\u05db\\u05dc\\u05dc\\u05d4 \\u05d4\\u05d0\\u05e7\\u05d3\\u05de\\u05d9\\u05ea \\u05d0\\u05e9\\u05e7\\u05dc\\u05d5\\u05df\",\"description\":\"\\u05d4\\u05de\\u05db\\u05dc\\u05dc\\u05d4 \\u05d4\\u05d0\\u05e7\\u05d3\\u05de\\u05d9\\u05ea \\u05d0\\u05e9\\u05e7\\u05dc\\u05d5\\u05df \\u05d4\\u05d9\\u05d0 \\u05de\\u05d5\\u05e1\\u05d3 \\u05dc\\u05d4\\u05e9\\u05db\\u05dc\\u05d4 \\u05d2\\u05d1\\u05d5\\u05d4\\u05d4 \\u05e2\\u05e6\\u05de\\u05d0\\u05d9 \\u05e9\\u05e8\\u05e9\\u05d0\\u05d9 \\u05dc\\u05d4\\u05e2\\u05e0\\u05d9\\u05e7 \\u05ea\\u05d0\\u05e8\\u05d9\\u05dd \\u05d0\\u05e7\\u05d3\\u05de\\u05d9\\u05d9\\u05dd \\u05d1\\u05de\\u05d2\\u05d5\\u05d5\\u05df \\u05ea\\u05db\\u05e0\\u05d9\\u05d5\\u05ea \\u05dc\\u05d9\\u05de\\u05d5\\u05d3 \\u05d1\\u05e8\\u05de\\u05d4 \\u05d0\\u05e7\\u05d3\\u05de\\u05d9\\u05ea \\u05d2\\u05d1\\u05d5\\u05d4\\u05d4 \\u05d1\\u05d9\\u05d5\\u05ea\\u05e8.\",\"potentialAction\":[{\"@type\":\"SearchAction\",\"target\":\"https:\/\/www.aac.ac.il\/?s={search_term_string}\",\"query-input\":\"required name=search_term_string\"}],\"inLanguage\":\"fr-FR\"},{\"@type\":\"ImageObject\",\"@id\":\"https:\/\/www.aac.ac.il\/fr\/centre-dorientation-pour-lemploi-et-les-relations-avec-lindustrie\/#primaryimage\",\"inLanguage\":\"fr-FR\",\"url\":\"https:\/\/www.aac.ac.il\/campus-academique-dashkelon\/wp-content\/uploads\/sites\/22\/2018\/11\/IMG_2390.jpg\"},{\"@type\":\"WebPage\",\"@id\":\"https:\/\/www.aac.ac.il\/fr\/centre-dorientation-pour-lemploi-et-les-relations-avec-lindustrie\/#webpage\",\"url\":\"https:\/\/www.aac.ac.il\/fr\/centre-dorientation-pour-lemploi-et-les-relations-avec-lindustrie\/\",\"name\":\"CENTRE D\\u2019ORIENTATION POUR L\\u2019EMPLOI ET LES RELATIONS AVEC L\\u2019INDUSTRIE - \\u05d4\\u05de\\u05db\\u05dc\\u05dc\\u05d4 \\u05d4\\u05d0\\u05e7\\u05d3\\u05de\\u05d9\\u05ea \\u05d0\\u05e9\\u05e7\\u05dc\\u05d5\\u05df\",\"isPartOf\":{\"@id\":\"https:\/\/www.aac.ac.il\/#website\"},\"primaryImageOfPage\":{\"@id\":\"https:\/\/www.aac.ac.il\/fr\/centre-dorientation-pour-lemploi-et-les-relations-avec-lindustrie\/#primaryimage\"},\"datePublished\":\"2018-11-08T06:36:26+00:00\",\"dateModified\":\"2018-11-08T06:36:26+00:00\",\"breadcrumb\":{\"@id\":\"https:\/\/www.aac.ac.il\/fr\/centre-dorientation-pour-lemploi-et-les-relations-avec-lindustrie\/#breadcrumb\"},\"inLanguage\":\"fr-FR\",\"potentialAction\":[{\"@type\":\"ReadAction\",\"target\":[\"https:\/\/www.aac.ac.il\/fr\/centre-dorientation-pour-lemploi-et-les-relations-avec-lindustrie\/\"]}]},{\"@type\":\"BreadcrumbList\",\"@id\":\"https:\/\/www.aac.ac.il\/fr\/centre-dorientation-pour-lemploi-et-les-relations-avec-lindustrie\/#breadcrumb\",\"itemListElement\":[{\"@type\":\"ListItem\",\"position\":1,\"item\":{\"@type\":\"WebPage\",\"@id\":\"https:\/\/www.aac.ac.il\/fr\/centre-dorientation-pour-lemploi-et-les-relations-avec-lindustrie\/\",\"url\":\"https:\/\/www.aac.ac.il\/fr\/centre-dorientation-pour-lemploi-et-les-relations-avec-lindustrie\/\",\"name\":\"CENTRE D\\u2019ORIENTATION POUR L\\u2019EMPLOI ET LES RELATIONS AVEC L\\u2019INDUSTRIE\"}}]}]}<\/script>\n<!-- \/ Yoast SEO plugin. -->","_links":{"self":[{"href":"https:\/\/www.aac.ac.il\/fr\/wp-json\/wp\/v2\/pages\/137"}],"collection":[{"href":"https:\/\/www.aac.ac.il\/fr\/wp-json\/wp\/v2\/pages"}],"about":[{"href":"https:\/\/www.aac.ac.il\/fr\/wp-json\/wp\/v2\/types\/page"}],"author":[{"embeddable":true,"href":"https:\/\/www.aac.ac.il\/fr\/wp-json\/wp\/v2\/users\/1"}],"replies":[{"embeddable":true,"href":"https:\/\/www.aac.ac.il\/fr\/wp-json\/wp\/v2\/comments?post=137"}],"version-history":[{"count":0,"href":"https:\/\/www.aac.ac.il\/fr\/wp-json\/wp\/v2\/pages\/137\/revisions"}],"wp:attachment":[{"href":"https:\/\/www.aac.ac.il\/fr\/wp-json\/wp\/v2\/media?parent=137"}],"curies":[{"name":"wp","href":"https:\/\/api.w.org\/{rel}","templated":true}]}}