

{"id":18247,"date":"2022-05-01T10:04:08","date_gmt":"2022-05-01T07:04:08","guid":{"rendered":"https:\/\/www.aac.ac.il\/?page_id=18247"},"modified":"2022-05-01T10:08:22","modified_gmt":"2022-05-01T07:08:22","slug":"maitrise-en-psychologie-medicale-avec-these","status":"publish","type":"page","link":"https:\/\/www.aac.ac.il\/fr\/sciences-sociales\/maitrise-en-psychologie-medicale-avec-these\/","title":{"rendered":"Ma\u00eetrise en psychologie m\u00e9dicale avec th\u00e8se *"},"content":{"rendered":"\t\t<div data-elementor-type=\"wp-page\" data-elementor-id=\"18247\" class=\"elementor elementor-18247\" data-elementor-settings=\"[]\">\n\t\t\t\t\t\t<div class=\"elementor-inner\">\n\t\t\t\t\t\t\t<div class=\"elementor-section-wrap\">\n\t\t\t\t\t\t\t<section class=\"elementor-section elementor-top-section elementor-element elementor-element-2d13611 elementor-section-boxed elementor-section-height-default elementor-section-height-default\" data-id=\"2d13611\" data-element_type=\"section\">\n\t\t\t\t\t\t<div class=\"elementor-container elementor-column-gap-default\">\n\t\t\t\t\t\t\t<div class=\"elementor-row\">\n\t\t\t\t\t<div class=\"elementor-column elementor-col-100 elementor-top-column elementor-element elementor-element-da168f9\" data-id=\"da168f9\" data-element_type=\"column\">\n\t\t\t<div class=\"elementor-column-wrap elementor-element-populated\">\n\t\t\t\t\t\t\t<div class=\"elementor-widget-wrap\">\n\t\t\t\t\t\t<div class=\"elementor-element elementor-element-3764c78 elementor-widget elementor-widget-text-editor\" data-id=\"3764c78\" data-element_type=\"widget\" data-widget_type=\"text-editor.default\">\n\t\t\t\t<div class=\"elementor-widget-container\">\n\t\t\t\t\t\t\t\t<div class=\"elementor-text-editor elementor-clearfix\">\n\t\t\t\t<p><strong>Ma\u00eetrise en psychologie m\u00e9dicale avec th\u00e8se *<\/strong><\/p><p><strong>Le but du programme<\/strong><\/p><p>\u00a0<\/p><p>Le but du programme est de former des psychologues m\u00e9dicaux pour la sp\u00e9cialisation dans des carri\u00e8res cliniques des syst\u00e8mes de sant\u00e9. Afin d&rsquo;atteindre cet objectif, le programme prescrira les bases th\u00e9oriques de la profession, et l&rsquo;exp\u00e9rience initiale dans les institutions m\u00e9dicales et la capacit\u00e9 de recherche.<\/p><p>\u00a0<\/p><p>Les enseignements th\u00e9oriques et empiriques des connaissances requises seront acquis gr\u00e2ce \u00e0 un programme d&rsquo;\u00e9tude comprenant des conf\u00e9rences dans les domaines de la psychologie m\u00e9dicale et de la psychologie clinique et m\u00e9dicale. Dans ces conf\u00e9rences sera pr\u00e9senter le patient, l&rsquo;\u00e9tat physique de la sant\u00e9 et de la maladie du patient, les troubles mentaux pertinents &#8211; cognitifs et effectifs &#8211; qui accompagnent les maladies physiques, les approches th\u00e9oriques et les outils pratiques de la psychologie m\u00e9dicale et clinique, ainsi que le syst\u00e8me m\u00e9dical dans laquelle exerce\u00a0 le psychologue m\u00e9dical.<\/p><p>\u00a0<\/p><p>Le programme de la disposition clinique fournira aux \u00e9tudiants une exp\u00e9rience et une compr\u00e9hension approfondies dans la recherche scientifique. Il y aura des cours dans les m\u00e9thodes de recherche et de la statistique, des s\u00e9minaires empiriques et une th\u00e8se de maitrise de recherche dans les domaines de la psychologie m\u00e9dicale. L&rsquo;accent sera mis dans tous les cours sur la lecture des articles de recherche en anglais.<\/p><p>\u00a0<\/p><p><strong>L&rsquo;exp\u00e9rience pratique<\/strong><\/p><p>L&rsquo;exp\u00e9rience pratique aura lieu dans des services m\u00e9dicaux s\u00e9lectionn\u00e9s, sous la direction de psychologues et en collaboration avec le personnel m\u00e9dical de ces \u00e9tablissements. Le stage pr\u00e9parera les \u00e9tudiants \u00e0 appliquer ce qui est enseign\u00e9 dans le cadre du programme et \u00e0 ex\u00e9cuter des programmes de diagnostic, de traitement et de pr\u00e9vention pour les patients atteints de maladies physiques accompagn\u00e9es de sympt\u00f4mes mentaux. En outre, il sera \u00e9tudi\u00e9 la pratique de la cr\u00e9ation de programmes syst\u00e9miques dans les services m\u00e9dicaux. Les processus lors de l&rsquo;exp\u00e9rience dans les services m\u00e9dicales et les probl\u00e8mes qui se poseront seront \u00e9tudies en groupe et individuellement dans les cours qui accompagnent le stage.<\/p><p>\u00a0<\/p><p><strong>Formation \u00e0 la recherche<\/strong><\/p><p>L&rsquo;accent sera mis sur la formation des \u00e9tudiants \u00e0 la recherche et \u00e0 la capacit\u00e9 de bien saisir les connaissances scientifiques ad\u00e9quates, fond\u00e9es sur la capacit\u00e9 de produire de telles connaissances (bas\u00e9es sur le travail de recherche de la th\u00e8se qui est indispensable pour l&rsquo;insertion professionnelle dans les institutions m\u00e9dicales pour exercer dans le domaine de la psychologie m\u00e9dicale. La formation \u00e0 la recherche sera r\u00e9alis\u00e9e par un ensemble de moyens, comprenant les m\u00e9thodes de recherche, de la statistique et du s\u00e9minaire empirique pour la th\u00e8se de recherche dans le domaine de la psychologie m\u00e9dicale.<\/p><p><strong>\u00a0<\/strong><\/p><p><strong>Le personnel enseignant<\/strong><\/p><p>Le professeur \u00e9m\u00e9rite Matityahu (Matti) Mintz, chef du d\u00e9partement de psychologie et d&rsquo;\u00e9conomie de l&rsquo;Universit\u00e9 h\u00e9bra\u00efque, a obtenu sa ma\u00eetrise et son doctorat en psychobiologie \u00e0 l&rsquo;Universit\u00e9 de Tel Aviv. Avec Le professeur Mintz professent des titulaires de dipl\u00f4me en psychologie m\u00e9dicale ayant une grande exp\u00e9rience professionnelle dans des services m\u00e9dicaux et \/ ou de la recherche en psychologie m\u00e9dicale ainsi que des chercheurs ayant des connaissances dans des domaines m\u00e9dicaux \u00e9tendus qui raccordent l&rsquo;enseignement acad\u00e9mique et le travail sur le terrain.<\/p><p>\u00a0<\/p><p><strong>* L&rsquo;acquisition du dipl\u00f4me est soumise \u00e0 l&rsquo;approbation du Conseil de l&rsquo;enseignement sup\u00e9rieur<\/strong><\/p>\t\t\t\t\t<\/div>\n\t\t\t\t\t\t<\/div>\n\t\t\t\t<\/div>\n\t\t\t\t\t\t<\/div>\n\t\t\t\t\t<\/div>\n\t\t<\/div>\n\t\t\t\t\t\t\t\t<\/div>\n\t\t\t\t\t<\/div>\n\t\t<\/section>\n\t\t\t\t\t\t<\/div>\n\t\t\t\t\t\t<\/div>\n\t\t\t\t\t<\/div>\n\t\t","protected":false},"excerpt":{"rendered":"<p>Ma\u00eetrise en psychologie m\u00e9dicale avec th\u00e8se * Le but du programme \u00a0 Le but du programme est de former des psychologues m\u00e9dicaux pour la sp\u00e9cialisation dans des carri\u00e8res cliniques des syst\u00e8mes de sant\u00e9. Afin d&rsquo;atteindre cet objectif, le programme prescrira les bases th\u00e9oriques de la profession, et l&rsquo;exp\u00e9rience initiale dans les institutions m\u00e9dicales et la [&hellip;]<\/p>\n","protected":false},"author":4,"featured_media":0,"parent":43,"menu_order":0,"comment_status":"closed","ping_status":"closed","template":"","meta":[],"yoast_head":"<!-- This site is optimized with the Yoast SEO plugin v15.7 - https:\/\/yoast.com\/wordpress\/plugins\/seo\/ -->\n<meta name=\"robots\" content=\"index, follow, max-snippet:-1, max-image-preview:large, max-video-preview:-1\" \/>\n<link rel=\"canonical\" href=\"https:\/\/www.aac.ac.il\/fr\/sciences-sociales\/maitrise-en-psychologie-medicale-avec-these\/\" \/>\n<meta property=\"og:locale\" content=\"fr_FR\" \/>\n<meta property=\"og:type\" content=\"article\" \/>\n<meta property=\"og:title\" content=\"Ma\u00eetrise en psychologie m\u00e9dicale avec th\u00e8se * - \u05d4\u05de\u05db\u05dc\u05dc\u05d4 \u05d4\u05d0\u05e7\u05d3\u05de\u05d9\u05ea \u05d0\u05e9\u05e7\u05dc\u05d5\u05df\" \/>\n<meta property=\"og:description\" content=\"Ma\u00eetrise en psychologie m\u00e9dicale avec th\u00e8se * Le but du programme \u00a0 Le but du programme est de former des psychologues m\u00e9dicaux pour la sp\u00e9cialisation dans des carri\u00e8res cliniques des syst\u00e8mes de sant\u00e9. Afin d&rsquo;atteindre cet objectif, le programme prescrira les bases th\u00e9oriques de la profession, et l&rsquo;exp\u00e9rience initiale dans les institutions m\u00e9dicales et la [&hellip;]\" \/>\n<meta property=\"og:url\" content=\"https:\/\/www.aac.ac.il\/fr\/sciences-sociales\/maitrise-en-psychologie-medicale-avec-these\/\" \/>\n<meta property=\"og:site_name\" content=\"\u05d4\u05de\u05db\u05dc\u05dc\u05d4 \u05d4\u05d0\u05e7\u05d3\u05de\u05d9\u05ea \u05d0\u05e9\u05e7\u05dc\u05d5\u05df\" \/>\n<meta property=\"article:modified_time\" content=\"2022-05-01T07:08:22+00:00\" \/>\n<meta name=\"twitter:card\" content=\"summary_large_image\" \/>\n<meta name=\"twitter:label1\" content=\"Dur\u00e9e de lecture est.\">\n\t<meta name=\"twitter:data1\" content=\"3 minutes\">\n<script type=\"application\/ld+json\" class=\"yoast-schema-graph\">{\"@context\":\"https:\/\/schema.org\",\"@graph\":[{\"@type\":\"WebSite\",\"@id\":\"https:\/\/www.aac.ac.il\/#website\",\"url\":\"https:\/\/www.aac.ac.il\/\",\"name\":\"\\u05d4\\u05de\\u05db\\u05dc\\u05dc\\u05d4 \\u05d4\\u05d0\\u05e7\\u05d3\\u05de\\u05d9\\u05ea \\u05d0\\u05e9\\u05e7\\u05dc\\u05d5\\u05df\",\"description\":\"\\u05d4\\u05de\\u05db\\u05dc\\u05dc\\u05d4 \\u05d4\\u05d0\\u05e7\\u05d3\\u05de\\u05d9\\u05ea \\u05d0\\u05e9\\u05e7\\u05dc\\u05d5\\u05df \\u05d4\\u05d9\\u05d0 \\u05de\\u05d5\\u05e1\\u05d3 \\u05dc\\u05d4\\u05e9\\u05db\\u05dc\\u05d4 \\u05d2\\u05d1\\u05d5\\u05d4\\u05d4 \\u05e2\\u05e6\\u05de\\u05d0\\u05d9 \\u05e9\\u05e8\\u05e9\\u05d0\\u05d9 \\u05dc\\u05d4\\u05e2\\u05e0\\u05d9\\u05e7 \\u05ea\\u05d0\\u05e8\\u05d9\\u05dd \\u05d0\\u05e7\\u05d3\\u05de\\u05d9\\u05d9\\u05dd \\u05d1\\u05de\\u05d2\\u05d5\\u05d5\\u05df \\u05ea\\u05db\\u05e0\\u05d9\\u05d5\\u05ea \\u05dc\\u05d9\\u05de\\u05d5\\u05d3 \\u05d1\\u05e8\\u05de\\u05d4 \\u05d0\\u05e7\\u05d3\\u05de\\u05d9\\u05ea \\u05d2\\u05d1\\u05d5\\u05d4\\u05d4 \\u05d1\\u05d9\\u05d5\\u05ea\\u05e8.\",\"potentialAction\":[{\"@type\":\"SearchAction\",\"target\":\"https:\/\/www.aac.ac.il\/?s={search_term_string}\",\"query-input\":\"required name=search_term_string\"}],\"inLanguage\":\"fr-FR\"},{\"@type\":\"WebPage\",\"@id\":\"https:\/\/www.aac.ac.il\/fr\/sciences-sociales\/maitrise-en-psychologie-medicale-avec-these\/#webpage\",\"url\":\"https:\/\/www.aac.ac.il\/fr\/sciences-sociales\/maitrise-en-psychologie-medicale-avec-these\/\",\"name\":\"Ma\\u00eetrise en psychologie m\\u00e9dicale avec th\\u00e8se * - \\u05d4\\u05de\\u05db\\u05dc\\u05dc\\u05d4 \\u05d4\\u05d0\\u05e7\\u05d3\\u05de\\u05d9\\u05ea \\u05d0\\u05e9\\u05e7\\u05dc\\u05d5\\u05df\",\"isPartOf\":{\"@id\":\"https:\/\/www.aac.ac.il\/#website\"},\"datePublished\":\"2022-05-01T07:04:08+00:00\",\"dateModified\":\"2022-05-01T07:08:22+00:00\",\"breadcrumb\":{\"@id\":\"https:\/\/www.aac.ac.il\/fr\/sciences-sociales\/maitrise-en-psychologie-medicale-avec-these\/#breadcrumb\"},\"inLanguage\":\"fr-FR\",\"potentialAction\":[{\"@type\":\"ReadAction\",\"target\":[\"https:\/\/www.aac.ac.il\/fr\/sciences-sociales\/maitrise-en-psychologie-medicale-avec-these\/\"]}]},{\"@type\":\"BreadcrumbList\",\"@id\":\"https:\/\/www.aac.ac.il\/fr\/sciences-sociales\/maitrise-en-psychologie-medicale-avec-these\/#breadcrumb\",\"itemListElement\":[{\"@type\":\"ListItem\",\"position\":1,\"item\":{\"@type\":\"WebPage\",\"@id\":\"https:\/\/www.aac.ac.il\/fr\/sciences-sociales\/\",\"url\":\"https:\/\/www.aac.ac.il\/fr\/sciences-sociales\/\",\"name\":\"Sciences Sociales\"}},{\"@type\":\"ListItem\",\"position\":2,\"item\":{\"@type\":\"WebPage\",\"@id\":\"https:\/\/www.aac.ac.il\/fr\/sciences-sociales\/maitrise-en-psychologie-medicale-avec-these\/\",\"url\":\"https:\/\/www.aac.ac.il\/fr\/sciences-sociales\/maitrise-en-psychologie-medicale-avec-these\/\",\"name\":\"Ma\\u00eetrise en psychologie m\\u00e9dicale avec th\\u00e8se *\"}}]}]}<\/script>\n<!-- \/ Yoast SEO plugin. -->","_links":{"self":[{"href":"https:\/\/www.aac.ac.il\/fr\/wp-json\/wp\/v2\/pages\/18247"}],"collection":[{"href":"https:\/\/www.aac.ac.il\/fr\/wp-json\/wp\/v2\/pages"}],"about":[{"href":"https:\/\/www.aac.ac.il\/fr\/wp-json\/wp\/v2\/types\/page"}],"author":[{"embeddable":true,"href":"https:\/\/www.aac.ac.il\/fr\/wp-json\/wp\/v2\/users\/4"}],"replies":[{"embeddable":true,"href":"https:\/\/www.aac.ac.il\/fr\/wp-json\/wp\/v2\/comments?post=18247"}],"version-history":[{"count":0,"href":"https:\/\/www.aac.ac.il\/fr\/wp-json\/wp\/v2\/pages\/18247\/revisions"}],"up":[{"embeddable":true,"href":"https:\/\/www.aac.ac.il\/fr\/wp-json\/wp\/v2\/pages\/43"}],"wp:attachment":[{"href":"https:\/\/www.aac.ac.il\/fr\/wp-json\/wp\/v2\/media?parent=18247"}],"curies":[{"name":"wp","href":"https:\/\/api.w.org\/{rel}","templated":true}]}}