

{"id":18248,"date":"2022-05-01T10:11:23","date_gmt":"2022-05-01T07:11:23","guid":{"rendered":"https:\/\/www.aac.ac.il\/?page_id=18248"},"modified":"2022-05-01T10:13:02","modified_gmt":"2022-05-01T07:13:02","slug":"recyclage-des-diplomes-universitaires-a-la-licence-b-s-n-daide-soignant","status":"publish","type":"page","link":"https:\/\/www.aac.ac.il\/fr\/centre-dorientation-pour-lemploi-et-les-relations-avec-lindustrie\/recyclage-des-diplomes-universitaires-a-la-licence-b-s-n-daide-soignant\/","title":{"rendered":"Recyclage des dipl\u00f4m\u00e9s universitaires \u00e0 la licence B.S.N d&rsquo;aide-soignant"},"content":{"rendered":"\t\t<div data-elementor-type=\"wp-page\" data-elementor-id=\"18248\" class=\"elementor elementor-18248\" data-elementor-settings=\"[]\">\n\t\t\t\t\t\t<div class=\"elementor-inner\">\n\t\t\t\t\t\t\t<div class=\"elementor-section-wrap\">\n\t\t\t\t\t\t\t<section class=\"elementor-section elementor-top-section elementor-element elementor-element-a8c16bf elementor-section-boxed elementor-section-height-default elementor-section-height-default\" data-id=\"a8c16bf\" data-element_type=\"section\">\n\t\t\t\t\t\t<div class=\"elementor-container elementor-column-gap-default\">\n\t\t\t\t\t\t\t<div class=\"elementor-row\">\n\t\t\t\t\t<div class=\"elementor-column elementor-col-100 elementor-top-column elementor-element elementor-element-daadba4\" data-id=\"daadba4\" data-element_type=\"column\">\n\t\t\t<div class=\"elementor-column-wrap elementor-element-populated\">\n\t\t\t\t\t\t\t<div class=\"elementor-widget-wrap\">\n\t\t\t\t\t\t<div class=\"elementor-element elementor-element-1a5d3ad elementor-widget elementor-widget-text-editor\" data-id=\"1a5d3ad\" data-element_type=\"widget\" data-widget_type=\"text-editor.default\">\n\t\t\t\t<div class=\"elementor-widget-container\">\n\t\t\t\t\t\t\t\t<div class=\"elementor-text-editor elementor-clearfix\">\n\t\t\t\t<p><strong>Le but du programme<\/strong><\/p><p><strong>\u00a0<\/strong><\/p><p>Le programme est con\u00e7u pour les \u00e9tudiants du premier cycle ou des dipl\u00f4m\u00e9s qui souhaitent se recycler dans une nouvelle carri\u00e8re pleine de d\u00e9fis, de se procurer d&rsquo;un sentiment de satisfaction et d&rsquo;\u00e9panouissement personnel ainsi que la s\u00e9curit\u00e9 d&#8217;emploi.<\/p><p>Le programme forme des infirmi\u00e8res certifi\u00e9es au niveau universitaire pour divers postes dans le syst\u00e8me de sant\u00e9 dans les h\u00f4pitaux sur la base de connaissances scientifiques approfondies dans les sciences d&rsquo;aides-soignants et de la m\u00e9decine pour s&rsquo;incorporer dans le syst\u00e8me m\u00e9dical communautaire.<\/p><p><strong>\u00a0<\/strong><\/p><p><strong>Programme des \u00e9tudes<\/strong><\/p><p>Le programme de recyclage d&rsquo;aides-soignants associe la formation th\u00e9orique et \u00e0 l&rsquo;exp\u00e9rience clinique. Les cours de base d&rsquo;aides-soignants et de la m\u00e9decine sociales enseign\u00e9s en premi\u00e8re ann\u00e9e constituent la base pour la poursuite des \u00e9tudes. Les \u00e9tudes cliniques et les exp\u00e9riences commencent d\u00e8s la premi\u00e8re ann\u00e9e et se poursuivent parall\u00e8lement aux \u00e9tudes th\u00e9oriques tout au long des ann\u00e9es scolaires. Dans le cadre des exp\u00e9riences cliniques, les \u00e9tudiants sont expos\u00e9s \u00e0 des services cliniques dans divers \u00e9tablissements de sant\u00e9 qui offrent des services de sant\u00e9 \u00e0 la population en tout temps.<\/p><p>\u00a0<\/p><p>\u00a0<\/p><p>Les domaines de chirurgie section d&rsquo;aides-soignants pour femmes, section d&rsquo;aides-soignants pour enfants, section d&rsquo;aides-soignants dans la communaut\u00e9, section d&rsquo;aides-soignants en sant\u00e9 mentale, section d&rsquo;aides-soignants en m\u00e9decine d&rsquo;urgence et dans des cas d&rsquo;urgence et un service d&rsquo;aides-soignants dans les situations d&rsquo;handicape et de r\u00e9tablissement. Les comp\u00e9tences cliniques sont acquises au centre de simulation du campus et dans divers \u00e9tablissements cliniques, dans les services hospitalisant et dans les services communautaires du syst\u00e8me de sant\u00e9 avec l&rsquo;aide d&rsquo;instructeurs cliniques confirm\u00e9s et par des experts dans le domaine.<\/p><p>Le programme dure environ deux ans et demi &#8211; 7 semestres cons\u00e9cutifs (y compris le semestre d&rsquo;\u00e9t\u00e9).<\/p><p>\u00a0<\/p><p>\u00a0<\/p><p><strong>Le personnel enseignant<\/strong><\/p><p>Le d\u00e9partement est dirig\u00e9 par le Dr Ilya Kagan, en collaboration avec, des conf\u00e9renciers et des experts dans divers domaines cliniques, ayant une vaste exp\u00e9rience dans l&rsquo;enseignement et dans les services cliniques et de la recherche. Le personnel acad\u00e9mique et administratif accompagne l&rsquo;\u00e9tudiant tout au long des ann\u00e9es de la licence jusqu&rsquo;\u00e0 la fin de ses \u00e9tudes.<\/p><p>Le personnel enseignant coordonne l&rsquo;excellence dans l&rsquo;enseignement universitaire et la recherche active ainsi que le fonctionnement professionnel dans divers services cliniques.<\/p><p><strong>\u00a0<\/strong><\/p><p><strong>Particularit\u00e9 sp\u00e9cifique <\/strong><\/p><p><strong>\u00a0<\/strong><\/p><p><strong>L&rsquo;exp\u00e9rience clinique<\/strong><\/p><p>D\u00e8s la premi\u00e8re ann\u00e9e, les \u00e9tudiants s&rsquo;exp\u00e9rimentent dans divers services cliniques dans les h\u00f4pitaux et dans les services m\u00e9dicaux de la communaut\u00e9, dans : Centre m\u00e9dical Barzilai, Centre m\u00e9dical Soroka, Centres Assuta, Cliniques de soins primaires Clalit, Maccabi et Meuhedet, centres de r\u00e9adaptation et plus encore.<\/p><p>La pratique clinique fait partie int\u00e9grante du programme d&rsquo;\u00e9tudes du premier cycle. Cette pratique est bas\u00e9e sur l&rsquo;infrastructure des connaissances th\u00e9oriques acquises et vise \u00e0 d\u00e9velopper des attitudes et des positions professionnelles, \u00e0 d\u00e9velopper des r\u00e8gles de conduite professionnelle et \u00e0 transmettre des comp\u00e9tences de traitement approfondies \u00e0 des groupes de la population.<\/p><p><strong>\u00a0<\/strong><\/p><p><strong>Centre de Simulation clinique (imagerie)<\/strong><\/p><p>Le centre de l&rsquo;imagerie du Campus simule des situations de la r\u00e9alit\u00e9 clinique en milieu hospitalier et communautaire. Au cours de leurs \u00e9tudes, les \u00e9tudiants exp\u00e9rimentent l&rsquo;\u00e9tat de la situation de la vie r\u00e9elle, la pratique des comp\u00e9tences du diagnostic et du traitement, l&rsquo;\u00e9volution des comp\u00e9tences d&rsquo;observation et du constat, la capacit\u00e9 de la r\u00e9solution du probl\u00e8me et du travail en \u00e9quipe.<\/p><p>Le centre d&rsquo;imagerie est situ\u00e9 dans un complexe sp\u00e9cifique qui permet l&rsquo;apprentissage exp\u00e9rimental. Le centre est \u00e9galement dot\u00e9 de tous les \u00e9quipements qui existent dans les centres de soins hospitaliers et communautaires. Le centre d&rsquo;imagerie a \u00e9t\u00e9 construit sur ledit mod\u00e8le afin que l&rsquo;\u00e9tudiant saisisse l&rsquo;importance de la pratique durant ses ann\u00e9es scolaires et l&rsquo;assimile.<\/p><p><em>\u00a0<\/em><\/p><p><strong>Dipl\u00f4me universitaire adapt\u00e9 \u00e0 la sp\u00e9cialisation professionnelle<\/strong><\/p><p>Les dipl\u00f4m\u00e9s du programme se verront d\u00e9cerner une licence d&rsquo;aide-soignant (B.S.N) et un dipl\u00f4me d&rsquo;infirmier sp\u00e9cialis\u00e9, sous r\u00e9serve de la r\u00e9ussite \u00e0 l&rsquo;examen d&rsquo;admission du minist\u00e8re de la Sant\u00e9.<\/p>\t\t\t\t\t<\/div>\n\t\t\t\t\t\t<\/div>\n\t\t\t\t<\/div>\n\t\t\t\t\t\t<\/div>\n\t\t\t\t\t<\/div>\n\t\t<\/div>\n\t\t\t\t\t\t\t\t<\/div>\n\t\t\t\t\t<\/div>\n\t\t<\/section>\n\t\t\t\t\t\t<\/div>\n\t\t\t\t\t\t<\/div>\n\t\t\t\t\t<\/div>\n\t\t","protected":false},"excerpt":{"rendered":"<p>Le but du programme \u00a0 Le programme est con\u00e7u pour les \u00e9tudiants du premier cycle ou des dipl\u00f4m\u00e9s qui souhaitent se recycler dans une nouvelle carri\u00e8re pleine de d\u00e9fis, de se procurer d&rsquo;un sentiment de satisfaction et d&rsquo;\u00e9panouissement personnel ainsi que la s\u00e9curit\u00e9 d&#8217;emploi. Le programme forme des infirmi\u00e8res certifi\u00e9es au niveau universitaire pour divers [&hellip;]<\/p>\n","protected":false},"author":4,"featured_media":0,"parent":137,"menu_order":0,"comment_status":"closed","ping_status":"closed","template":"","meta":[],"yoast_head":"<!-- This site is optimized with the Yoast SEO plugin v15.7 - https:\/\/yoast.com\/wordpress\/plugins\/seo\/ -->\n<meta name=\"robots\" content=\"index, follow, max-snippet:-1, max-image-preview:large, max-video-preview:-1\" \/>\n<link rel=\"canonical\" href=\"https:\/\/www.aac.ac.il\/fr\/centre-dorientation-pour-lemploi-et-les-relations-avec-lindustrie\/recyclage-des-diplomes-universitaires-a-la-licence-b-s-n-daide-soignant\/\" \/>\n<meta property=\"og:locale\" content=\"fr_FR\" \/>\n<meta property=\"og:type\" content=\"article\" \/>\n<meta property=\"og:title\" content=\"Recyclage des dipl\u00f4m\u00e9s universitaires \u00e0 la licence B.S.N d&#039;aide-soignant - \u05d4\u05de\u05db\u05dc\u05dc\u05d4 \u05d4\u05d0\u05e7\u05d3\u05de\u05d9\u05ea \u05d0\u05e9\u05e7\u05dc\u05d5\u05df\" \/>\n<meta property=\"og:description\" content=\"Le but du programme \u00a0 Le programme est con\u00e7u pour les \u00e9tudiants du premier cycle ou des dipl\u00f4m\u00e9s qui souhaitent se recycler dans une nouvelle carri\u00e8re pleine de d\u00e9fis, de se procurer d&rsquo;un sentiment de satisfaction et d&rsquo;\u00e9panouissement personnel ainsi que la s\u00e9curit\u00e9 d&#8217;emploi. Le programme forme des infirmi\u00e8res certifi\u00e9es au niveau universitaire pour divers [&hellip;]\" \/>\n<meta property=\"og:url\" content=\"https:\/\/www.aac.ac.il\/fr\/centre-dorientation-pour-lemploi-et-les-relations-avec-lindustrie\/recyclage-des-diplomes-universitaires-a-la-licence-b-s-n-daide-soignant\/\" \/>\n<meta property=\"og:site_name\" content=\"\u05d4\u05de\u05db\u05dc\u05dc\u05d4 \u05d4\u05d0\u05e7\u05d3\u05de\u05d9\u05ea \u05d0\u05e9\u05e7\u05dc\u05d5\u05df\" \/>\n<meta property=\"article:modified_time\" content=\"2022-05-01T07:13:02+00:00\" \/>\n<meta name=\"twitter:card\" content=\"summary_large_image\" \/>\n<meta name=\"twitter:label1\" content=\"Dur\u00e9e de lecture est.\">\n\t<meta name=\"twitter:data1\" content=\"3 minutes\">\n<script type=\"application\/ld+json\" class=\"yoast-schema-graph\">{\"@context\":\"https:\/\/schema.org\",\"@graph\":[{\"@type\":\"WebSite\",\"@id\":\"https:\/\/www.aac.ac.il\/#website\",\"url\":\"https:\/\/www.aac.ac.il\/\",\"name\":\"\\u05d4\\u05de\\u05db\\u05dc\\u05dc\\u05d4 \\u05d4\\u05d0\\u05e7\\u05d3\\u05de\\u05d9\\u05ea \\u05d0\\u05e9\\u05e7\\u05dc\\u05d5\\u05df\",\"description\":\"\\u05d4\\u05de\\u05db\\u05dc\\u05dc\\u05d4 \\u05d4\\u05d0\\u05e7\\u05d3\\u05de\\u05d9\\u05ea \\u05d0\\u05e9\\u05e7\\u05dc\\u05d5\\u05df \\u05d4\\u05d9\\u05d0 \\u05de\\u05d5\\u05e1\\u05d3 \\u05dc\\u05d4\\u05e9\\u05db\\u05dc\\u05d4 \\u05d2\\u05d1\\u05d5\\u05d4\\u05d4 \\u05e2\\u05e6\\u05de\\u05d0\\u05d9 \\u05e9\\u05e8\\u05e9\\u05d0\\u05d9 \\u05dc\\u05d4\\u05e2\\u05e0\\u05d9\\u05e7 \\u05ea\\u05d0\\u05e8\\u05d9\\u05dd \\u05d0\\u05e7\\u05d3\\u05de\\u05d9\\u05d9\\u05dd \\u05d1\\u05de\\u05d2\\u05d5\\u05d5\\u05df \\u05ea\\u05db\\u05e0\\u05d9\\u05d5\\u05ea \\u05dc\\u05d9\\u05de\\u05d5\\u05d3 \\u05d1\\u05e8\\u05de\\u05d4 \\u05d0\\u05e7\\u05d3\\u05de\\u05d9\\u05ea \\u05d2\\u05d1\\u05d5\\u05d4\\u05d4 \\u05d1\\u05d9\\u05d5\\u05ea\\u05e8.\",\"potentialAction\":[{\"@type\":\"SearchAction\",\"target\":\"https:\/\/www.aac.ac.il\/?s={search_term_string}\",\"query-input\":\"required name=search_term_string\"}],\"inLanguage\":\"fr-FR\"},{\"@type\":\"WebPage\",\"@id\":\"https:\/\/www.aac.ac.il\/fr\/centre-dorientation-pour-lemploi-et-les-relations-avec-lindustrie\/recyclage-des-diplomes-universitaires-a-la-licence-b-s-n-daide-soignant\/#webpage\",\"url\":\"https:\/\/www.aac.ac.il\/fr\/centre-dorientation-pour-lemploi-et-les-relations-avec-lindustrie\/recyclage-des-diplomes-universitaires-a-la-licence-b-s-n-daide-soignant\/\",\"name\":\"Recyclage des dipl\\u00f4m\\u00e9s universitaires \\u00e0 la licence B.S.N d'aide-soignant - \\u05d4\\u05de\\u05db\\u05dc\\u05dc\\u05d4 \\u05d4\\u05d0\\u05e7\\u05d3\\u05de\\u05d9\\u05ea \\u05d0\\u05e9\\u05e7\\u05dc\\u05d5\\u05df\",\"isPartOf\":{\"@id\":\"https:\/\/www.aac.ac.il\/#website\"},\"datePublished\":\"2022-05-01T07:11:23+00:00\",\"dateModified\":\"2022-05-01T07:13:02+00:00\",\"breadcrumb\":{\"@id\":\"https:\/\/www.aac.ac.il\/fr\/centre-dorientation-pour-lemploi-et-les-relations-avec-lindustrie\/recyclage-des-diplomes-universitaires-a-la-licence-b-s-n-daide-soignant\/#breadcrumb\"},\"inLanguage\":\"fr-FR\",\"potentialAction\":[{\"@type\":\"ReadAction\",\"target\":[\"https:\/\/www.aac.ac.il\/fr\/centre-dorientation-pour-lemploi-et-les-relations-avec-lindustrie\/recyclage-des-diplomes-universitaires-a-la-licence-b-s-n-daide-soignant\/\"]}]},{\"@type\":\"BreadcrumbList\",\"@id\":\"https:\/\/www.aac.ac.il\/fr\/centre-dorientation-pour-lemploi-et-les-relations-avec-lindustrie\/recyclage-des-diplomes-universitaires-a-la-licence-b-s-n-daide-soignant\/#breadcrumb\",\"itemListElement\":[{\"@type\":\"ListItem\",\"position\":1,\"item\":{\"@type\":\"WebPage\",\"@id\":\"https:\/\/www.aac.ac.il\/fr\/centre-dorientation-pour-lemploi-et-les-relations-avec-lindustrie\/\",\"url\":\"https:\/\/www.aac.ac.il\/fr\/centre-dorientation-pour-lemploi-et-les-relations-avec-lindustrie\/\",\"name\":\"CENTRE D\\u2019ORIENTATION POUR L\\u2019EMPLOI ET LES RELATIONS AVEC L\\u2019INDUSTRIE\"}},{\"@type\":\"ListItem\",\"position\":2,\"item\":{\"@type\":\"WebPage\",\"@id\":\"https:\/\/www.aac.ac.il\/fr\/centre-dorientation-pour-lemploi-et-les-relations-avec-lindustrie\/recyclage-des-diplomes-universitaires-a-la-licence-b-s-n-daide-soignant\/\",\"url\":\"https:\/\/www.aac.ac.il\/fr\/centre-dorientation-pour-lemploi-et-les-relations-avec-lindustrie\/recyclage-des-diplomes-universitaires-a-la-licence-b-s-n-daide-soignant\/\",\"name\":\"Recyclage des dipl\\u00f4m\\u00e9s universitaires \\u00e0 la licence B.S.N d'aide-soignant\"}}]}]}<\/script>\n<!-- \/ Yoast SEO plugin. -->","_links":{"self":[{"href":"https:\/\/www.aac.ac.il\/fr\/wp-json\/wp\/v2\/pages\/18248"}],"collection":[{"href":"https:\/\/www.aac.ac.il\/fr\/wp-json\/wp\/v2\/pages"}],"about":[{"href":"https:\/\/www.aac.ac.il\/fr\/wp-json\/wp\/v2\/types\/page"}],"author":[{"embeddable":true,"href":"https:\/\/www.aac.ac.il\/fr\/wp-json\/wp\/v2\/users\/4"}],"replies":[{"embeddable":true,"href":"https:\/\/www.aac.ac.il\/fr\/wp-json\/wp\/v2\/comments?post=18248"}],"version-history":[{"count":0,"href":"https:\/\/www.aac.ac.il\/fr\/wp-json\/wp\/v2\/pages\/18248\/revisions"}],"up":[{"embeddable":true,"href":"https:\/\/www.aac.ac.il\/fr\/wp-json\/wp\/v2\/pages\/137"}],"wp:attachment":[{"href":"https:\/\/www.aac.ac.il\/fr\/wp-json\/wp\/v2\/media?parent=18248"}],"curies":[{"name":"wp","href":"https:\/\/api.w.org\/{rel}","templated":true}]}}