

{"id":18249,"date":"2022-05-01T10:15:22","date_gmt":"2022-05-01T07:15:22","guid":{"rendered":"https:\/\/www.aac.ac.il\/?page_id=18249"},"modified":"2022-05-01T10:16:03","modified_gmt":"2022-05-01T07:16:03","slug":"licence-daide-soignant-b-s-n-pour-les-infirmiers-et-infirmieres-diplomes","status":"publish","type":"page","link":"https:\/\/www.aac.ac.il\/fr\/centre-dorientation-pour-lemploi-et-les-relations-avec-lindustrie\/licence-daide-soignant-b-s-n-pour-les-infirmiers-et-infirmieres-diplomes\/","title":{"rendered":"Licence d&rsquo;aide-soignant (B.S.N) pour les infirmiers et infirmi\u00e8res dipl\u00f4m\u00e9s"},"content":{"rendered":"\t\t<div data-elementor-type=\"wp-page\" data-elementor-id=\"18249\" class=\"elementor elementor-18249\" data-elementor-settings=\"[]\">\n\t\t\t\t\t\t<div class=\"elementor-inner\">\n\t\t\t\t\t\t\t<div class=\"elementor-section-wrap\">\n\t\t\t\t\t\t\t<section class=\"elementor-section elementor-top-section elementor-element elementor-element-74905d9 elementor-section-boxed elementor-section-height-default elementor-section-height-default\" data-id=\"74905d9\" data-element_type=\"section\">\n\t\t\t\t\t\t<div class=\"elementor-container elementor-column-gap-default\">\n\t\t\t\t\t\t\t<div class=\"elementor-row\">\n\t\t\t\t\t<div class=\"elementor-column elementor-col-100 elementor-top-column elementor-element elementor-element-3af490c\" data-id=\"3af490c\" data-element_type=\"column\">\n\t\t\t<div class=\"elementor-column-wrap elementor-element-populated\">\n\t\t\t\t\t\t\t<div class=\"elementor-widget-wrap\">\n\t\t\t\t\t\t<div class=\"elementor-element elementor-element-24d8fed elementor-widget elementor-widget-text-editor\" data-id=\"24d8fed\" data-element_type=\"widget\" data-widget_type=\"text-editor.default\">\n\t\t\t\t<div class=\"elementor-widget-container\">\n\t\t\t\t\t\t\t\t<div class=\"elementor-text-editor elementor-clearfix\">\n\t\t\t\t<p><strong>Licence d&rsquo;aide-soignant<\/strong> <strong>(B.S.N) pour les infirmiers et infirmi\u00e8res dipl\u00f4m\u00e9s <\/strong><\/p><p>\u00a0<\/p><p><strong>Le but du programme<\/strong><\/p><p>Le programme est destin\u00e9 aux infirmiers et infirmi\u00e8res dipl\u00f4m\u00e9s en Isra\u00ebl qui ont choisi de progresser acad\u00e9miquement et d&rsquo;acqu\u00e9rir des connaissances et des comp\u00e9tences dans le domaine d&rsquo;aide-soignant \u00e0 un niveau \u00e9lev\u00e9.<\/p><p>Le programme permet aux infirmiers et infirmi\u00e8res dipl\u00f4m\u00e9s l&rsquo;acc\u00e8s<\/p><p>au niveau universitaire et \u00e0 divers postes dans le syst\u00e8me du service de la sant\u00e9 et dans les services des h\u00f4pitaux et communautaire sur la base de connaissances approfondies en sp\u00e9cialit\u00e9 d&rsquo;aide-soignant, en m\u00e9decine, en soci\u00e9t\u00e9 et en comportement social.<\/p><p>\u00a0<\/p><p><span style=\"text-decoration: line-through;\">\u00a0<\/span><\/p><p><strong>Le programme des \u00e9tudes<\/strong><\/p><p>Le programme des \u00e9tudes coordonne la formation th\u00e9orique dans le domaine d&rsquo;aide-soignant dans les professions de la sant\u00e9 et de la pratique clinique et l&rsquo;activit\u00e9 professionnelle dans les services m\u00e9dicaux en milieu hospitalier et communautaire.<\/p><p>Les domaines d&rsquo;\u00e9tudes sont bas\u00e9s sur un programme obligatoire sous la responsabilit\u00e9\u00a0 du directeur d&rsquo;aide-soignant au minist\u00e8re de la Sant\u00e9 et se d\u00e9roulent dans diverses services cliniques\u00a0: Service d&rsquo;aide-soignant pour adultes (m\u00e9decine interne, chirurgie), service d&rsquo;aide-soignant pour femmes, service d&rsquo;aide-soignant pour enfants, service d&rsquo;aide-soignant communautaires, service d&rsquo;aide-soignant en sant\u00e9 mentale, service d&rsquo;aide-soignant en m\u00e9decine d&rsquo;urgence et dans les cas d&rsquo;urgence et service d&rsquo;aide-soignant dans des cas handicapants et de r\u00e9adaptation.<\/p><p>Dur\u00e9e du programme 6 semestres dont le semestre d&rsquo;\u00e9t\u00e9.<\/p><p><span style=\"text-decoration: line-through;\">\u00a0<\/span><\/p><p><strong>Le personnel enseignant <\/strong>L&rsquo;enseignement dans d\u00e9partement est profess\u00e9 par des conf\u00e9renciers et des experts dans divers domaines cliniques, ayant une grande exp\u00e9rience dans les services cliniques et dans la recherche. Le corps enseignant et administratif accompagne l&rsquo;\u00e9tudiant tout au long de sa formation jusqu&rsquo;\u00e0 l&rsquo;acquisition du dipl\u00f4me. Le Campus coordonne l&rsquo;excellence de l&rsquo;enseignement universitaire et de la recherche active ainsi que le fonctionnement professionnel dans divers services cliniques.<\/p>\t\t\t\t\t<\/div>\n\t\t\t\t\t\t<\/div>\n\t\t\t\t<\/div>\n\t\t\t\t\t\t<\/div>\n\t\t\t\t\t<\/div>\n\t\t<\/div>\n\t\t\t\t\t\t\t\t<\/div>\n\t\t\t\t\t<\/div>\n\t\t<\/section>\n\t\t\t\t\t\t<\/div>\n\t\t\t\t\t\t<\/div>\n\t\t\t\t\t<\/div>\n\t\t","protected":false},"excerpt":{"rendered":"<p>Licence d&rsquo;aide-soignant (B.S.N) pour les infirmiers et infirmi\u00e8res dipl\u00f4m\u00e9s \u00a0 Le but du programme Le programme est destin\u00e9 aux infirmiers et infirmi\u00e8res dipl\u00f4m\u00e9s en Isra\u00ebl qui ont choisi de progresser acad\u00e9miquement et d&rsquo;acqu\u00e9rir des connaissances et des comp\u00e9tences dans le domaine d&rsquo;aide-soignant \u00e0 un niveau \u00e9lev\u00e9. Le programme permet aux infirmiers et infirmi\u00e8res dipl\u00f4m\u00e9s l&rsquo;acc\u00e8s [&hellip;]<\/p>\n","protected":false},"author":4,"featured_media":0,"parent":137,"menu_order":0,"comment_status":"closed","ping_status":"closed","template":"","meta":[],"yoast_head":"<!-- This site is optimized with the Yoast SEO plugin v15.7 - https:\/\/yoast.com\/wordpress\/plugins\/seo\/ -->\n<meta name=\"robots\" content=\"index, follow, max-snippet:-1, max-image-preview:large, max-video-preview:-1\" \/>\n<link rel=\"canonical\" href=\"https:\/\/www.aac.ac.il\/fr\/centre-dorientation-pour-lemploi-et-les-relations-avec-lindustrie\/licence-daide-soignant-b-s-n-pour-les-infirmiers-et-infirmieres-diplomes\/\" \/>\n<meta property=\"og:locale\" content=\"fr_FR\" \/>\n<meta property=\"og:type\" content=\"article\" \/>\n<meta property=\"og:title\" content=\"Licence d&#039;aide-soignant (B.S.N) pour les infirmiers et infirmi\u00e8res dipl\u00f4m\u00e9s - \u05d4\u05de\u05db\u05dc\u05dc\u05d4 \u05d4\u05d0\u05e7\u05d3\u05de\u05d9\u05ea \u05d0\u05e9\u05e7\u05dc\u05d5\u05df\" \/>\n<meta property=\"og:description\" content=\"Licence d&rsquo;aide-soignant (B.S.N) pour les infirmiers et infirmi\u00e8res dipl\u00f4m\u00e9s \u00a0 Le but du programme Le programme est destin\u00e9 aux infirmiers et infirmi\u00e8res dipl\u00f4m\u00e9s en Isra\u00ebl qui ont choisi de progresser acad\u00e9miquement et d&rsquo;acqu\u00e9rir des connaissances et des comp\u00e9tences dans le domaine d&rsquo;aide-soignant \u00e0 un niveau \u00e9lev\u00e9. Le programme permet aux infirmiers et infirmi\u00e8res dipl\u00f4m\u00e9s l&rsquo;acc\u00e8s [&hellip;]\" \/>\n<meta property=\"og:url\" content=\"https:\/\/www.aac.ac.il\/fr\/centre-dorientation-pour-lemploi-et-les-relations-avec-lindustrie\/licence-daide-soignant-b-s-n-pour-les-infirmiers-et-infirmieres-diplomes\/\" \/>\n<meta property=\"og:site_name\" content=\"\u05d4\u05de\u05db\u05dc\u05dc\u05d4 \u05d4\u05d0\u05e7\u05d3\u05de\u05d9\u05ea \u05d0\u05e9\u05e7\u05dc\u05d5\u05df\" \/>\n<meta property=\"article:modified_time\" content=\"2022-05-01T07:16:03+00:00\" \/>\n<meta name=\"twitter:card\" content=\"summary_large_image\" \/>\n<meta name=\"twitter:label1\" content=\"Dur\u00e9e de lecture est.\">\n\t<meta name=\"twitter:data1\" content=\"2 minutes\">\n<script type=\"application\/ld+json\" class=\"yoast-schema-graph\">{\"@context\":\"https:\/\/schema.org\",\"@graph\":[{\"@type\":\"WebSite\",\"@id\":\"https:\/\/www.aac.ac.il\/#website\",\"url\":\"https:\/\/www.aac.ac.il\/\",\"name\":\"\\u05d4\\u05de\\u05db\\u05dc\\u05dc\\u05d4 \\u05d4\\u05d0\\u05e7\\u05d3\\u05de\\u05d9\\u05ea \\u05d0\\u05e9\\u05e7\\u05dc\\u05d5\\u05df\",\"description\":\"\\u05d4\\u05de\\u05db\\u05dc\\u05dc\\u05d4 \\u05d4\\u05d0\\u05e7\\u05d3\\u05de\\u05d9\\u05ea \\u05d0\\u05e9\\u05e7\\u05dc\\u05d5\\u05df \\u05d4\\u05d9\\u05d0 \\u05de\\u05d5\\u05e1\\u05d3 \\u05dc\\u05d4\\u05e9\\u05db\\u05dc\\u05d4 \\u05d2\\u05d1\\u05d5\\u05d4\\u05d4 \\u05e2\\u05e6\\u05de\\u05d0\\u05d9 \\u05e9\\u05e8\\u05e9\\u05d0\\u05d9 \\u05dc\\u05d4\\u05e2\\u05e0\\u05d9\\u05e7 \\u05ea\\u05d0\\u05e8\\u05d9\\u05dd \\u05d0\\u05e7\\u05d3\\u05de\\u05d9\\u05d9\\u05dd \\u05d1\\u05de\\u05d2\\u05d5\\u05d5\\u05df \\u05ea\\u05db\\u05e0\\u05d9\\u05d5\\u05ea \\u05dc\\u05d9\\u05de\\u05d5\\u05d3 \\u05d1\\u05e8\\u05de\\u05d4 \\u05d0\\u05e7\\u05d3\\u05de\\u05d9\\u05ea \\u05d2\\u05d1\\u05d5\\u05d4\\u05d4 \\u05d1\\u05d9\\u05d5\\u05ea\\u05e8.\",\"potentialAction\":[{\"@type\":\"SearchAction\",\"target\":\"https:\/\/www.aac.ac.il\/?s={search_term_string}\",\"query-input\":\"required name=search_term_string\"}],\"inLanguage\":\"fr-FR\"},{\"@type\":\"WebPage\",\"@id\":\"https:\/\/www.aac.ac.il\/fr\/centre-dorientation-pour-lemploi-et-les-relations-avec-lindustrie\/licence-daide-soignant-b-s-n-pour-les-infirmiers-et-infirmieres-diplomes\/#webpage\",\"url\":\"https:\/\/www.aac.ac.il\/fr\/centre-dorientation-pour-lemploi-et-les-relations-avec-lindustrie\/licence-daide-soignant-b-s-n-pour-les-infirmiers-et-infirmieres-diplomes\/\",\"name\":\"Licence d'aide-soignant (B.S.N) pour les infirmiers et infirmi\\u00e8res dipl\\u00f4m\\u00e9s - \\u05d4\\u05de\\u05db\\u05dc\\u05dc\\u05d4 \\u05d4\\u05d0\\u05e7\\u05d3\\u05de\\u05d9\\u05ea \\u05d0\\u05e9\\u05e7\\u05dc\\u05d5\\u05df\",\"isPartOf\":{\"@id\":\"https:\/\/www.aac.ac.il\/#website\"},\"datePublished\":\"2022-05-01T07:15:22+00:00\",\"dateModified\":\"2022-05-01T07:16:03+00:00\",\"breadcrumb\":{\"@id\":\"https:\/\/www.aac.ac.il\/fr\/centre-dorientation-pour-lemploi-et-les-relations-avec-lindustrie\/licence-daide-soignant-b-s-n-pour-les-infirmiers-et-infirmieres-diplomes\/#breadcrumb\"},\"inLanguage\":\"fr-FR\",\"potentialAction\":[{\"@type\":\"ReadAction\",\"target\":[\"https:\/\/www.aac.ac.il\/fr\/centre-dorientation-pour-lemploi-et-les-relations-avec-lindustrie\/licence-daide-soignant-b-s-n-pour-les-infirmiers-et-infirmieres-diplomes\/\"]}]},{\"@type\":\"BreadcrumbList\",\"@id\":\"https:\/\/www.aac.ac.il\/fr\/centre-dorientation-pour-lemploi-et-les-relations-avec-lindustrie\/licence-daide-soignant-b-s-n-pour-les-infirmiers-et-infirmieres-diplomes\/#breadcrumb\",\"itemListElement\":[{\"@type\":\"ListItem\",\"position\":1,\"item\":{\"@type\":\"WebPage\",\"@id\":\"https:\/\/www.aac.ac.il\/fr\/centre-dorientation-pour-lemploi-et-les-relations-avec-lindustrie\/\",\"url\":\"https:\/\/www.aac.ac.il\/fr\/centre-dorientation-pour-lemploi-et-les-relations-avec-lindustrie\/\",\"name\":\"CENTRE D\\u2019ORIENTATION POUR L\\u2019EMPLOI ET LES RELATIONS AVEC L\\u2019INDUSTRIE\"}},{\"@type\":\"ListItem\",\"position\":2,\"item\":{\"@type\":\"WebPage\",\"@id\":\"https:\/\/www.aac.ac.il\/fr\/centre-dorientation-pour-lemploi-et-les-relations-avec-lindustrie\/licence-daide-soignant-b-s-n-pour-les-infirmiers-et-infirmieres-diplomes\/\",\"url\":\"https:\/\/www.aac.ac.il\/fr\/centre-dorientation-pour-lemploi-et-les-relations-avec-lindustrie\/licence-daide-soignant-b-s-n-pour-les-infirmiers-et-infirmieres-diplomes\/\",\"name\":\"Licence d'aide-soignant (B.S.N) pour les infirmiers et infirmi\\u00e8res dipl\\u00f4m\\u00e9s\"}}]}]}<\/script>\n<!-- \/ Yoast SEO plugin. -->","_links":{"self":[{"href":"https:\/\/www.aac.ac.il\/fr\/wp-json\/wp\/v2\/pages\/18249"}],"collection":[{"href":"https:\/\/www.aac.ac.il\/fr\/wp-json\/wp\/v2\/pages"}],"about":[{"href":"https:\/\/www.aac.ac.il\/fr\/wp-json\/wp\/v2\/types\/page"}],"author":[{"embeddable":true,"href":"https:\/\/www.aac.ac.il\/fr\/wp-json\/wp\/v2\/users\/4"}],"replies":[{"embeddable":true,"href":"https:\/\/www.aac.ac.il\/fr\/wp-json\/wp\/v2\/comments?post=18249"}],"version-history":[{"count":0,"href":"https:\/\/www.aac.ac.il\/fr\/wp-json\/wp\/v2\/pages\/18249\/revisions"}],"up":[{"embeddable":true,"href":"https:\/\/www.aac.ac.il\/fr\/wp-json\/wp\/v2\/pages\/137"}],"wp:attachment":[{"href":"https:\/\/www.aac.ac.il\/fr\/wp-json\/wp\/v2\/media?parent=18249"}],"curies":[{"name":"wp","href":"https:\/\/api.w.org\/{rel}","templated":true}]}}