

{"id":2946,"date":"2017-03-28T14:34:32","date_gmt":"2017-03-28T12:34:32","guid":{"rendered":"https:\/\/www.aac.ac.il\/%d7%94%d7%9e%d7%9b%d7%9c%d7%9c%d7%94-%d7%94%d7%90%d7%a7%d7%93%d7%9e%d7%99%d7%aa-%d7%90%d7%a9%d7%a7%d7%9c%d7%95%d7%9f\/"},"modified":"2026-02-24T09:37:03","modified_gmt":"2026-02-24T07:37:03","slug":"%d7%94%d7%9e%d7%9b%d7%9c%d7%9c%d7%94-%d7%94%d7%90%d7%a7%d7%93%d7%9e%d7%99%d7%aa-%d7%90%d7%a9%d7%a7%d7%9c%d7%95%d7%9f","status":"publish","type":"page","link":"https:\/\/www.aac.ac.il\/fr\/","title":{"rendered":"CAMPUS D\u2019ENSEIGNEMENT ACAD\u00c9MIQUE D\u2019ASHKELON"},"content":{"rendered":"\t\t<div data-elementor-type=\"wp-post\" data-elementor-id=\"2946\" class=\"elementor elementor-2946\" data-elementor-settings=\"[]\">\n\t\t\t\t\t\t<div class=\"elementor-inner\">\n\t\t\t\t\t\t\t<div class=\"elementor-section-wrap\">\n\t\t\t\t\t\t\t<section class=\"elementor-section elementor-top-section elementor-element elementor-element-xaubh35 elementor-section-boxed elementor-section-height-default elementor-section-height-default\" data-id=\"xaubh35\" data-element_type=\"section\">\n\t\t\t\t\t\t<div class=\"elementor-container elementor-column-gap-default\">\n\t\t\t\t\t\t\t<div class=\"elementor-row\">\n\t\t\t\t\t<div class=\"elementor-column elementor-col-100 elementor-top-column elementor-element elementor-element-7e500c3\" data-id=\"7e500c3\" data-element_type=\"column\">\n\t\t\t<div class=\"elementor-column-wrap\">\n\t\t\t\t\t\t\t<div class=\"elementor-widget-wrap\">\n\t\t\t\t\t\t\t\t<\/div>\n\t\t\t\t\t<\/div>\n\t\t<\/div>\n\t\t\t\t\t\t\t\t<\/div>\n\t\t\t\t\t<\/div>\n\t\t<\/section>\n\t\t\t\t<section class=\"elementor-section elementor-top-section elementor-element elementor-element-d82dd64 elementor-section-boxed elementor-section-height-default elementor-section-height-default\" data-id=\"d82dd64\" data-element_type=\"section\">\n\t\t\t\t\t\t<div class=\"elementor-container elementor-column-gap-default\">\n\t\t\t\t\t\t\t<div class=\"elementor-row\">\n\t\t\t\t\t<div class=\"elementor-column elementor-col-33 elementor-top-column elementor-element elementor-element-c5b2a35\" data-id=\"c5b2a35\" data-element_type=\"column\">\n\t\t\t<div class=\"elementor-column-wrap elementor-element-populated\">\n\t\t\t\t\t\t\t<div class=\"elementor-widget-wrap\">\n\t\t\t\t\t\t<div class=\"elementor-element elementor-element-c86586f elementor-widget elementor-widget-image\" data-id=\"c86586f\" data-element_type=\"widget\" data-widget_type=\"image.default\">\n\t\t\t\t<div class=\"elementor-widget-container\">\n\t\t\t\t\t\t\t\t<div class=\"elementor-image\">\n\t\t\t\t\t\t\t\t\t\t\t\t<img width=\"700\" height=\"700\" src=\"https:\/\/www.aac.ac.il\/wp-content\/uploads\/hanhala-7003.jpg\" class=\"attachment-large size-large\" alt=\"\" loading=\"lazy\" \/>\t\t\t\t\t\t\t\t\t\t\t\t\t\t<\/div>\n\t\t\t\t\t\t<\/div>\n\t\t\t\t<\/div>\n\t\t\t\t<div class=\"elementor-element elementor-element-90c393c elementor-widget elementor-widget-text-editor\" data-id=\"90c393c\" data-element_type=\"widget\" data-widget_type=\"text-editor.default\">\n\t\t\t\t<div class=\"elementor-widget-container\">\n\t\t\t\t\t\t\t\t<div class=\"elementor-text-editor elementor-clearfix\">\n\t\t\t\t<p style=\"text-align: center;\"><strong>Professeur Shimon Sharvit<\/strong><br \/><strong>Recteur de l&rsquo;universit\u00e9<\/strong><\/p>\t\t\t\t\t<\/div>\n\t\t\t\t\t\t<\/div>\n\t\t\t\t<\/div>\n\t\t\t\t\t\t<\/div>\n\t\t\t\t\t<\/div>\n\t\t<\/div>\n\t\t\t\t<div class=\"elementor-column elementor-col-33 elementor-top-column elementor-element elementor-element-31d0e87\" data-id=\"31d0e87\" data-element_type=\"column\">\n\t\t\t<div class=\"elementor-column-wrap elementor-element-populated\">\n\t\t\t\t\t\t\t<div class=\"elementor-widget-wrap\">\n\t\t\t\t\t\t<div class=\"elementor-element elementor-element-a9845a5 elementor-widget elementor-widget-image\" data-id=\"a9845a5\" data-element_type=\"widget\" data-widget_type=\"image.default\">\n\t\t\t\t<div class=\"elementor-widget-container\">\n\t\t\t\t\t\t\t\t<div class=\"elementor-image\">\n\t\t\t\t\t\t\t\t\t\t\t\t<img width=\"700\" height=\"700\" src=\"https:\/\/www.aac.ac.il\/wp-content\/uploads\/hanhala-700.jpg\" class=\"attachment-large size-large\" alt=\"\" loading=\"lazy\" \/>\t\t\t\t\t\t\t\t\t\t\t\t\t\t<\/div>\n\t\t\t\t\t\t<\/div>\n\t\t\t\t<\/div>\n\t\t\t\t<div class=\"elementor-element elementor-element-ccb7355 elementor-widget elementor-widget-text-editor\" data-id=\"ccb7355\" data-element_type=\"widget\" data-widget_type=\"text-editor.default\">\n\t\t\t\t<div class=\"elementor-widget-container\">\n\t\t\t\t\t\t\t\t<div class=\"elementor-text-editor elementor-clearfix\">\n\t\t\t\t<p style=\"text-align: center;\"><strong>Pr. Elyakim Rubinstein\u00a0 \u00a0\u00a0<\/strong><\/p><p style=\"text-align: center;\"><strong>Pr\u00e9sident du Campus Acad\u00e9mique<\/strong><\/p>\t\t\t\t\t<\/div>\n\t\t\t\t\t\t<\/div>\n\t\t\t\t<\/div>\n\t\t\t\t\t\t<\/div>\n\t\t\t\t\t<\/div>\n\t\t<\/div>\n\t\t\t\t<div class=\"elementor-column elementor-col-33 elementor-top-column elementor-element elementor-element-72fe37f\" data-id=\"72fe37f\" data-element_type=\"column\">\n\t\t\t<div class=\"elementor-column-wrap elementor-element-populated\">\n\t\t\t\t\t\t\t<div class=\"elementor-widget-wrap\">\n\t\t\t\t\t\t<div class=\"elementor-element elementor-element-25228d7 elementor-widget elementor-widget-image\" data-id=\"25228d7\" data-element_type=\"widget\" data-widget_type=\"image.default\">\n\t\t\t\t<div class=\"elementor-widget-container\">\n\t\t\t\t\t\t\t\t<div class=\"elementor-image\">\n\t\t\t\t\t\t\t\t\t\t\t\t<img width=\"700\" height=\"700\" src=\"https:\/\/www.aac.ac.il\/wp-content\/uploads\/hanhala-7002.jpg\" class=\"attachment-large size-large\" alt=\"\" loading=\"lazy\" \/>\t\t\t\t\t\t\t\t\t\t\t\t\t\t<\/div>\n\t\t\t\t\t\t<\/div>\n\t\t\t\t<\/div>\n\t\t\t\t<div class=\"elementor-element elementor-element-5c015f4 elementor-widget elementor-widget-text-editor\" data-id=\"5c015f4\" data-element_type=\"widget\" data-widget_type=\"text-editor.default\">\n\t\t\t\t<div class=\"elementor-widget-container\">\n\t\t\t\t\t\t\t\t<div class=\"elementor-text-editor elementor-clearfix\">\n\t\t\t\t<p style=\"text-align: center;\"><strong>Dr Pinhas Haliva<\/strong><br \/><strong>PDG &amp; fondateur<\/strong><\/p>\t\t\t\t\t<\/div>\n\t\t\t\t\t\t<\/div>\n\t\t\t\t<\/div>\n\t\t\t\t\t\t<\/div>\n\t\t\t\t\t<\/div>\n\t\t<\/div>\n\t\t\t\t\t\t\t\t<\/div>\n\t\t\t\t\t<\/div>\n\t\t<\/section>\n\t\t\t\t<section class=\"elementor-section elementor-top-section elementor-element elementor-element-suo9iet elementor-section-boxed elementor-section-height-default elementor-section-height-default\" data-id=\"suo9iet\" data-element_type=\"section\">\n\t\t\t\t\t\t<div class=\"elementor-container elementor-column-gap-default\">\n\t\t\t\t\t\t\t<div class=\"elementor-row\">\n\t\t\t\t\t<div class=\"elementor-column elementor-col-100 elementor-top-column elementor-element elementor-element-o05a5uf\" data-id=\"o05a5uf\" data-element_type=\"column\">\n\t\t\t<div class=\"elementor-column-wrap elementor-element-populated\">\n\t\t\t\t\t\t\t<div class=\"elementor-widget-wrap\">\n\t\t\t\t\t\t<div class=\"elementor-element elementor-element-0hvrf0o elementor-widget elementor-widget-text-editor\" data-id=\"0hvrf0o\" data-element_type=\"widget\" data-widget_type=\"text-editor.default\">\n\t\t\t\t<div class=\"elementor-widget-container\">\n\t\t\t\t\t\t\t\t<div class=\"elementor-text-editor elementor-clearfix\">\n\t\t\t\t<p>Cher candidat,<\/p><p>Le coll\u00e8ge de l&rsquo;institut acad\u00e9mique d&rsquo;Ashkelon est ravi de vous accueillir au grand et luxueux campus au centre de la ville d&rsquo;Ashkelon et de vous proposer d&rsquo;int\u00e9grer des \u00e9tudes de dipl\u00f4me universitaire. L&rsquo;institut acad\u00e9mique propose un large choix d&rsquo;\u00e9tudes acad\u00e9miques dans une atmosph\u00e8re chaleureuse et bienveillante qui associe des activit\u00e9s culturelles et sociales enrichissantes. L&rsquo;acad\u00e9mie compte des milliers de dipl\u00f4m\u00e9s qui ont rejoint diverses industries et certains occupent m\u00eame des postes de direction dans divers domaines.<\/p><p>Apr\u00e8s 40 ann\u00e9es d&rsquo;activit\u00e9 en tant que fili\u00e8re de l&rsquo;universit\u00e9 de Bar-Ilan et fort d&rsquo;une riche exp\u00e9rience, l&rsquo;institut acad\u00e9mique op\u00e8re en tant qu&rsquo;institution isra\u00e9lienne d&rsquo;\u00e9tudes sup\u00e9rieures proposant pr\u00e8s de 20 cursus d&rsquo;\u00e9tudes pour l&rsquo;obtention de dipl\u00f4mes B.A et B.Sc et neuf dipl\u00f4mes M.A dans la recherche ou pour une pratique professionnelle.<\/p><p>L&rsquo;institut acad\u00e9mique est reconnu aujourd&rsquo;hui comme l&rsquo;un des plus grands et des plus importants instituts en Isra\u00ebl. Les principales professions enseign\u00e9es \u00e0 l&rsquo;institut rel\u00e8vent du domaine des sciences sociales, des sciences de la sant\u00e9 et des sciences exactes pour une orientation vers des \u00e9tudes de licence et de master. Le personnel enseignant de l&rsquo;institut acad\u00e9mique est de qualit\u00e9 et exp\u00e9riment\u00e9, dont les plus grands professeurs et conf\u00e9renciers \u00e9m\u00e9rites de l&rsquo;acad\u00e9mie et du secteur public et priv\u00e9.<\/p><p>Le personnel administratif et acad\u00e9mique de l&rsquo;institut s&rsquo;investit pour aider les \u00e9tudiants tout au long de leur cursus, \u00e0 travers les \u00e9tudes et les ateliers particuliers leur procurant des outils pour une int\u00e9gration rapide et r\u00e9ussie dans les \u00e9tudes et le travail, des bourses et un accompagnement personnel jusqu&rsquo;\u00e0 la fin des \u00e9tudes. Les \u00e9tudiants b\u00e9n\u00e9ficient d&rsquo;un environnement p\u00e9dagogique moderne qui comprend des laboratoires, une biblioth\u00e8que spacieuse et richement achaland\u00e9e, un acc\u00e8s direct aux principales bases de donn\u00e9es num\u00e9riques, des salles d&rsquo;\u00e9tude en groupe, des chambres universitaires, un foyer des \u00e9tudiants et une salle de sport.<\/p><p>Le personnel administratif commercial, de conseil et d&rsquo;inscription se tient \u00e0 votre disposition d\u00e8s la phase d&rsquo;int\u00e9ressement et jusqu&rsquo;\u00e0 l&rsquo;inscription.<\/p><p>Nous vous souhaitons une bonne r\u00e9ussite et esp\u00e9rons vous compter parmi la communaut\u00e9 des \u00e9tudiants de l&rsquo;institut acad\u00e9mique d&rsquo;Ashkelon.<\/p>\t\t\t\t\t<\/div>\n\t\t\t\t\t\t<\/div>\n\t\t\t\t<\/div>\n\t\t\t\t\t\t<\/div>\n\t\t\t\t\t<\/div>\n\t\t<\/div>\n\t\t\t\t\t\t\t\t<\/div>\n\t\t\t\t\t<\/div>\n\t\t<\/section>\n\t\t\t\t<section class=\"elementor-section elementor-top-section elementor-element elementor-element-38ypm4n elementor-section-boxed elementor-section-height-default elementor-section-height-default\" data-id=\"38ypm4n\" data-element_type=\"section\">\n\t\t\t\t\t\t<div class=\"elementor-container elementor-column-gap-default\">\n\t\t\t\t\t\t\t<div class=\"elementor-row\">\n\t\t\t\t\t<div class=\"elementor-column elementor-col-100 elementor-top-column elementor-element elementor-element-tkabf3p\" data-id=\"tkabf3p\" data-element_type=\"column\">\n\t\t\t<div class=\"elementor-column-wrap elementor-element-populated\">\n\t\t\t\t\t\t\t<div class=\"elementor-widget-wrap\">\n\t\t\t\t\t\t<div class=\"elementor-element elementor-element-tlp1w30 elementor-widget elementor-widget-heading\" data-id=\"tlp1w30\" data-element_type=\"widget\" data-widget_type=\"heading.default\">\n\t\t\t\t<div class=\"elementor-widget-container\">\n\t\t\t<h2 class=\"elementor-heading-title elementor-size-default\">Le Coll\u00e8ge universitaire d'Ashkelon<\/h2>\t\t<\/div>\n\t\t\t\t<\/div>\n\t\t\t\t<div class=\"elementor-element elementor-element-p9yttg1 elementor-widget elementor-widget-text-editor\" data-id=\"p9yttg1\" data-element_type=\"widget\" data-widget_type=\"text-editor.default\">\n\t\t\t\t<div class=\"elementor-widget-container\">\n\t\t\t\t\t\t\t\t<div class=\"elementor-text-editor elementor-clearfix\">\n\t\t\t\t<p>\u00a0<\/p><p>Le Coll\u00e8ge universitaire d&rsquo;Ashkelon a \u00e9t\u00e9 fond\u00e9 en 1965 avec la cr\u00e9ation d&rsquo;une petite et modeste branche de l&rsquo;Universit\u00e9 Bar-Ilan dans un quartier ancien d&rsquo;Ashkelon. La direction de l&rsquo;Universit\u00e9 de Bar Ilan a lanc\u00e9 la cr\u00e9ation de la branche, la premi\u00e8re de trois autres branches, dans le cadre de sa perspective globale pr\u00e9conisant l&rsquo;accessibilit\u00e9 de l&rsquo;Acad\u00e9mie aux p\u00e9riph\u00e9ries g\u00e9ographiques d&rsquo;Isra\u00ebl.<\/p><p>La branche universitaire a connu un d\u00e9veloppement important \u00e0 la fin des ann\u00e9es 80 et au d\u00e9but des ann\u00e9es 90. Ceci \u00e9tant d\u00fb \u00e0 son adh\u00e9sion aux coll\u00e8ges r\u00e9gionaux, qui ont r\u00e9ussi \u00e0 ouvrir leurs portes \u00e0 l&rsquo;int\u00e9gration des grandes vagues d&rsquo;immigration de cette p\u00e9riode.<\/p><p>\u00a0<\/p><p>Cependant, le changement r\u00e9el et spectaculaire de l\u2019activit\u00e9 et du caract\u00e8re de la branche s\u2019est op\u00e9r\u00e9 en 1988 lorsque le Dr Pinchas Haliva a assum\u00e9 le poste de directeur de la branche universitaire. Dr Haliva a mis en place une petite \u00e9quipe d&rsquo;action constitu\u00e9e de quatre employ\u00e9s qui s&rsquo;est vaillamment activ\u00e9e \u00e0 op\u00e9rer des changements et \u00e0 atteindre les objectifs fix\u00e9s. D&rsquo;abord et avant toutes choses, rendre l&rsquo;enseignement sup\u00e9rieur accessible aux populations qui n&rsquo;y avaient pris part jusqu&rsquo;au d\u00e9but des ann\u00e9es 90 du si\u00e8cle pr\u00e9c\u00e9dent et l&rsquo;int\u00e9gration des milliers d&rsquo;immigr\u00e9s arriv\u00e9s en Isra\u00ebl dans les ann\u00e9es 1990 en provenance de l&rsquo;ex-Union sovi\u00e9tique. En peu de temps, des projets exceptionnels ont \u00e9t\u00e9 mis en place dans le but de les int\u00e9grer correctement et de promouvoir l&rsquo;avancement acad\u00e9mique et social des immigr\u00e9s et des r\u00e9sidents des quartiers, tels que: le projet d&rsquo;int\u00e9gration des immigr\u00e9s acad\u00e9miciens (Taka), une \u00e9cole pr\u00e9paratoire destin\u00e9e aux non titulaire du baccalaur\u00e9at, une \u00e9cole d&rsquo;\u00e9tudes techniques, \u00e9tudes en vue d&rsquo;un dipl\u00f4me professionnel, une section d&rsquo;\u00e9tudes externes et un projet sp\u00e9cial pour jeunes surdou\u00e9s.<\/p>\t\t\t\t\t<\/div>\n\t\t\t\t\t\t<\/div>\n\t\t\t\t<\/div>\n\t\t\t\t\t\t<\/div>\n\t\t\t\t\t<\/div>\n\t\t<\/div>\n\t\t\t\t\t\t\t\t<\/div>\n\t\t\t\t\t<\/div>\n\t\t<\/section>\n\t\t\t\t<section class=\"elementor-section elementor-top-section elementor-element elementor-element-3cbuj4i elementor-section-boxed elementor-section-height-default elementor-section-height-default\" data-id=\"3cbuj4i\" data-element_type=\"section\">\n\t\t\t\t\t\t<div class=\"elementor-container elementor-column-gap-default\">\n\t\t\t\t\t\t\t<div class=\"elementor-row\">\n\t\t\t\t\t<div class=\"elementor-column elementor-col-100 elementor-top-column elementor-element elementor-element-kmx2dy0\" data-id=\"kmx2dy0\" data-element_type=\"column\">\n\t\t\t<div class=\"elementor-column-wrap elementor-element-populated\">\n\t\t\t\t\t\t\t<div class=\"elementor-widget-wrap\">\n\t\t\t\t\t\t<div class=\"elementor-element elementor-element-4qyuu5u elementor-arrows-position-inside elementor-pagination-position-outside elementor-widget elementor-widget-image-carousel\" data-id=\"4qyuu5u\" data-element_type=\"widget\" data-settings=\"{&quot;slides_to_show&quot;:&quot;1&quot;,&quot;navigation&quot;:&quot;both&quot;,&quot;autoplay&quot;:&quot;yes&quot;,&quot;pause_on_hover&quot;:&quot;yes&quot;,&quot;pause_on_interaction&quot;:&quot;yes&quot;,&quot;autoplay_speed&quot;:5000,&quot;infinite&quot;:&quot;yes&quot;,&quot;effect&quot;:&quot;slide&quot;,&quot;speed&quot;:500}\" data-widget_type=\"image-carousel.default\">\n\t\t\t\t<div class=\"elementor-widget-container\">\n\t\t\t\t\t<div class=\"elementor-image-carousel-wrapper swiper-container\" dir=\"ltr\">\n\t\t\t<div class=\"elementor-image-carousel swiper-wrapper\">\n\t\t\t\t\t\t\t\t<div class=\"swiper-slide\"><figure class=\"swiper-slide-inner\"><img class=\"swiper-slide-image\" src=\"https:\/\/www.aac.ac.il\/wp-content\/uploads\/DJI_0044.jpg\" alt=\"DJI_0044\" \/><\/figure><\/div><div class=\"swiper-slide\"><figure class=\"swiper-slide-inner\"><img class=\"swiper-slide-image\" src=\"https:\/\/www.aac.ac.il\/wp-content\/uploads\/DJI_0149.jpg\" alt=\"DJI_0149\" \/><\/figure><\/div><div class=\"swiper-slide\"><figure class=\"swiper-slide-inner\"><img class=\"swiper-slide-image\" src=\"https:\/\/www.aac.ac.il\/wp-content\/uploads\/1900_560_0000s_0007_n8-2.jpg\" alt=\"1900_560_0000s_0007_n8\" \/><\/figure><\/div><div class=\"swiper-slide\"><figure class=\"swiper-slide-inner\"><img class=\"swiper-slide-image\" src=\"https:\/\/www.aac.ac.il\/wp-content\/uploads\/DJI_0336-1.jpg\" alt=\"DJI_0336\" \/><\/figure><\/div><div class=\"swiper-slide\"><figure class=\"swiper-slide-inner\"><img class=\"swiper-slide-image\" src=\"https:\/\/www.aac.ac.il\/wp-content\/uploads\/5-2.jpg\" alt=\"5\" \/><\/figure><\/div>\t\t\t<\/div>\n\t\t\t\t\t\t\t\t\t\t\t\t<div class=\"swiper-pagination\"><\/div>\n\t\t\t\t\t\t\t\t\t\t\t\t\t<div class=\"elementor-swiper-button elementor-swiper-button-prev\">\n\t\t\t\t\t\t<i class=\"eicon-chevron-left\" aria-hidden=\"true\"><\/i>\n\t\t\t\t\t\t<span class=\"elementor-screen-only\">Pr\u00e9c\u00e9dent<\/span>\n\t\t\t\t\t<\/div>\n\t\t\t\t\t<div class=\"elementor-swiper-button elementor-swiper-button-next\">\n\t\t\t\t\t\t<i class=\"eicon-chevron-right\" aria-hidden=\"true\"><\/i>\n\t\t\t\t\t\t<span class=\"elementor-screen-only\">Suivant<\/span>\n\t\t\t\t\t<\/div>\n\t\t\t\t\t\t\t\t\t<\/div>\n\t\t\t\t<\/div>\n\t\t\t\t<\/div>\n\t\t\t\t\t\t<\/div>\n\t\t\t\t\t<\/div>\n\t\t<\/div>\n\t\t\t\t\t\t\t\t<\/div>\n\t\t\t\t\t<\/div>\n\t\t<\/section>\n\t\t\t\t\t\t<\/div>\n\t\t\t\t\t\t<\/div>\n\t\t\t\t\t<\/div>\n\t\t","protected":false},"excerpt":{"rendered":"<p>Professeur Shimon SharvitRecteur de l&rsquo;universit\u00e9 Pr. Elyakim Rubinstein\u00a0 \u00a0\u00a0 Pr\u00e9sident du Campus Acad\u00e9mique Dr Pinhas HalivaPDG &amp; fondateur Cher candidat, Le coll\u00e8ge de l&rsquo;institut acad\u00e9mique d&rsquo;Ashkelon est ravi de vous accueillir au grand et luxueux campus au centre de la ville d&rsquo;Ashkelon et de vous proposer d&rsquo;int\u00e9grer des \u00e9tudes de dipl\u00f4me universitaire. L&rsquo;institut acad\u00e9mique propose [&hellip;]<\/p>\n","protected":false},"author":1,"featured_media":0,"parent":0,"menu_order":0,"comment_status":"closed","ping_status":"closed","template":"page-templates\/builder-page.php","meta":[],"yoast_head":"<!-- This site is optimized with the Yoast SEO plugin v15.7 - https:\/\/yoast.com\/wordpress\/plugins\/seo\/ -->\n<meta name=\"description\" content=\"\u05d1\u05e8\u05d5\u05db\u05d9\u05dd \u05d4\u05d1\u05d0\u05d9\u05dd \u05dc\u05d0\u05ea\u05e8 \u05d4\u05d7\u05d3\u05e9 \u05e9\u05dc \u05d4\u05de\u05db\u05dc\u05dc\u05d4 \u05d4\u05d0\u05e7\u05d3\u05de\u05d9\u05ea \u05d0\u05e9\u05e7\u05dc\u05d5\u05df. \u05db\u05d0\u05df \u05ea\u05d5\u05db\u05dc\u05d5 \u05dc\u05e7\u05d1\u05dc \u05de\u05d9\u05d3\u05e2 \u05d7\u05e9\u05d5\u05d1 \u05e2\u05dc \u05de\u05e1\u05dc\u05d5\u05dc\u05d9 \u05d4\u05dc\u05d9\u05de\u05d5\u05d3 \u05d4\u05e9\u05d5\u05e0\u05d9\u05dd. \u05d4\u05de\u05db\u05dc\u05dc\u05d4 \u05e0\u05d5\u05ea\u05e0\u05ea \u05de\u05e2\u05e0\u05d4 \u05de\u05dc\u05d0 \u05d1\u05de\u05d2\u05d5\u05d5\u05df \u05e8\u05d7\u05d1 \u05e9\u05dc \u05de\u05e7\u05e6\u05d5\u05e2\u05d5\u05ea \u05dc\u05d9\u05de\u05d5\u05d3.\" \/>\n<meta name=\"robots\" content=\"index, follow, max-snippet:-1, max-image-preview:large, max-video-preview:-1\" \/>\n<link rel=\"canonical\" href=\"https:\/\/www.aac.ac.il\/fr\/\" \/>\n<meta property=\"og:locale\" content=\"fr_FR\" \/>\n<meta property=\"og:type\" content=\"article\" \/>\n<meta property=\"og:title\" content=\"CAMPUS D\u2019ENSEIGNEMENT ACAD\u00c9MIQUE D\u2019ASHKELON - \u05d4\u05de\u05db\u05dc\u05dc\u05d4 \u05d4\u05d0\u05e7\u05d3\u05de\u05d9\u05ea \u05d0\u05e9\u05e7\u05dc\u05d5\u05df\" \/>\n<meta property=\"og:description\" content=\"\u05d1\u05e8\u05d5\u05db\u05d9\u05dd \u05d4\u05d1\u05d0\u05d9\u05dd \u05dc\u05d0\u05ea\u05e8 \u05d4\u05d7\u05d3\u05e9 \u05e9\u05dc \u05d4\u05de\u05db\u05dc\u05dc\u05d4 \u05d4\u05d0\u05e7\u05d3\u05de\u05d9\u05ea \u05d0\u05e9\u05e7\u05dc\u05d5\u05df. \u05db\u05d0\u05df \u05ea\u05d5\u05db\u05dc\u05d5 \u05dc\u05e7\u05d1\u05dc \u05de\u05d9\u05d3\u05e2 \u05d7\u05e9\u05d5\u05d1 \u05e2\u05dc \u05de\u05e1\u05dc\u05d5\u05dc\u05d9 \u05d4\u05dc\u05d9\u05de\u05d5\u05d3 \u05d4\u05e9\u05d5\u05e0\u05d9\u05dd. \u05d4\u05de\u05db\u05dc\u05dc\u05d4 \u05e0\u05d5\u05ea\u05e0\u05ea \u05de\u05e2\u05e0\u05d4 \u05de\u05dc\u05d0 \u05d1\u05de\u05d2\u05d5\u05d5\u05df \u05e8\u05d7\u05d1 \u05e9\u05dc \u05de\u05e7\u05e6\u05d5\u05e2\u05d5\u05ea \u05dc\u05d9\u05de\u05d5\u05d3.\" \/>\n<meta property=\"og:url\" content=\"https:\/\/www.aac.ac.il\/fr\/\" \/>\n<meta property=\"og:site_name\" content=\"\u05d4\u05de\u05db\u05dc\u05dc\u05d4 \u05d4\u05d0\u05e7\u05d3\u05de\u05d9\u05ea \u05d0\u05e9\u05e7\u05dc\u05d5\u05df\" \/>\n<meta property=\"article:modified_time\" content=\"2026-02-24T07:37:03+00:00\" \/>\n<meta property=\"og:image\" content=\"https:\/\/www.aac.ac.il\/wp-content\/uploads\/hanhala-7003.jpg\" \/>\n<meta name=\"twitter:card\" content=\"summary_large_image\" \/>\n<meta name=\"twitter:label1\" content=\"Dur\u00e9e de lecture est.\">\n\t<meta name=\"twitter:data1\" content=\"5 minutes\">\n<script type=\"application\/ld+json\" class=\"yoast-schema-graph\">{\"@context\":\"https:\/\/schema.org\",\"@graph\":[{\"@type\":\"WebSite\",\"@id\":\"https:\/\/www.aac.ac.il\/#website\",\"url\":\"https:\/\/www.aac.ac.il\/\",\"name\":\"\\u05d4\\u05de\\u05db\\u05dc\\u05dc\\u05d4 \\u05d4\\u05d0\\u05e7\\u05d3\\u05de\\u05d9\\u05ea \\u05d0\\u05e9\\u05e7\\u05dc\\u05d5\\u05df\",\"description\":\"\\u05d4\\u05de\\u05db\\u05dc\\u05dc\\u05d4 \\u05d4\\u05d0\\u05e7\\u05d3\\u05de\\u05d9\\u05ea \\u05d0\\u05e9\\u05e7\\u05dc\\u05d5\\u05df \\u05d4\\u05d9\\u05d0 \\u05de\\u05d5\\u05e1\\u05d3 \\u05dc\\u05d4\\u05e9\\u05db\\u05dc\\u05d4 \\u05d2\\u05d1\\u05d5\\u05d4\\u05d4 \\u05e2\\u05e6\\u05de\\u05d0\\u05d9 \\u05e9\\u05e8\\u05e9\\u05d0\\u05d9 \\u05dc\\u05d4\\u05e2\\u05e0\\u05d9\\u05e7 \\u05ea\\u05d0\\u05e8\\u05d9\\u05dd \\u05d0\\u05e7\\u05d3\\u05de\\u05d9\\u05d9\\u05dd \\u05d1\\u05de\\u05d2\\u05d5\\u05d5\\u05df \\u05ea\\u05db\\u05e0\\u05d9\\u05d5\\u05ea \\u05dc\\u05d9\\u05de\\u05d5\\u05d3 \\u05d1\\u05e8\\u05de\\u05d4 \\u05d0\\u05e7\\u05d3\\u05de\\u05d9\\u05ea \\u05d2\\u05d1\\u05d5\\u05d4\\u05d4 \\u05d1\\u05d9\\u05d5\\u05ea\\u05e8.\",\"potentialAction\":[{\"@type\":\"SearchAction\",\"target\":\"https:\/\/www.aac.ac.il\/?s={search_term_string}\",\"query-input\":\"required name=search_term_string\"}],\"inLanguage\":\"fr-FR\"},{\"@type\":\"ImageObject\",\"@id\":\"https:\/\/www.aac.ac.il\/fr\/#primaryimage\",\"inLanguage\":\"fr-FR\",\"url\":\"https:\/\/www.aac.ac.il\/wp-content\/uploads\/hanhala-7003.jpg\",\"width\":700,\"height\":700},{\"@type\":\"WebPage\",\"@id\":\"https:\/\/www.aac.ac.il\/fr\/#webpage\",\"url\":\"https:\/\/www.aac.ac.il\/fr\/\",\"name\":\"CAMPUS D\\u2019ENSEIGNEMENT ACAD\\u00c9MIQUE D\\u2019ASHKELON - \\u05d4\\u05de\\u05db\\u05dc\\u05dc\\u05d4 \\u05d4\\u05d0\\u05e7\\u05d3\\u05de\\u05d9\\u05ea \\u05d0\\u05e9\\u05e7\\u05dc\\u05d5\\u05df\",\"isPartOf\":{\"@id\":\"https:\/\/www.aac.ac.il\/#website\"},\"primaryImageOfPage\":{\"@id\":\"https:\/\/www.aac.ac.il\/fr\/#primaryimage\"},\"datePublished\":\"2017-03-28T12:34:32+00:00\",\"dateModified\":\"2026-02-24T07:37:03+00:00\",\"description\":\"\\u05d1\\u05e8\\u05d5\\u05db\\u05d9\\u05dd \\u05d4\\u05d1\\u05d0\\u05d9\\u05dd \\u05dc\\u05d0\\u05ea\\u05e8 \\u05d4\\u05d7\\u05d3\\u05e9 \\u05e9\\u05dc \\u05d4\\u05de\\u05db\\u05dc\\u05dc\\u05d4 \\u05d4\\u05d0\\u05e7\\u05d3\\u05de\\u05d9\\u05ea \\u05d0\\u05e9\\u05e7\\u05dc\\u05d5\\u05df. \\u05db\\u05d0\\u05df \\u05ea\\u05d5\\u05db\\u05dc\\u05d5 \\u05dc\\u05e7\\u05d1\\u05dc \\u05de\\u05d9\\u05d3\\u05e2 \\u05d7\\u05e9\\u05d5\\u05d1 \\u05e2\\u05dc \\u05de\\u05e1\\u05dc\\u05d5\\u05dc\\u05d9 \\u05d4\\u05dc\\u05d9\\u05de\\u05d5\\u05d3 \\u05d4\\u05e9\\u05d5\\u05e0\\u05d9\\u05dd. \\u05d4\\u05de\\u05db\\u05dc\\u05dc\\u05d4 \\u05e0\\u05d5\\u05ea\\u05e0\\u05ea \\u05de\\u05e2\\u05e0\\u05d4 \\u05de\\u05dc\\u05d0 \\u05d1\\u05de\\u05d2\\u05d5\\u05d5\\u05df \\u05e8\\u05d7\\u05d1 \\u05e9\\u05dc \\u05de\\u05e7\\u05e6\\u05d5\\u05e2\\u05d5\\u05ea \\u05dc\\u05d9\\u05de\\u05d5\\u05d3.\",\"breadcrumb\":{\"@id\":\"https:\/\/www.aac.ac.il\/fr\/#breadcrumb\"},\"inLanguage\":\"fr-FR\",\"potentialAction\":[{\"@type\":\"ReadAction\",\"target\":[\"https:\/\/www.aac.ac.il\/fr\/\"]}]},{\"@type\":\"BreadcrumbList\",\"@id\":\"https:\/\/www.aac.ac.il\/fr\/#breadcrumb\",\"itemListElement\":[{\"@type\":\"ListItem\",\"position\":1,\"item\":{\"@type\":\"WebPage\",\"@id\":\"https:\/\/www.aac.ac.il\/fr\/\",\"url\":\"https:\/\/www.aac.ac.il\/fr\/\",\"name\":\"CAMPUS D\\u2019ENSEIGNEMENT ACAD\\u00c9MIQUE D\\u2019ASHKELON\"}}]}]}<\/script>\n<!-- \/ Yoast SEO plugin. -->","_links":{"self":[{"href":"https:\/\/www.aac.ac.il\/fr\/wp-json\/wp\/v2\/pages\/2946"}],"collection":[{"href":"https:\/\/www.aac.ac.il\/fr\/wp-json\/wp\/v2\/pages"}],"about":[{"href":"https:\/\/www.aac.ac.il\/fr\/wp-json\/wp\/v2\/types\/page"}],"author":[{"embeddable":true,"href":"https:\/\/www.aac.ac.il\/fr\/wp-json\/wp\/v2\/users\/1"}],"replies":[{"embeddable":true,"href":"https:\/\/www.aac.ac.il\/fr\/wp-json\/wp\/v2\/comments?post=2946"}],"version-history":[{"count":0,"href":"https:\/\/www.aac.ac.il\/fr\/wp-json\/wp\/v2\/pages\/2946\/revisions"}],"wp:attachment":[{"href":"https:\/\/www.aac.ac.il\/fr\/wp-json\/wp\/v2\/media?parent=2946"}],"curies":[{"name":"wp","href":"https:\/\/api.w.org\/{rel}","templated":true}]}}