

{"id":3014,"date":"2019-01-16T11:12:18","date_gmt":"2019-01-16T08:12:18","guid":{"rendered":"https:\/\/www.aac.ac.il\/?page_id=3014\/"},"modified":"2019-01-16T11:18:22","modified_gmt":"2019-01-16T08:18:22","slug":"centre-dorientation-et-dinscription","status":"publish","type":"page","link":"https:\/\/www.aac.ac.il\/fr\/%d7%94%d7%9e%d7%9b%d7%9c%d7%9c%d7%94-%d7%94%d7%90%d7%a7%d7%93%d7%9e%d7%99%d7%aa-%d7%90%d7%a9%d7%a7%d7%9c%d7%95%d7%9f\/centre-dorientation-et-dinscription\/","title":{"rendered":"CENTRE D\u2019ORIENTATION ET D\u2019INSCRIPTION"},"content":{"rendered":"\t\t<div data-elementor-type=\"wp-post\" data-elementor-id=\"3014\" class=\"elementor elementor-3014 elementor-bc-flex-widget\" data-elementor-settings=\"[]\">\n\t\t\t\t\t\t<div class=\"elementor-inner\">\n\t\t\t\t\t\t\t<div class=\"elementor-section-wrap\">\n\t\t\t\t\t\t\t<section class=\"elementor-section elementor-top-section elementor-element elementor-element-hlgzpoy elementor-section-boxed elementor-section-height-default elementor-section-height-default\" data-id=\"hlgzpoy\" data-element_type=\"section\">\n\t\t\t\t\t\t<div class=\"elementor-container elementor-column-gap-default\">\n\t\t\t\t\t\t\t<div class=\"elementor-row\">\n\t\t\t\t\t<div class=\"elementor-column elementor-col-100 elementor-top-column elementor-element elementor-element-ma5w8on\" data-id=\"ma5w8on\" data-element_type=\"column\">\n\t\t\t<div class=\"elementor-column-wrap elementor-element-populated\">\n\t\t\t\t\t\t\t<div class=\"elementor-widget-wrap\">\n\t\t\t\t\t\t<div class=\"elementor-element elementor-element-c9ebceb elementor-widget elementor-widget-text-editor\" data-id=\"c9ebceb\" data-element_type=\"widget\" data-widget_type=\"text-editor.default\">\n\t\t\t\t<div class=\"elementor-widget-container\">\n\t\t\t\t\t\t\t\t<div class=\"elementor-text-editor elementor-clearfix\">\n\t\t\t\t<p><strong>Le centre d&rsquo;orientation et d&rsquo;inscription <\/strong>du Campus acad\u00e9mique d\u2019Ashkelon vous souhaite la bienvenue et une grande r\u00e9ussite dans vos \u00e9tudes\u00a0!<\/p><p>Nous vous invitons \u00e0 nous contacter pour tout besoin <strong>d\u2019orientation professionnelle ou personnelle<\/strong> et prendre connaissance des programmes dans les domaines des \u00e9tudes, de la <strong>qualit\u00e9 et de la perfection<\/strong> du notre personnel enseignant, de la <strong>comp\u00e9tence et de l\u2019exp\u00e9rience<\/strong> de la direction<strong>, de l&rsquo;infrastructure technologique parmi les plus avanc\u00e9es en Isra\u00ebl<\/strong>, le tout dans une atmosph\u00e8re jeune et agr\u00e9able.<\/p><p>Le choix d&rsquo;une institution universitaire et le parcours des \u00e9tudes choisies constituent une d\u00e9cision extr\u00eamement importante qui influencera votre avenir professionnel et personnel. Le centre d&rsquo;orientation et d&rsquo;inscription d\u2019Ashkelon est \u00e0 votre disposition pour une orientation personnelle de qualit\u00e9, bas\u00e9e sur la comp\u00e9tence et la confiance. Le centre d&rsquo;orientation et d&rsquo;inscription vous accompagnera dans vos d\u00e9marches, pas \u00e0 pas, et vous proposera un ensemble de possibilit\u00e9s, pour que vous preniez la d\u00e9cision la meilleure et la plus avis\u00e9e pour vous.<\/p><p>Nous sommes \u00e0 votre disposition pour toute question concernant vos \u00e9tudes acad\u00e9miques et esp\u00e9rons vous voir bient\u00f4t parmi les milliers d&rsquo;\u00e9tudiants et les dipl\u00f4m\u00e9s de notre \u00e9tablissement, qui se sont si bien int\u00e9gr\u00e9s sur le march\u00e9 du travail isra\u00e9lien.<\/p><p><strong>\u00a0<\/strong><\/p><p><strong>Les dipl\u00f4mes isra\u00e9liens suivent le syst\u00e8me am\u00e9ricain<\/strong>\u00a0:\u00a0 \u00a0\u00a0\u00a0\u00a0\u00a0\u00a0\u00a0\u00a0\u00a0\u00a0\u00a0\u00a0\u00a0\u00a0\u00a0\u00a0\u00a0\u00a0\u00a0\u00a0\u00a0\u00a0\u00a0\u00a0\u00a0\u00a0\u00a0\u00a0\u00a0\u00a0\u00a0\u00a0\u00a0\u00a0\u00a0\u00a0\u00a0\u00a0\u00a0<\/p><p>B.A. &amp; M.A (Bachelor &amp; Master of Arts) pour la Licence et la Ma\u00eetrise dans les disciplines humaines\u00a0; B.S.W &amp; M.S.W. (Bachelor &amp; Master in Social Work) pour la Licence et la Ma\u00eetrise en sciences sociales\u00a0; B.S.N. (Bachelor of Science in Nursing) pour la Licence dans les disciplines de sant\u00e9 (aides-soignants, infirmerie, etc.)\u00a0; B.Sc. (Bachelor of Science) pour la Licence dans les sciences exactes.<\/p><p>\u00a0<\/p><p>Le <strong>Campus d\u2019enseignement <\/strong>est une institution acad\u00e9mique priv\u00e9e, habilit\u00e9e \u00e0 enseigner en vue de d\u00e9livrer des dipl\u00f4mes universitaires.<\/p><p><strong>\u00a0<\/strong><\/p><p><strong>Amicalement, <\/strong><\/p><p><strong>Mme. Naama Abir,\u00a0\u00a0\u00a0\u00a0\u00a0\u00a0\u00a0\u00a0\u00a0\u00a0\u00a0\u00a0\u00a0\u00a0\u00a0\u00a0\u00a0\u00a0\u00a0\u00a0\u00a0\u00a0\u00a0\u00a0\u00a0\u00a0\u00a0\u00a0\u00a0\u00a0\u00a0\u00a0\u00a0\u00a0\u00a0\u00a0\u00a0\u00a0\u00a0\u00a0\u00a0\u00a0\u00a0\u00a0\u00a0\u00a0\u00a0\u00a0\u00a0\u00a0\u00a0\u00a0\u00a0\u00a0\u00a0\u00a0\u00a0\u00a0\u00a0\u00a0\u00a0\u00a0\u00a0\u00a0\u00a0\u00a0\u00a0\u00a0\u00a0\u00a0\u00a0\u00a0\u00a0\u00a0\u00a0\u00a0\u00a0\u00a0\u00a0\u00a0\u00a0\u00a0\u00a0\u00a0\u00a0\u00a0\u00a0\u00a0\u00a0\u00a0\u00a0\u00a0\u00a0\u00a0\u00a0\u00a0\u00a0\u00a0\u00a0\u00a0\u00a0\u00a0\u00a0\u00a0\u00a0\u00a0\u00a0\u00a0\u00a0\u00a0\u00a0 <br \/> <br \/> <\/strong><\/p><p>\u00a0<\/p>\t\t\t\t\t<\/div>\n\t\t\t\t\t\t<\/div>\n\t\t\t\t<\/div>\n\t\t\t\t\t\t<\/div>\n\t\t\t\t\t<\/div>\n\t\t<\/div>\n\t\t\t\t\t\t\t\t<\/div>\n\t\t\t\t\t<\/div>\n\t\t<\/section>\n\t\t\t\t<section class=\"elementor-section elementor-top-section elementor-element elementor-element-wheswn6 elementor-section-boxed elementor-section-height-default elementor-section-height-default\" data-id=\"wheswn6\" data-element_type=\"section\">\n\t\t\t\t\t\t<div class=\"elementor-container elementor-column-gap-default\">\n\t\t\t\t\t\t\t<div class=\"elementor-row\">\n\t\t\t\t\t<div class=\"elementor-column elementor-col-100 elementor-top-column elementor-element elementor-element-15d63bn\" data-id=\"15d63bn\" data-element_type=\"column\">\n\t\t\t<div class=\"elementor-column-wrap elementor-element-populated\">\n\t\t\t\t\t\t\t<div class=\"elementor-widget-wrap\">\n\t\t\t\t\t\t<div class=\"elementor-element elementor-element-wchrye1 elementor-widget elementor-widget-heading\" data-id=\"wchrye1\" data-element_type=\"widget\" data-widget_type=\"heading.default\">\n\t\t\t\t<div class=\"elementor-widget-container\">\n\t\t\t<h2 class=\"elementor-heading-title elementor-size-default\">CONTACTEZ-NOUS : *9990<\/h2>\t\t<\/div>\n\t\t\t\t<\/div>\n\t\t\t\t\t\t<\/div>\n\t\t\t\t\t<\/div>\n\t\t<\/div>\n\t\t\t\t\t\t\t\t<\/div>\n\t\t\t\t\t<\/div>\n\t\t<\/section>\n\t\t\t\t\t\t<\/div>\n\t\t\t\t\t\t<\/div>\n\t\t\t\t\t<\/div>\n\t\t","protected":false},"excerpt":{"rendered":"<p>Le centre d&rsquo;orientation et d&rsquo;inscription du Campus acad\u00e9mique d\u2019Ashkelon vous souhaite la bienvenue et une grande r\u00e9ussite dans vos \u00e9tudes\u00a0! Nous vous invitons \u00e0 nous contacter pour tout besoin d\u2019orientation professionnelle ou personnelle et prendre connaissance des programmes dans les domaines des \u00e9tudes, de la qualit\u00e9 et de la perfection du notre personnel enseignant, de [&hellip;]<\/p>\n","protected":false},"author":4,"featured_media":0,"parent":2946,"menu_order":0,"comment_status":"closed","ping_status":"closed","template":"","meta":[],"yoast_head":"<!-- This site is optimized with the Yoast SEO plugin v15.7 - https:\/\/yoast.com\/wordpress\/plugins\/seo\/ -->\n<meta name=\"robots\" content=\"index, follow, max-snippet:-1, max-image-preview:large, max-video-preview:-1\" \/>\n<link rel=\"canonical\" href=\"https:\/\/www.aac.ac.il\/fr\/\u05d4\u05de\u05db\u05dc\u05dc\u05d4-\u05d4\u05d0\u05e7\u05d3\u05de\u05d9\u05ea-\u05d0\u05e9\u05e7\u05dc\u05d5\u05df\/centre-dorientation-et-dinscription\/\" \/>\n<meta property=\"og:locale\" content=\"fr_FR\" \/>\n<meta property=\"og:type\" content=\"article\" \/>\n<meta property=\"og:title\" content=\"CENTRE D\u2019ORIENTATION ET D\u2019INSCRIPTION - \u05d4\u05de\u05db\u05dc\u05dc\u05d4 \u05d4\u05d0\u05e7\u05d3\u05de\u05d9\u05ea \u05d0\u05e9\u05e7\u05dc\u05d5\u05df\" \/>\n<meta property=\"og:description\" content=\"Le centre d&rsquo;orientation et d&rsquo;inscription du Campus acad\u00e9mique d\u2019Ashkelon vous souhaite la bienvenue et une grande r\u00e9ussite dans vos \u00e9tudes\u00a0! Nous vous invitons \u00e0 nous contacter pour tout besoin d\u2019orientation professionnelle ou personnelle et prendre connaissance des programmes dans les domaines des \u00e9tudes, de la qualit\u00e9 et de la perfection du notre personnel enseignant, de [&hellip;]\" \/>\n<meta property=\"og:url\" content=\"https:\/\/www.aac.ac.il\/fr\/\u05d4\u05de\u05db\u05dc\u05dc\u05d4-\u05d4\u05d0\u05e7\u05d3\u05de\u05d9\u05ea-\u05d0\u05e9\u05e7\u05dc\u05d5\u05df\/centre-dorientation-et-dinscription\/\" \/>\n<meta property=\"og:site_name\" content=\"\u05d4\u05de\u05db\u05dc\u05dc\u05d4 \u05d4\u05d0\u05e7\u05d3\u05de\u05d9\u05ea \u05d0\u05e9\u05e7\u05dc\u05d5\u05df\" \/>\n<meta property=\"article:modified_time\" content=\"2019-01-16T08:18:22+00:00\" \/>\n<meta name=\"twitter:card\" content=\"summary_large_image\" \/>\n<meta name=\"twitter:label1\" content=\"Dur\u00e9e de lecture est.\">\n\t<meta name=\"twitter:data1\" content=\"2 minutes\">\n<script type=\"application\/ld+json\" class=\"yoast-schema-graph\">{\"@context\":\"https:\/\/schema.org\",\"@graph\":[{\"@type\":\"WebSite\",\"@id\":\"https:\/\/www.aac.ac.il\/#website\",\"url\":\"https:\/\/www.aac.ac.il\/\",\"name\":\"\\u05d4\\u05de\\u05db\\u05dc\\u05dc\\u05d4 \\u05d4\\u05d0\\u05e7\\u05d3\\u05de\\u05d9\\u05ea \\u05d0\\u05e9\\u05e7\\u05dc\\u05d5\\u05df\",\"description\":\"\\u05d4\\u05de\\u05db\\u05dc\\u05dc\\u05d4 \\u05d4\\u05d0\\u05e7\\u05d3\\u05de\\u05d9\\u05ea \\u05d0\\u05e9\\u05e7\\u05dc\\u05d5\\u05df \\u05d4\\u05d9\\u05d0 \\u05de\\u05d5\\u05e1\\u05d3 \\u05dc\\u05d4\\u05e9\\u05db\\u05dc\\u05d4 \\u05d2\\u05d1\\u05d5\\u05d4\\u05d4 \\u05e2\\u05e6\\u05de\\u05d0\\u05d9 \\u05e9\\u05e8\\u05e9\\u05d0\\u05d9 \\u05dc\\u05d4\\u05e2\\u05e0\\u05d9\\u05e7 \\u05ea\\u05d0\\u05e8\\u05d9\\u05dd \\u05d0\\u05e7\\u05d3\\u05de\\u05d9\\u05d9\\u05dd \\u05d1\\u05de\\u05d2\\u05d5\\u05d5\\u05df \\u05ea\\u05db\\u05e0\\u05d9\\u05d5\\u05ea \\u05dc\\u05d9\\u05de\\u05d5\\u05d3 \\u05d1\\u05e8\\u05de\\u05d4 \\u05d0\\u05e7\\u05d3\\u05de\\u05d9\\u05ea \\u05d2\\u05d1\\u05d5\\u05d4\\u05d4 \\u05d1\\u05d9\\u05d5\\u05ea\\u05e8.\",\"potentialAction\":[{\"@type\":\"SearchAction\",\"target\":\"https:\/\/www.aac.ac.il\/?s={search_term_string}\",\"query-input\":\"required name=search_term_string\"}],\"inLanguage\":\"fr-FR\"},{\"@type\":\"WebPage\",\"@id\":\"https:\/\/www.aac.ac.il\/fr\/%d7%94%d7%9e%d7%9b%d7%9c%d7%9c%d7%94-%d7%94%d7%90%d7%a7%d7%93%d7%9e%d7%99%d7%aa-%d7%90%d7%a9%d7%a7%d7%9c%d7%95%d7%9f\/centre-dorientation-et-dinscription\/#webpage\",\"url\":\"https:\/\/www.aac.ac.il\/fr\/%d7%94%d7%9e%d7%9b%d7%9c%d7%9c%d7%94-%d7%94%d7%90%d7%a7%d7%93%d7%9e%d7%99%d7%aa-%d7%90%d7%a9%d7%a7%d7%9c%d7%95%d7%9f\/centre-dorientation-et-dinscription\/\",\"name\":\"CENTRE D\\u2019ORIENTATION ET D\\u2019INSCRIPTION - \\u05d4\\u05de\\u05db\\u05dc\\u05dc\\u05d4 \\u05d4\\u05d0\\u05e7\\u05d3\\u05de\\u05d9\\u05ea \\u05d0\\u05e9\\u05e7\\u05dc\\u05d5\\u05df\",\"isPartOf\":{\"@id\":\"https:\/\/www.aac.ac.il\/#website\"},\"datePublished\":\"2019-01-16T08:12:18+00:00\",\"dateModified\":\"2019-01-16T08:18:22+00:00\",\"breadcrumb\":{\"@id\":\"https:\/\/www.aac.ac.il\/fr\/%d7%94%d7%9e%d7%9b%d7%9c%d7%9c%d7%94-%d7%94%d7%90%d7%a7%d7%93%d7%9e%d7%99%d7%aa-%d7%90%d7%a9%d7%a7%d7%9c%d7%95%d7%9f\/centre-dorientation-et-dinscription\/#breadcrumb\"},\"inLanguage\":\"fr-FR\",\"potentialAction\":[{\"@type\":\"ReadAction\",\"target\":[\"https:\/\/www.aac.ac.il\/fr\/%d7%94%d7%9e%d7%9b%d7%9c%d7%9c%d7%94-%d7%94%d7%90%d7%a7%d7%93%d7%9e%d7%99%d7%aa-%d7%90%d7%a9%d7%a7%d7%9c%d7%95%d7%9f\/centre-dorientation-et-dinscription\/\"]}]},{\"@type\":\"BreadcrumbList\",\"@id\":\"https:\/\/www.aac.ac.il\/fr\/%d7%94%d7%9e%d7%9b%d7%9c%d7%9c%d7%94-%d7%94%d7%90%d7%a7%d7%93%d7%9e%d7%99%d7%aa-%d7%90%d7%a9%d7%a7%d7%9c%d7%95%d7%9f\/centre-dorientation-et-dinscription\/#breadcrumb\",\"itemListElement\":[{\"@type\":\"ListItem\",\"position\":1,\"item\":{\"@type\":\"WebPage\",\"@id\":\"https:\/\/www.aac.ac.il\/fr\/\",\"url\":\"https:\/\/www.aac.ac.il\/fr\/\",\"name\":\"CAMPUS D\\u2019ENSEIGNEMENT ACAD\\u00c9MIQUE D\\u2019ASHKELON\"}},{\"@type\":\"ListItem\",\"position\":2,\"item\":{\"@type\":\"WebPage\",\"@id\":\"https:\/\/www.aac.ac.il\/fr\/%d7%94%d7%9e%d7%9b%d7%9c%d7%9c%d7%94-%d7%94%d7%90%d7%a7%d7%93%d7%9e%d7%99%d7%aa-%d7%90%d7%a9%d7%a7%d7%9c%d7%95%d7%9f\/centre-dorientation-et-dinscription\/\",\"url\":\"https:\/\/www.aac.ac.il\/fr\/%d7%94%d7%9e%d7%9b%d7%9c%d7%9c%d7%94-%d7%94%d7%90%d7%a7%d7%93%d7%9e%d7%99%d7%aa-%d7%90%d7%a9%d7%a7%d7%9c%d7%95%d7%9f\/centre-dorientation-et-dinscription\/\",\"name\":\"CENTRE D\\u2019ORIENTATION ET D\\u2019INSCRIPTION\"}}]}]}<\/script>\n<!-- \/ Yoast SEO plugin. -->","_links":{"self":[{"href":"https:\/\/www.aac.ac.il\/fr\/wp-json\/wp\/v2\/pages\/3014"}],"collection":[{"href":"https:\/\/www.aac.ac.il\/fr\/wp-json\/wp\/v2\/pages"}],"about":[{"href":"https:\/\/www.aac.ac.il\/fr\/wp-json\/wp\/v2\/types\/page"}],"author":[{"embeddable":true,"href":"https:\/\/www.aac.ac.il\/fr\/wp-json\/wp\/v2\/users\/4"}],"replies":[{"embeddable":true,"href":"https:\/\/www.aac.ac.il\/fr\/wp-json\/wp\/v2\/comments?post=3014"}],"version-history":[{"count":0,"href":"https:\/\/www.aac.ac.il\/fr\/wp-json\/wp\/v2\/pages\/3014\/revisions"}],"up":[{"embeddable":true,"href":"https:\/\/www.aac.ac.il\/fr\/wp-json\/wp\/v2\/pages\/2946"}],"wp:attachment":[{"href":"https:\/\/www.aac.ac.il\/fr\/wp-json\/wp\/v2\/media?parent=3014"}],"curies":[{"name":"wp","href":"https:\/\/api.w.org\/{rel}","templated":true}]}}