

{"id":4,"date":"2018-03-20T09:13:27","date_gmt":"2018-03-20T07:13:27","guid":{"rendered":"https:\/\/www.aac.ac.il\/campus-academique-dashkelon\/?page_id=4"},"modified":"2019-04-04T12:59:40","modified_gmt":"2019-04-04T09:59:40","slug":"faculte-deconomie","status":"publish","type":"page","link":"https:\/\/www.aac.ac.il\/fr\/faculte-deconomie\/","title":{"rendered":"Facult\u00e9 d\u2019\u00e9conomie"},"content":{"rendered":"<p><strong>Le d\u00e9partement d\u2019\u00c9conomie d\u2019Ashkelon a \u00e9t\u00e9 cr\u00e9\u00e9 \u00e0 l\u2019origine comme une annexe de la facult\u00e9 de l\u2019universit\u00e9 de Bar-Ilan. Le d\u00e9partement d\u2019\u00c9conomie propose des programmes d\u2019\u00e9tude pour la Licence dans quatre domaines\u00a0: \u00c9conomie et comptabilit\u00e9, \u00c9conomie et Gestion, \u00c9conomie et <\/strong><strong>march\u00e9 des capitaux<\/strong><strong>, \u00c9conomie et logistique, avec la possibilit\u00e9 pour la Ma\u00eetrise (M.A) en \u00c9conomie appliqu\u00e9e. <\/strong><\/p>\n<p><strong>\u00a0<\/strong><\/p>\n<p><strong>L\u2019enseignement dans la facult\u00e9 d\u2019\u00c9conomie est effectu\u00e9 par des Professeurs de reconnus mondialement, qui associent l\u2019enseignement, la recherche et la pratique sur le terrain. En plus de la formation acad\u00e9mique tr\u00e8s pouss\u00e9e, la formation pratique b\u00e9n\u00e9ficie d\u2019une attention particuli\u00e8re par le fait que les enseignants occupent des postes importants dans l\u2019\u00e9conomie isra\u00e9lienne. Tout ceci, avec le soutien personnel au profit des \u00e9tudiants, qui garantit des \u00e9tudes agr\u00e9ables et la r\u00e9ussite.\u00a0 <\/strong><\/p>\n","protected":false},"excerpt":{"rendered":"<p>Le d\u00e9partement d\u2019\u00c9conomie d\u2019Ashkelon a \u00e9t\u00e9 cr\u00e9\u00e9 \u00e0 l\u2019origine comme une annexe de la facult\u00e9 de l\u2019universit\u00e9 de Bar-Ilan. Le d\u00e9partement d\u2019\u00c9conomie propose des programmes d\u2019\u00e9tude pour la Licence dans quatre domaines\u00a0: \u00c9conomie et comptabilit\u00e9, \u00c9conomie et Gestion, \u00c9conomie et march\u00e9 des capitaux, \u00c9conomie et logistique, avec la possibilit\u00e9 pour la Ma\u00eetrise (M.A) en \u00c9conomie [&hellip;]<\/p>\n","protected":false},"author":1,"featured_media":0,"parent":0,"menu_order":0,"comment_status":"closed","ping_status":"closed","template":"page-templates\/builder-page.php","meta":[],"yoast_head":"<!-- This site is optimized with the Yoast SEO plugin v15.7 - https:\/\/yoast.com\/wordpress\/plugins\/seo\/ -->\n<meta name=\"robots\" content=\"index, follow, max-snippet:-1, max-image-preview:large, max-video-preview:-1\" \/>\n<link rel=\"canonical\" href=\"https:\/\/www.aac.ac.il\/fr\/faculte-deconomie\/\" \/>\n<meta property=\"og:locale\" content=\"fr_FR\" \/>\n<meta property=\"og:type\" content=\"article\" \/>\n<meta property=\"og:title\" content=\"Facult\u00e9 d\u2019\u00e9conomie - \u05d4\u05de\u05db\u05dc\u05dc\u05d4 \u05d4\u05d0\u05e7\u05d3\u05de\u05d9\u05ea \u05d0\u05e9\u05e7\u05dc\u05d5\u05df\" \/>\n<meta property=\"og:description\" content=\"Le d\u00e9partement d\u2019\u00c9conomie d\u2019Ashkelon a \u00e9t\u00e9 cr\u00e9\u00e9 \u00e0 l\u2019origine comme une annexe de la facult\u00e9 de l\u2019universit\u00e9 de Bar-Ilan. Le d\u00e9partement d\u2019\u00c9conomie propose des programmes d\u2019\u00e9tude pour la Licence dans quatre domaines\u00a0: \u00c9conomie et comptabilit\u00e9, \u00c9conomie et Gestion, \u00c9conomie et march\u00e9 des capitaux, \u00c9conomie et logistique, avec la possibilit\u00e9 pour la Ma\u00eetrise (M.A) en \u00c9conomie [&hellip;]\" \/>\n<meta property=\"og:url\" content=\"https:\/\/www.aac.ac.il\/fr\/faculte-deconomie\/\" \/>\n<meta property=\"og:site_name\" content=\"\u05d4\u05de\u05db\u05dc\u05dc\u05d4 \u05d4\u05d0\u05e7\u05d3\u05de\u05d9\u05ea \u05d0\u05e9\u05e7\u05dc\u05d5\u05df\" \/>\n<meta property=\"article:modified_time\" content=\"2019-04-04T09:59:40+00:00\" \/>\n<meta name=\"twitter:card\" content=\"summary_large_image\" \/>\n<meta name=\"twitter:label1\" content=\"Dur\u00e9e de lecture est.\">\n\t<meta name=\"twitter:data1\" content=\"1 minute\">\n<script type=\"application\/ld+json\" class=\"yoast-schema-graph\">{\"@context\":\"https:\/\/schema.org\",\"@graph\":[{\"@type\":\"WebSite\",\"@id\":\"https:\/\/www.aac.ac.il\/#website\",\"url\":\"https:\/\/www.aac.ac.il\/\",\"name\":\"\\u05d4\\u05de\\u05db\\u05dc\\u05dc\\u05d4 \\u05d4\\u05d0\\u05e7\\u05d3\\u05de\\u05d9\\u05ea \\u05d0\\u05e9\\u05e7\\u05dc\\u05d5\\u05df\",\"description\":\"\\u05d4\\u05de\\u05db\\u05dc\\u05dc\\u05d4 \\u05d4\\u05d0\\u05e7\\u05d3\\u05de\\u05d9\\u05ea \\u05d0\\u05e9\\u05e7\\u05dc\\u05d5\\u05df \\u05d4\\u05d9\\u05d0 \\u05de\\u05d5\\u05e1\\u05d3 \\u05dc\\u05d4\\u05e9\\u05db\\u05dc\\u05d4 \\u05d2\\u05d1\\u05d5\\u05d4\\u05d4 \\u05e2\\u05e6\\u05de\\u05d0\\u05d9 \\u05e9\\u05e8\\u05e9\\u05d0\\u05d9 \\u05dc\\u05d4\\u05e2\\u05e0\\u05d9\\u05e7 \\u05ea\\u05d0\\u05e8\\u05d9\\u05dd \\u05d0\\u05e7\\u05d3\\u05de\\u05d9\\u05d9\\u05dd \\u05d1\\u05de\\u05d2\\u05d5\\u05d5\\u05df \\u05ea\\u05db\\u05e0\\u05d9\\u05d5\\u05ea \\u05dc\\u05d9\\u05de\\u05d5\\u05d3 \\u05d1\\u05e8\\u05de\\u05d4 \\u05d0\\u05e7\\u05d3\\u05de\\u05d9\\u05ea \\u05d2\\u05d1\\u05d5\\u05d4\\u05d4 \\u05d1\\u05d9\\u05d5\\u05ea\\u05e8.\",\"potentialAction\":[{\"@type\":\"SearchAction\",\"target\":\"https:\/\/www.aac.ac.il\/?s={search_term_string}\",\"query-input\":\"required name=search_term_string\"}],\"inLanguage\":\"fr-FR\"},{\"@type\":\"WebPage\",\"@id\":\"https:\/\/www.aac.ac.il\/fr\/faculte-deconomie\/#webpage\",\"url\":\"https:\/\/www.aac.ac.il\/fr\/faculte-deconomie\/\",\"name\":\"Facult\\u00e9 d\\u2019\\u00e9conomie - \\u05d4\\u05de\\u05db\\u05dc\\u05dc\\u05d4 \\u05d4\\u05d0\\u05e7\\u05d3\\u05de\\u05d9\\u05ea \\u05d0\\u05e9\\u05e7\\u05dc\\u05d5\\u05df\",\"isPartOf\":{\"@id\":\"https:\/\/www.aac.ac.il\/#website\"},\"datePublished\":\"2018-03-20T07:13:27+00:00\",\"dateModified\":\"2019-04-04T09:59:40+00:00\",\"breadcrumb\":{\"@id\":\"https:\/\/www.aac.ac.il\/fr\/faculte-deconomie\/#breadcrumb\"},\"inLanguage\":\"fr-FR\",\"potentialAction\":[{\"@type\":\"ReadAction\",\"target\":[\"https:\/\/www.aac.ac.il\/fr\/faculte-deconomie\/\"]}]},{\"@type\":\"BreadcrumbList\",\"@id\":\"https:\/\/www.aac.ac.il\/fr\/faculte-deconomie\/#breadcrumb\",\"itemListElement\":[{\"@type\":\"ListItem\",\"position\":1,\"item\":{\"@type\":\"WebPage\",\"@id\":\"https:\/\/www.aac.ac.il\/fr\/faculte-deconomie\/\",\"url\":\"https:\/\/www.aac.ac.il\/fr\/faculte-deconomie\/\",\"name\":\"Facult\\u00e9 d\\u2019\\u00e9conomie\"}}]}]}<\/script>\n<!-- \/ Yoast SEO plugin. -->","_links":{"self":[{"href":"https:\/\/www.aac.ac.il\/fr\/wp-json\/wp\/v2\/pages\/4"}],"collection":[{"href":"https:\/\/www.aac.ac.il\/fr\/wp-json\/wp\/v2\/pages"}],"about":[{"href":"https:\/\/www.aac.ac.il\/fr\/wp-json\/wp\/v2\/types\/page"}],"author":[{"embeddable":true,"href":"https:\/\/www.aac.ac.il\/fr\/wp-json\/wp\/v2\/users\/1"}],"replies":[{"embeddable":true,"href":"https:\/\/www.aac.ac.il\/fr\/wp-json\/wp\/v2\/comments?post=4"}],"version-history":[{"count":0,"href":"https:\/\/www.aac.ac.il\/fr\/wp-json\/wp\/v2\/pages\/4\/revisions"}],"wp:attachment":[{"href":"https:\/\/www.aac.ac.il\/fr\/wp-json\/wp\/v2\/media?parent=4"}],"curies":[{"name":"wp","href":"https:\/\/api.w.org\/{rel}","templated":true}]}}