

{"id":78,"date":"2018-04-22T10:25:38","date_gmt":"2018-04-22T07:25:38","guid":{"rendered":"https:\/\/www.aac.ac.il\/campus-academique-dashkelon\/?page_id=78"},"modified":"2018-04-22T10:25:38","modified_gmt":"2018-04-22T07:25:38","slug":"ecole-des-sciences-de-la-sante","status":"publish","type":"page","link":"https:\/\/www.aac.ac.il\/fr\/ecole-des-sciences-de-la-sante\/","title":{"rendered":"\u00c9cole des sciences de la sant\u00e9"},"content":{"rendered":"<p>La facult\u00e9 des sciences de la sant\u00e9 propose des programmes de licence en sant\u00e9 publique (B.A.), aux \u00e9tudes d\u2019infirmi\u00e8res (B.S.N.) et sp\u00e9cialisation en nutrition (B.Sc.).<\/p>\n<p>L&rsquo;Ecole des Sciences de la Sant\u00e9, au nom du Pr. Moshe Mani, qui fut le premier pr\u00e9sident de l\u2019\u00e9tablissement, s&rsquo;inscrit dans la politique du Campus visant \u00e0 am\u00e9liorer l&rsquo;acc\u00e8s \u00e0 l&rsquo;enseignement sup\u00e9rieur dans le domaine de la sant\u00e9. Les enseignants du Campus sont des professeurs et chercheurs renomm\u00e9s, qui accompagnent les \u00e9tudiants dans leurs \u00e9tudes en leur fournissant des conseils acad\u00e9miques, professionnels et personnels.<\/p>\n","protected":false},"excerpt":{"rendered":"<p>La facult\u00e9 des sciences de la sant\u00e9 propose des programmes de licence en sant\u00e9 publique (B.A.), aux \u00e9tudes d\u2019infirmi\u00e8res (B.S.N.) et sp\u00e9cialisation en nutrition (B.Sc.). L&rsquo;Ecole des Sciences de la Sant\u00e9, au nom du Pr. Moshe Mani, qui fut le premier pr\u00e9sident de l\u2019\u00e9tablissement, s&rsquo;inscrit dans la politique du Campus visant \u00e0 am\u00e9liorer l&rsquo;acc\u00e8s \u00e0 [&hellip;]<\/p>\n","protected":false},"author":1,"featured_media":0,"parent":0,"menu_order":0,"comment_status":"closed","ping_status":"closed","template":"page-templates\/builder-page.php","meta":[],"yoast_head":"<!-- This site is optimized with the Yoast SEO plugin v15.7 - https:\/\/yoast.com\/wordpress\/plugins\/seo\/ -->\n<meta name=\"robots\" content=\"index, follow, max-snippet:-1, max-image-preview:large, max-video-preview:-1\" \/>\n<link rel=\"canonical\" href=\"https:\/\/www.aac.ac.il\/fr\/ecole-des-sciences-de-la-sante\/\" \/>\n<meta property=\"og:locale\" content=\"fr_FR\" \/>\n<meta property=\"og:type\" content=\"article\" \/>\n<meta property=\"og:title\" content=\"\u00c9cole des sciences de la sant\u00e9 - \u05d4\u05de\u05db\u05dc\u05dc\u05d4 \u05d4\u05d0\u05e7\u05d3\u05de\u05d9\u05ea \u05d0\u05e9\u05e7\u05dc\u05d5\u05df\" \/>\n<meta property=\"og:description\" content=\"La facult\u00e9 des sciences de la sant\u00e9 propose des programmes de licence en sant\u00e9 publique (B.A.), aux \u00e9tudes d\u2019infirmi\u00e8res (B.S.N.) et sp\u00e9cialisation en nutrition (B.Sc.). L&rsquo;Ecole des Sciences de la Sant\u00e9, au nom du Pr. Moshe Mani, qui fut le premier pr\u00e9sident de l\u2019\u00e9tablissement, s&rsquo;inscrit dans la politique du Campus visant \u00e0 am\u00e9liorer l&rsquo;acc\u00e8s \u00e0 [&hellip;]\" \/>\n<meta property=\"og:url\" content=\"https:\/\/www.aac.ac.il\/fr\/ecole-des-sciences-de-la-sante\/\" \/>\n<meta property=\"og:site_name\" content=\"\u05d4\u05de\u05db\u05dc\u05dc\u05d4 \u05d4\u05d0\u05e7\u05d3\u05de\u05d9\u05ea \u05d0\u05e9\u05e7\u05dc\u05d5\u05df\" \/>\n<meta name=\"twitter:card\" content=\"summary_large_image\" \/>\n<meta name=\"twitter:label1\" content=\"Dur\u00e9e de lecture est.\">\n\t<meta name=\"twitter:data1\" content=\"1 minute\">\n<script type=\"application\/ld+json\" class=\"yoast-schema-graph\">{\"@context\":\"https:\/\/schema.org\",\"@graph\":[{\"@type\":\"WebSite\",\"@id\":\"https:\/\/www.aac.ac.il\/#website\",\"url\":\"https:\/\/www.aac.ac.il\/\",\"name\":\"\\u05d4\\u05de\\u05db\\u05dc\\u05dc\\u05d4 \\u05d4\\u05d0\\u05e7\\u05d3\\u05de\\u05d9\\u05ea \\u05d0\\u05e9\\u05e7\\u05dc\\u05d5\\u05df\",\"description\":\"\\u05d4\\u05de\\u05db\\u05dc\\u05dc\\u05d4 \\u05d4\\u05d0\\u05e7\\u05d3\\u05de\\u05d9\\u05ea \\u05d0\\u05e9\\u05e7\\u05dc\\u05d5\\u05df \\u05d4\\u05d9\\u05d0 \\u05de\\u05d5\\u05e1\\u05d3 \\u05dc\\u05d4\\u05e9\\u05db\\u05dc\\u05d4 \\u05d2\\u05d1\\u05d5\\u05d4\\u05d4 \\u05e2\\u05e6\\u05de\\u05d0\\u05d9 \\u05e9\\u05e8\\u05e9\\u05d0\\u05d9 \\u05dc\\u05d4\\u05e2\\u05e0\\u05d9\\u05e7 \\u05ea\\u05d0\\u05e8\\u05d9\\u05dd \\u05d0\\u05e7\\u05d3\\u05de\\u05d9\\u05d9\\u05dd \\u05d1\\u05de\\u05d2\\u05d5\\u05d5\\u05df \\u05ea\\u05db\\u05e0\\u05d9\\u05d5\\u05ea \\u05dc\\u05d9\\u05de\\u05d5\\u05d3 \\u05d1\\u05e8\\u05de\\u05d4 \\u05d0\\u05e7\\u05d3\\u05de\\u05d9\\u05ea \\u05d2\\u05d1\\u05d5\\u05d4\\u05d4 \\u05d1\\u05d9\\u05d5\\u05ea\\u05e8.\",\"potentialAction\":[{\"@type\":\"SearchAction\",\"target\":\"https:\/\/www.aac.ac.il\/?s={search_term_string}\",\"query-input\":\"required name=search_term_string\"}],\"inLanguage\":\"fr-FR\"},{\"@type\":\"WebPage\",\"@id\":\"https:\/\/www.aac.ac.il\/fr\/ecole-des-sciences-de-la-sante\/#webpage\",\"url\":\"https:\/\/www.aac.ac.il\/fr\/ecole-des-sciences-de-la-sante\/\",\"name\":\"\\u00c9cole des sciences de la sant\\u00e9 - \\u05d4\\u05de\\u05db\\u05dc\\u05dc\\u05d4 \\u05d4\\u05d0\\u05e7\\u05d3\\u05de\\u05d9\\u05ea \\u05d0\\u05e9\\u05e7\\u05dc\\u05d5\\u05df\",\"isPartOf\":{\"@id\":\"https:\/\/www.aac.ac.il\/#website\"},\"datePublished\":\"2018-04-22T07:25:38+00:00\",\"dateModified\":\"2018-04-22T07:25:38+00:00\",\"breadcrumb\":{\"@id\":\"https:\/\/www.aac.ac.il\/fr\/ecole-des-sciences-de-la-sante\/#breadcrumb\"},\"inLanguage\":\"fr-FR\",\"potentialAction\":[{\"@type\":\"ReadAction\",\"target\":[\"https:\/\/www.aac.ac.il\/fr\/ecole-des-sciences-de-la-sante\/\"]}]},{\"@type\":\"BreadcrumbList\",\"@id\":\"https:\/\/www.aac.ac.il\/fr\/ecole-des-sciences-de-la-sante\/#breadcrumb\",\"itemListElement\":[{\"@type\":\"ListItem\",\"position\":1,\"item\":{\"@type\":\"WebPage\",\"@id\":\"https:\/\/www.aac.ac.il\/fr\/ecole-des-sciences-de-la-sante\/\",\"url\":\"https:\/\/www.aac.ac.il\/fr\/ecole-des-sciences-de-la-sante\/\",\"name\":\"\\u00c9cole des sciences de la sant\\u00e9\"}}]}]}<\/script>\n<!-- \/ Yoast SEO plugin. -->","_links":{"self":[{"href":"https:\/\/www.aac.ac.il\/fr\/wp-json\/wp\/v2\/pages\/78"}],"collection":[{"href":"https:\/\/www.aac.ac.il\/fr\/wp-json\/wp\/v2\/pages"}],"about":[{"href":"https:\/\/www.aac.ac.il\/fr\/wp-json\/wp\/v2\/types\/page"}],"author":[{"embeddable":true,"href":"https:\/\/www.aac.ac.il\/fr\/wp-json\/wp\/v2\/users\/1"}],"replies":[{"embeddable":true,"href":"https:\/\/www.aac.ac.il\/fr\/wp-json\/wp\/v2\/comments?post=78"}],"version-history":[{"count":0,"href":"https:\/\/www.aac.ac.il\/fr\/wp-json\/wp\/v2\/pages\/78\/revisions"}],"wp:attachment":[{"href":"https:\/\/www.aac.ac.il\/fr\/wp-json\/wp\/v2\/media?parent=78"}],"curies":[{"name":"wp","href":"https:\/\/api.w.org\/{rel}","templated":true}]}}