

{"id":257,"date":"2019-11-17T14:18:48","date_gmt":"2019-11-17T12:18:48","guid":{"rendered":"https:\/\/www.aac.ac.il\/research-authority\/?page_id=257"},"modified":"2020-08-09T12:34:29","modified_gmt":"2020-08-09T09:34:29","slug":"dr-mordechai-chaziza","status":"publish","type":"page","link":"https:\/\/www.aac.ac.il\/research-authority\/%d7%a8%d7%a9%d7%95%d7%aa-%d7%94%d7%9e%d7%97%d7%a7%d7%a8-%d7%95%d7%94%d7%a4%d7%a8%d7%a1%d7%95%d7%9e%d7%99%d7%9d\/researchers\/dr-mordechai-chaziza\/","title":{"rendered":"Dr. Mordechai Chaziza"},"content":{"rendered":"\t\t<div data-elementor-type=\"wp-page\" data-elementor-id=\"257\" class=\"elementor elementor-257\" data-elementor-settings=\"[]\">\n\t\t\t\t\t\t<div class=\"elementor-inner\">\n\t\t\t\t\t\t\t<div class=\"elementor-section-wrap\">\n\t\t\t\t\t\t\t<section class=\"elementor-section elementor-top-section elementor-element elementor-element-086e8ec elementor-section-boxed elementor-section-height-default elementor-section-height-default\" data-id=\"086e8ec\" data-element_type=\"section\">\n\t\t\t\t\t\t<div class=\"elementor-container elementor-column-gap-default\">\n\t\t\t\t\t\t\t<div class=\"elementor-row\">\n\t\t\t\t\t<div class=\"elementor-column elementor-col-33 elementor-top-column elementor-element elementor-element-bd826e8\" data-id=\"bd826e8\" data-element_type=\"column\">\n\t\t\t<div class=\"elementor-column-wrap\">\n\t\t\t\t\t\t\t<div class=\"elementor-widget-wrap\">\n\t\t\t\t\t\t\t\t<\/div>\n\t\t\t\t\t<\/div>\n\t\t<\/div>\n\t\t\t\t<div class=\"elementor-column elementor-col-33 elementor-top-column elementor-element elementor-element-da4da85\" data-id=\"da4da85\" data-element_type=\"column\">\n\t\t\t<div class=\"elementor-column-wrap elementor-element-populated\">\n\t\t\t\t\t\t\t<div class=\"elementor-widget-wrap\">\n\t\t\t\t\t\t<div class=\"elementor-element elementor-element-f8feea8 elementor-widget elementor-widget-text-editor\" data-id=\"f8feea8\" data-element_type=\"widget\" data-widget_type=\"text-editor.default\">\n\t\t\t\t<div class=\"elementor-widget-container\">\n\t\t\t\t\t\t\t\t<div class=\"elementor-text-editor elementor-clearfix\">\n\t\t\t\t<p dir=\"ltr\">Email: motih1308@gmail.com<br \/>Phone:+972-50 6874 452<\/p><p dir=\"ltr\"><strong>Academic position<\/strong>:<\/p><p dir=\"ltr\">Senior Lecturer\u00a0in the\u00a0Department of Politics and Government and the\u00a0division of\u00a0Multidisciplinary\u00a0Studies in Social Science<\/p><p dir=\"ltr\"><strong>Field of expertise:<\/strong><\/p><p dir=\"ltr\">International Relations, Political Science, China, Middle East and Persian Gulf.<\/p>\t\t\t\t\t<\/div>\n\t\t\t\t\t\t<\/div>\n\t\t\t\t<\/div>\n\t\t\t\t\t\t<\/div>\n\t\t\t\t\t<\/div>\n\t\t<\/div>\n\t\t\t\t<div class=\"elementor-column elementor-col-33 elementor-top-column elementor-element elementor-element-b3f9a7a\" data-id=\"b3f9a7a\" data-element_type=\"column\">\n\t\t\t<div class=\"elementor-column-wrap elementor-element-populated\">\n\t\t\t\t\t\t\t<div class=\"elementor-widget-wrap\">\n\t\t\t\t\t\t<div class=\"elementor-element elementor-element-d892e65 elementor-widget elementor-widget-image\" data-id=\"d892e65\" data-element_type=\"widget\" data-widget_type=\"image.default\">\n\t\t\t\t<div class=\"elementor-widget-container\">\n\t\t\t\t\t\t\t\t<div class=\"elementor-image\">\n\t\t\t\t\t\t\t\t\t\t\t\t<img width=\"146\" height=\"172\" src=\"https:\/\/www.aac.ac.il\/research-authority\/wp-content\/uploads\/sites\/24\/2019\/11\/mordechai.jpg\" class=\"attachment-large size-large\" alt=\"\" loading=\"lazy\" \/>\t\t\t\t\t\t\t\t\t\t\t\t\t\t<\/div>\n\t\t\t\t\t\t<\/div>\n\t\t\t\t<\/div>\n\t\t\t\t\t\t<\/div>\n\t\t\t\t\t<\/div>\n\t\t<\/div>\n\t\t\t\t\t\t\t\t<\/div>\n\t\t\t\t\t<\/div>\n\t\t<\/section>\n\t\t\t\t<section class=\"elementor-section elementor-top-section elementor-element elementor-element-dcb07df elementor-section-boxed elementor-section-height-default elementor-section-height-default\" data-id=\"dcb07df\" data-element_type=\"section\">\n\t\t\t\t\t\t<div class=\"elementor-container elementor-column-gap-default\">\n\t\t\t\t\t\t\t<div class=\"elementor-row\">\n\t\t\t\t\t<div class=\"elementor-column elementor-col-100 elementor-top-column elementor-element elementor-element-7a66b14\" data-id=\"7a66b14\" data-element_type=\"column\">\n\t\t\t<div class=\"elementor-column-wrap elementor-element-populated\">\n\t\t\t\t\t\t\t<div class=\"elementor-widget-wrap\">\n\t\t\t\t\t\t<div class=\"elementor-element elementor-element-3e62b73 elementor-widget elementor-widget-text-editor\" data-id=\"3e62b73\" data-element_type=\"widget\" data-widget_type=\"text-editor.default\">\n\t\t\t\t<div class=\"elementor-widget-container\">\n\t\t\t\t\t\t\t\t<div class=\"elementor-text-editor elementor-clearfix\">\n\t\t\t\t<p dir=\"ltr\"><strong>Major Publications :<\/strong><\/p><p dir=\"ltr\"><strong>1.<\/strong>Mordechai Chaziza (2020\/1). <em>China and the Middle East: Belt and Road Strategy and Diplomatic Partnership<\/em>. Great Britain: Sussex Academic Press (forthcoming 2020\/1).<\/p><p dir=\"ltr\"><strong>2.<\/strong>Mordechai Chaziza, China's Relationship with Egypt and Oman: A Strategic Framework for the Implementation of China's Maritime Silk Road Implementation. In Michael Clarke, Matthew Sussex and Nick Bisley (eds.) <em>The Belt and Road Initiative and the Future of Regional Order in the Indo-Pacific<\/em> (pp. 141-157). London: Lexington Books<\/p><p dir=\"ltr\"><strong>3.<\/strong> Mordechai Chaziza, China and the Persian Gulf: The New Silk Road Strategy and Emerging Partnerships. Great Britain: Sussex Academic Press, 2020.<\/p><p dir=\"ltr\"><strong>4.<\/strong> Mordechai Chaziza, &quot;Tourism as a Stealth Weapon,&quot; Middle East Quarterly 26\/4, (2019), pp.1-8.<\/p><p dir=\"ltr\"><strong>5.<\/strong> Mordechai Chaziza, &quot;China\u2019s Economic Diplomacy Approach in the Middle East Conflicts,&quot; China Report 55\/1, (2019), pp. 24-39.<\/p><p dir=\"ltr\"><strong>6.<\/strong> Mordechai Chaziza, Six Years After the Arab Spring: China Foreign Policy in the Middle East-North Africa. In: \u00c7akmak, C. and \u00d6z\u00e7elik, A. O. (eds.) The World Community and Arab Spring (pp.185-204). Palgrave Macmillan, Cham, 2019.<\/p><p dir=\"ltr\"><strong>7.<\/strong> Mordechai Chaziza, &quot;The Significant Role of Oman in China\u2019s Maritime Silk Road Initiative,&quot; Contemporary Review of the Middle East, 6\/1, (2018), pp. 1-14.<\/p><p dir=\"ltr\"><strong>8.<\/strong> Mordechai Chaziza, China's Counter-Terrorism Policy in the Middle East. In: Clarke M. (ed.) Terrorism and Counter-Terrorism in China: Domestic and Foreign Policy Dimensions (pp. 141-156). New York: Oxford University Press, 2018.<\/p><p dir=\"ltr\"><strong>9.<\/strong> Mordechai Chaziza, &quot;China's Military Base in Djibouti,&quot; Mideast Security and Policy Studies, No. 153, The Begin-Sadat Center for Strategic Studies Bar-Ilan University, (2018), pp. 1-28.<\/p><p dir=\"ltr\"><strong>10.<\/strong> Mordechai Chaziza, &quot;China\u2019s Peace-Maker Role in Afghanistan: Mediation and Conflict Management,&quot; Middle East Policy, XXV\/3, (2018), pp.143-154.<\/p><p dir=\"ltr\"><strong>11.<\/strong> Mordechai Chaziza, The Chinese Maritime Silk Road Initiative: The Role of the Mediterranean,&quot; Mediterranean Quarterly, 29\/2, (2018), pp. 54-69.<\/p><p dir=\"ltr\"><strong>12.<\/strong> Mordechai Chaziza, &quot;China\u2019s Mediation Efforts in the Middle East and North Africa: Constructive Conflict Management,&quot; Strategic Analysis, 42\/ 1, (2018), pp. 29-41.<\/p><p dir=\"ltr\"><strong>13.<\/strong> Mordechai Chaziza, &quot;Israel-China Relations Enter a New Stage: Limited Strategic Hedging,&quot; Contemporary Review of the Middle East, 5\/1, (2018), pp. 30-45.<\/p>\t\t\t\t\t<\/div>\n\t\t\t\t\t\t<\/div>\n\t\t\t\t<\/div>\n\t\t\t\t\t\t<\/div>\n\t\t\t\t\t<\/div>\n\t\t<\/div>\n\t\t\t\t\t\t\t\t<\/div>\n\t\t\t\t\t<\/div>\n\t\t<\/section>\n\t\t\t\t\t\t<\/div>\n\t\t\t\t\t\t<\/div>\n\t\t\t\t\t<\/div>\n\t\t","protected":false},"excerpt":{"rendered":"<p>Email: motih1308@gmail.comPhone:+972-50 6874 452 Academic position: Senior Lecturer\u00a0in the\u00a0Department of Politics and Government and the\u00a0division of\u00a0Multidisciplinary\u00a0Studies in Social Science Field of expertise: International Relations, Political Science, China, Middle East and Persian Gulf. Major Publications : 1.Mordechai Chaziza (2020\/1). China and the Middle East: Belt and Road Strategy and Diplomatic Partnership. Great Britain: Sussex Academic Press [&hellip;]<\/p>\n","protected":false},"author":4,"featured_media":0,"parent":179,"menu_order":0,"comment_status":"closed","ping_status":"closed","template":"","meta":[],"yoast_head":"<!-- This site is optimized with the Yoast SEO plugin v15.7 - https:\/\/yoast.com\/wordpress\/plugins\/seo\/ -->\n<meta name=\"robots\" content=\"index, follow, max-snippet:-1, max-image-preview:large, max-video-preview:-1\" \/>\n<link rel=\"canonical\" href=\"https:\/\/www.aac.ac.il\/research-authority\/\u05e8\u05e9\u05d5\u05ea-\u05d4\u05de\u05d7\u05e7\u05e8-\u05d5\u05d4\u05e4\u05e8\u05e1\u05d5\u05de\u05d9\u05dd\/researchers\/dr-mordechai-chaziza\/\" \/>\n<meta property=\"og:locale\" content=\"he_IL\" \/>\n<meta property=\"og:type\" content=\"article\" \/>\n<meta property=\"og:title\" content=\"Dr. Mordechai Chaziza | \u05e8\u05e9\u05d5\u05ea \u05d4\u05de\u05d7\u05e7\u05e8\" \/>\n<meta property=\"og:description\" content=\"Email: motih1308@gmail.comPhone:+972-50 6874 452 Academic position: Senior Lecturer\u00a0in the\u00a0Department of Politics and Government and the\u00a0division of\u00a0Multidisciplinary\u00a0Studies in Social Science Field of expertise: International Relations, Political Science, China, Middle East and Persian Gulf. Major Publications : 1.Mordechai Chaziza (2020\/1). China and the Middle East: Belt and Road Strategy and Diplomatic Partnership. Great Britain: Sussex Academic Press [&hellip;]\" \/>\n<meta property=\"og:url\" content=\"https:\/\/www.aac.ac.il\/research-authority\/\u05e8\u05e9\u05d5\u05ea-\u05d4\u05de\u05d7\u05e7\u05e8-\u05d5\u05d4\u05e4\u05e8\u05e1\u05d5\u05de\u05d9\u05dd\/researchers\/dr-mordechai-chaziza\/\" \/>\n<meta property=\"og:site_name\" content=\"\u05e8\u05e9\u05d5\u05ea \u05d4\u05de\u05d7\u05e7\u05e8\" \/>\n<meta property=\"article:modified_time\" content=\"2020-08-09T09:34:29+00:00\" \/>\n<meta property=\"og:image\" content=\"https:\/\/www.aac.ac.il\/research-authority\/wp-content\/uploads\/sites\/24\/2019\/11\/mordechai.jpg\" \/>\n<meta name=\"twitter:card\" content=\"summary\" \/>\n<meta name=\"twitter:label1\" content=\"\u05d6\u05de\u05df \u05e7\u05e8\u05d9\u05d0\u05d4 \u05de\u05d5\u05e2\u05e8\u05da\">\n\t<meta name=\"twitter:data1\" content=\"2 \u05d3\u05e7\u05d5\u05ea\">\n<script type=\"application\/ld+json\" class=\"yoast-schema-graph\">{\"@context\":\"https:\/\/schema.org\",\"@graph\":[{\"@type\":\"Organization\",\"@id\":\"https:\/\/www.aac.ac.il\/research-authority\/#organization\",\"name\":\"\\u05de\\u05db\\u05dc\\u05dc\\u05ea \\u05d0\\u05e9\\u05e7\\u05dc\\u05d5\\u05df\",\"url\":\"https:\/\/www.aac.ac.il\/research-authority\/\",\"sameAs\":[],\"logo\":{\"@type\":\"ImageObject\",\"@id\":\"https:\/\/www.aac.ac.il\/research-authority\/#logo\",\"inLanguage\":\"he-IL\",\"url\":\"\",\"caption\":\"\\u05de\\u05db\\u05dc\\u05dc\\u05ea \\u05d0\\u05e9\\u05e7\\u05dc\\u05d5\\u05df\"},\"image\":{\"@id\":\"https:\/\/www.aac.ac.il\/research-authority\/#logo\"}},{\"@type\":\"WebSite\",\"@id\":\"https:\/\/www.aac.ac.il\/research-authority\/#website\",\"url\":\"https:\/\/www.aac.ac.il\/research-authority\/\",\"name\":\"\\u05e8\\u05e9\\u05d5\\u05ea \\u05d4\\u05de\\u05d7\\u05e7\\u05e8\",\"description\":\"\\u05e8\\u05e9\\u05d5\\u05ea \\u05d4\\u05de\\u05d7\\u05e7\\u05e8 \\u05de\\u05db\\u05dc\\u05dc\\u05ea \\u05d0\\u05e9\\u05e7\\u05dc\\u05d5\\u05df\",\"publisher\":{\"@id\":\"https:\/\/www.aac.ac.il\/research-authority\/#organization\"},\"potentialAction\":[{\"@type\":\"SearchAction\",\"target\":\"https:\/\/www.aac.ac.il\/research-authority\/?s={search_term_string}\",\"query-input\":\"required name=search_term_string\"}],\"inLanguage\":\"he-IL\"},{\"@type\":\"ImageObject\",\"@id\":\"https:\/\/www.aac.ac.il\/research-authority\/%d7%a8%d7%a9%d7%95%d7%aa-%d7%94%d7%9e%d7%97%d7%a7%d7%a8-%d7%95%d7%94%d7%a4%d7%a8%d7%a1%d7%95%d7%9e%d7%99%d7%9d\/researchers\/dr-mordechai-chaziza\/#primaryimage\",\"inLanguage\":\"he-IL\",\"url\":\"https:\/\/www.aac.ac.il\/research-authority\/wp-content\/uploads\/sites\/24\/2019\/11\/mordechai.jpg\",\"width\":146,\"height\":172},{\"@type\":\"WebPage\",\"@id\":\"https:\/\/www.aac.ac.il\/research-authority\/%d7%a8%d7%a9%d7%95%d7%aa-%d7%94%d7%9e%d7%97%d7%a7%d7%a8-%d7%95%d7%94%d7%a4%d7%a8%d7%a1%d7%95%d7%9e%d7%99%d7%9d\/researchers\/dr-mordechai-chaziza\/#webpage\",\"url\":\"https:\/\/www.aac.ac.il\/research-authority\/%d7%a8%d7%a9%d7%95%d7%aa-%d7%94%d7%9e%d7%97%d7%a7%d7%a8-%d7%95%d7%94%d7%a4%d7%a8%d7%a1%d7%95%d7%9e%d7%99%d7%9d\/researchers\/dr-mordechai-chaziza\/\",\"name\":\"Dr. Mordechai Chaziza | \\u05e8\\u05e9\\u05d5\\u05ea \\u05d4\\u05de\\u05d7\\u05e7\\u05e8\",\"isPartOf\":{\"@id\":\"https:\/\/www.aac.ac.il\/research-authority\/#website\"},\"primaryImageOfPage\":{\"@id\":\"https:\/\/www.aac.ac.il\/research-authority\/%d7%a8%d7%a9%d7%95%d7%aa-%d7%94%d7%9e%d7%97%d7%a7%d7%a8-%d7%95%d7%94%d7%a4%d7%a8%d7%a1%d7%95%d7%9e%d7%99%d7%9d\/researchers\/dr-mordechai-chaziza\/#primaryimage\"},\"datePublished\":\"2019-11-17T12:18:48+00:00\",\"dateModified\":\"2020-08-09T09:34:29+00:00\",\"breadcrumb\":{\"@id\":\"https:\/\/www.aac.ac.il\/research-authority\/%d7%a8%d7%a9%d7%95%d7%aa-%d7%94%d7%9e%d7%97%d7%a7%d7%a8-%d7%95%d7%94%d7%a4%d7%a8%d7%a1%d7%95%d7%9e%d7%99%d7%9d\/researchers\/dr-mordechai-chaziza\/#breadcrumb\"},\"inLanguage\":\"he-IL\",\"potentialAction\":[{\"@type\":\"ReadAction\",\"target\":[\"https:\/\/www.aac.ac.il\/research-authority\/%d7%a8%d7%a9%d7%95%d7%aa-%d7%94%d7%9e%d7%97%d7%a7%d7%a8-%d7%95%d7%94%d7%a4%d7%a8%d7%a1%d7%95%d7%9e%d7%99%d7%9d\/researchers\/dr-mordechai-chaziza\/\"]}]},{\"@type\":\"BreadcrumbList\",\"@id\":\"https:\/\/www.aac.ac.il\/research-authority\/%d7%a8%d7%a9%d7%95%d7%aa-%d7%94%d7%9e%d7%97%d7%a7%d7%a8-%d7%95%d7%94%d7%a4%d7%a8%d7%a1%d7%95%d7%9e%d7%99%d7%9d\/researchers\/dr-mordechai-chaziza\/#breadcrumb\",\"itemListElement\":[{\"@type\":\"ListItem\",\"position\":1,\"item\":{\"@type\":\"WebPage\",\"@id\":\"https:\/\/www.aac.ac.il\/\",\"url\":\"https:\/\/www.aac.ac.il\/\",\"name\":\"\\u05d4\\u05de\\u05db\\u05dc\\u05dc\\u05d4 \\u05d4\\u05d0\\u05e7\\u05d3\\u05de\\u05d9\\u05ea \\u05d0\\u05e9\\u05e7\\u05dc\\u05d5\\u05df\"}},{\"@type\":\"ListItem\",\"position\":2,\"item\":{\"@type\":\"WebPage\",\"@id\":\"https:\/\/www.aac.ac.il\/research-authority\/\",\"url\":\"https:\/\/www.aac.ac.il\/research-authority\/\",\"name\":\"\\u05e8\\u05e9\\u05d5\\u05ea \\u05d4\\u05de\\u05d7\\u05e7\\u05e8 \\u05d5\\u05d4\\u05e4\\u05e8\\u05e1\\u05d5\\u05de\\u05d9\\u05dd\"}},{\"@type\":\"ListItem\",\"position\":3,\"item\":{\"@type\":\"WebPage\",\"@id\":\"https:\/\/www.aac.ac.il\/research-authority\/\",\"url\":\"https:\/\/www.aac.ac.il\/research-authority\/\",\"name\":\"\\u05e8\\u05e9\\u05d5\\u05ea \\u05d4\\u05de\\u05d7\\u05e7\\u05e8 \\u05d5\\u05d4\\u05e4\\u05e8\\u05e1\\u05d5\\u05de\\u05d9\\u05dd\"}},{\"@type\":\"ListItem\",\"position\":4,\"item\":{\"@type\":\"WebPage\",\"@id\":\"https:\/\/www.aac.ac.il\/research-authority\/%d7%a8%d7%a9%d7%95%d7%aa-%d7%94%d7%9e%d7%97%d7%a7%d7%a8-%d7%95%d7%94%d7%a4%d7%a8%d7%a1%d7%95%d7%9e%d7%99%d7%9d\/researchers\/\",\"url\":\"https:\/\/www.aac.ac.il\/research-authority\/%d7%a8%d7%a9%d7%95%d7%aa-%d7%94%d7%9e%d7%97%d7%a7%d7%a8-%d7%95%d7%94%d7%a4%d7%a8%d7%a1%d7%95%d7%9e%d7%99%d7%9d\/researchers\/\",\"name\":\"Researchers\"}},{\"@type\":\"ListItem\",\"position\":5,\"item\":{\"@type\":\"WebPage\",\"@id\":\"https:\/\/www.aac.ac.il\/research-authority\/%d7%a8%d7%a9%d7%95%d7%aa-%d7%94%d7%9e%d7%97%d7%a7%d7%a8-%d7%95%d7%94%d7%a4%d7%a8%d7%a1%d7%95%d7%9e%d7%99%d7%9d\/researchers\/dr-mordechai-chaziza\/\",\"url\":\"https:\/\/www.aac.ac.il\/research-authority\/%d7%a8%d7%a9%d7%95%d7%aa-%d7%94%d7%9e%d7%97%d7%a7%d7%a8-%d7%95%d7%94%d7%a4%d7%a8%d7%a1%d7%95%d7%9e%d7%99%d7%9d\/researchers\/dr-mordechai-chaziza\/\",\"name\":\"Dr. Mordechai Chaziza\"}}]}]}<\/script>\n<!-- \/ Yoast SEO plugin. -->","_links":{"self":[{"href":"https:\/\/www.aac.ac.il\/research-authority\/wp-json\/wp\/v2\/pages\/257"}],"collection":[{"href":"https:\/\/www.aac.ac.il\/research-authority\/wp-json\/wp\/v2\/pages"}],"about":[{"href":"https:\/\/www.aac.ac.il\/research-authority\/wp-json\/wp\/v2\/types\/page"}],"author":[{"embeddable":true,"href":"https:\/\/www.aac.ac.il\/research-authority\/wp-json\/wp\/v2\/users\/4"}],"replies":[{"embeddable":true,"href":"https:\/\/www.aac.ac.il\/research-authority\/wp-json\/wp\/v2\/comments?post=257"}],"version-history":[{"count":0,"href":"https:\/\/www.aac.ac.il\/research-authority\/wp-json\/wp\/v2\/pages\/257\/revisions"}],"up":[{"embeddable":true,"href":"https:\/\/www.aac.ac.il\/research-authority\/wp-json\/wp\/v2\/pages\/179"}],"wp:attachment":[{"href":"https:\/\/www.aac.ac.il\/research-authority\/wp-json\/wp\/v2\/media?parent=257"}],"curies":[{"name":"wp","href":"https:\/\/api.w.org\/{rel}","templated":true}]}}